{"id":4235,"date":"2025-10-20T09:15:47","date_gmt":"2025-10-20T09:15:47","guid":{"rendered":"https:\/\/www.hcrma.net\/proyectos\/"},"modified":"2026-02-04T09:17:30","modified_gmt":"2026-02-04T09:17:30","slug":"proyectos","status":"publish","type":"page","link":"https:\/\/www.hcrma.net\/es\/proyectos\/","title":{"rendered":"Proyectos"},"content":{"rendered":"<div class=\"wpb-content-wrapper\"><p>[vc_section css=&#8221;.vc_custom_1761051972648{background-image: url(https:\/\/www.hcrma.net\/wp-content\/uploads\/2025\/09\/login-section_0-bg-img.png?id=289) !important;}&#8221; el_id=&#8221;section-hero&#8221;][vc_row content_placement=&#8221;middle&#8221; el_class=&#8221;row no-padding-vc&#8221;][vc_column el_class=&#8221;columns large-12&#8243;][vc_empty_space height=&#8221;30px&#8221; el_class=&#8221;hide-for-large&#8221;][vc_empty_space height=&#8221;60px&#8221; el_class=&#8221;show-for-large&#8221;][vc_column_text css=&#8221;&#8221;]<\/p>\n<h1 class=\"alt-white font-weight-bold\">Proyectos<\/h1>\n<p>[\/vc_column_text][vc_empty_space height=&#8221;60px&#8221; el_class=&#8221;show-for-large&#8221;][vc_empty_space height=&#8221;30px&#8221; el_class=&#8221;hide-for-large&#8221;][\/vc_column][\/vc_row][\/vc_section][vc_section css=&#8221;.vc_custom_1760953568744{background-color: #FFFFFF !important;}&#8221; el_id=&#8221;projects-section_1&#8243;][vc_row el_class=&#8221;row no-padding-vc align-center&#8221;][vc_column][vc_empty_space height=&#8221;30px&#8221; el_class=&#8221;hide-for-large&#8221;][vc_empty_space height=&#8221;60px&#8221; el_class=&#8221;show-for-large&#8221;][vc_row_inner el_class=&#8221;row no-padding-vc align-center&#8221;][vc_column_inner el_class=&#8221;columns large-10 small-12 text-center&#8221;][vc_column_text css=&#8221;&#8221; el_class=&#8221;text-center&#8221;]<\/p>\n<h2 class=\"font-color-header-color margin-bottom-2rem font-weight-bold\">Nuestros proyectos activos<\/h2>\n<p class=\"extra-big\">La Autoridad de Movilidad Regional del Condado de Hidalgo (HCRMA) desarrolla proyectos que reducen la congesti\u00f3n, mejoran la seguridad y ampl\u00edan las carreteras para respaldar el crecimiento futuro. Estos esfuerzos garantizan que el sistema de transporte del Condado de Hidalgo satisfaga las necesidades tanto de los residentes como de las empresas. <\/p>\n<p>[\/vc_column_text][\/vc_column_inner][\/vc_row_inner][vc_empty_space height=&#8221;60px&#8221; el_class=&#8221;show-for-large&#8221;][vc_empty_space height=&#8221;30px&#8221; el_class=&#8221;hide-for-large&#8221;][vc_row_inner el_class=&#8221;row no-padding-vc margin-0&#8243;][vc_column_inner][vc_column_text css=&#8221;&#8221;]<\/p>\n<div class=\"horizontal-card\">\n<div class=\"card-image\"><img decoding=\"async\" src=\"\/wp-content\/uploads\/2025\/09\/strategic-planning-section_1-img_1.png\" alt=\"Proyecto de carretera\"><\/div>\n<div class=\"card-content\">\n<div class=\"status-banner margin-bottom-1rem\">En curso<\/div>\n<h5 class=\"font-weight-bold\">Fase II (Segmentos 1 y 2)<\/h5>\n<p>Un corredor de acceso controlado de 28 km que conecta la FM 1016 con la US 281. Una vez abierto, desviar\u00e1 los camiones pesados de las calles de la ciudad y reducir\u00e1 los viajes interurbanos hasta en 25 minutos. Las primeras v\u00edas est\u00e1 previsto que se abran en 2026.  <\/p>\n<div class=\"row margin-bottom-2rem\">\n<div class=\"columns large-6 small-12\">\n<p class=\"alt-primary\">Finalizaci\u00f3n prevista<\/p>\n<p class=\"font-weight-bold\">2027<\/p>\n<\/div>\n<div class=\"columns large-6 small-12\">\n<p class=\"alt-primary\">Inversi\u00f3n<\/p>\n<p class=\"font-weight-bold\">En curso<\/p>\n<\/div>\n<\/div>\n<p><a class=\"button primary font-weight-bold uc margin-top-1point5rem w-100\" href=\"https:\/\/www.hcrma.net\/es\/proyectos\/autopista-365-segmentos-1-y-2\/\">M\u00e1s informaci\u00f3n sobre este proyecto<\/a><\/div>\n<\/div>\n<p>[\/vc_column_text][\/vc_column_inner][\/vc_row_inner][vc_empty_space height=&#8221;60px&#8221; el_class=&#8221;show-for-large&#8221;][vc_empty_space height=&#8221;30px&#8221; el_class=&#8221;hide-for-large&#8221;][\/vc_column][\/vc_row][\/vc_section][vc_section css=&#8221;.vc_custom_1760953582548{background-color: #FFFFFF !important;}&#8221; el_id=&#8221;projects-section_2&#8243;][vc_row][vc_column][vc_empty_space height=&#8221;30px&#8221; el_class=&#8221;hide-for-large&#8221;][vc_empty_space height=&#8221;60px&#8221; el_class=&#8221;show-for-large&#8221;][vc_row_inner el_class=&#8221;row no-padding-vc align-center&#8221;][vc_column_inner el_class=&#8221;columns large-10 small-12 text-center&#8221;][vc_column_text css=&#8221;&#8221; el_class=&#8221;text-center&#8221;]<\/p>\n<h2 class=\"font-color-header-color margin-bottom-2rem font-weight-bold\">Proyectos terminados<\/h2>\n<p>[\/vc_column_text][\/vc_column_inner][\/vc_row_inner][vc_empty_space height=&#8221;60px&#8221; el_class=&#8221;show-for-large&#8221;][vc_empty_space height=&#8221;30px&#8221; el_class=&#8221;hide-for-large&#8221;][vc_row_inner el_class=&#8221;row no-padding-vc&#8221;][vc_column_inner][vc_column_text css=&#8221;&#8221;]<\/p>\n<div class=\"horizontal-card\">\n<div class=\"card-image\"><img decoding=\"async\" src=\"\/wp-content\/uploads\/2025\/10\/IBTC.png\" alt=\"Proyecto de carretera\"><\/div>\n<div class=\"card-content\">\n<div class=\"status-banner margin-bottom-1rem\">Fase de ingenier\u00eda preliminar completada<\/div>\n<h5 class=\"font-weight-bold\">Corredor comercial del puente internacional (IBTC) \/ SH 68<\/h5>\n<p>La HCRMA, en colaboraci\u00f3n con el distrito de TxDOT Pharr, construir\u00e1 una carretera de 21,16 km que mejorar\u00e1 la movilidad regional al proporcionar una conexi\u00f3n directa para personas y mercanc\u00edas que viajan desde los puertos de entrada internacionales hacia el norte hasta la I-2 entre la US 281 y la FM 493. El proyecto pasar\u00e1 por las ciudades de Pharr, \u00c1lamo y Donna, lo que requerir\u00e1 el uso del derecho de paso existente, as\u00ed como terrenos y servidumbres adicionales. <\/p>\n<div class=\"row margin-bottom-2rem\">\n<div class=\"columns large-6 small-12\">\n<p class=\"alt-primary\">Completado<\/p>\n<p class=\"font-weight-bold\">2025<\/p>\n<\/div>\n<div class=\"columns large-6 small-12\">\n<p class=\"alt-primary\">Inversi\u00f3n<\/p>\n<p class=\"font-weight-bold\">$16 millones<\/p>\n<\/div>\n<\/div>\n<p><a class=\"button primary font-weight-bold uc margin-top-1point5rem w-100\" href=\"https:\/\/www.hcrma.net\/es\/proyectos\/corredor-comercial-del-puente-internacional-ibtc-sh-68\/\">M\u00e1s informaci\u00f3n sobre este proyecto<\/a><\/div>\n<\/div>\n<p>[\/vc_column_text][vc_empty_space height=&#8221;60px&#8221; el_class=&#8221;show-for-large&#8221;][vc_empty_space height=&#8221;30px&#8221; el_class=&#8221;hide-for-large&#8221;][vc_column_text css=&#8221;&#8221;]<\/p>\n<div class=\"horizontal-card\">\n<div class=\"card-image\"><img decoding=\"async\" src=\"\/wp-content\/uploads\/2025\/10\/US-281-BSIF.png\" alt=\"Proyecto de carretera\"><\/div>\n<div class=\"card-content\">\n<div class=\"status-banner margin-bottom-1rem\">Completo<\/div>\n<h5 class=\"font-weight-bold\">Conector US 281\/BSIF<\/h5>\n<h6>Segmento 3 de la autopista de peaje 365<\/h6>\n<p>Una carretera sin peaje a lo largo de la US 281 (Military Highway) desde 0,72 km al este de la SP 600 hasta la FM 2557 (Stewart Road). Incluye un nuevo intercambiador a distinto nivel en la SH 35 y la US 281, as\u00ed como un conector sin peaje de 1,12 km desde la US 281 (Military Highway) hasta la SP 29 (Veterans Boulevard). <\/p>\n<div class=\"row margin-bottom-2rem\">\n<div class=\"columns large-6 small-12\">\n<p class=\"alt-primary\">Completado<\/p>\n<p class=\"font-weight-bold\">2018<\/p>\n<\/div>\n<div class=\"columns large-6 small-12\">\n<p class=\"alt-primary\">Inversi\u00f3n<\/p>\n<p class=\"font-weight-bold\">$21 millones<\/p>\n<\/div>\n<\/div>\n<p><a class=\"button primary font-weight-bold uc margin-top-1point5rem w-100\" href=\"https:\/\/www.hcrma.net\/es\/proyectos\/conector-us-281-bsif\/\">M\u00e1s informaci\u00f3n sobre este proyecto<\/a><\/div>\n<\/div>\n<p>[\/vc_column_text][\/vc_column_inner][\/vc_row_inner][vc_empty_space height=&#8221;60px&#8221; el_class=&#8221;show-for-large&#8221;][vc_empty_space height=&#8221;30px&#8221; el_class=&#8221;hide-for-large&#8221;][\/vc_column][\/vc_row][\/vc_section]<\/p>\n<\/div>","protected":false},"excerpt":{"rendered":"<p>[vc_section css=&#8221;.vc_custom_1761051972648{background-image: url(https:\/\/www.hcrma.net\/wp-content\/uploads\/2025\/09\/login-section_0-bg-img.png?id=289) !important;}&#8221; el_id=&#8221;section-hero&#8221;][vc_row content_placement=&#8221;middle&#8221; el_class=&#8221;row no-padding-vc&#8221;][vc_column el_class=&#8221;columns large-12&#8243;][vc_empty_space height=&#8221;30px&#8221; el_class=&#8221;hide-for-large&#8221;][vc_empty_space height=&#8221;60px&#8221; el_class=&#8221;show-for-large&#8221;][vc_column_text css=&#8221;&#8221;] Proyectos [\/vc_column_text][vc_empty_space height=&#8221;60px&#8221; el_class=&#8221;show-for-large&#8221;][vc_empty_space height=&#8221;30px&#8221; el_class=&#8221;hide-for-large&#8221;][\/vc_column][\/vc_row][\/vc_section][vc_section css=&#8221;.vc_custom_1760953568744{background-color: #FFFFFF !important;}&#8221; el_id=&#8221;projects-section_1&#8243;][vc_row el_class=&#8221;row no-padding-vc align-center&#8221;][vc_column][vc_empty_space height=&#8221;30px&#8221; el_class=&#8221;hide-for-large&#8221;][vc_empty_space height=&#8221;60px&#8221; el_class=&#8221;show-for-large&#8221;][vc_row_inner el_class=&#8221;row no-padding-vc align-center&#8221;][vc_column_inner el_class=&#8221;columns large-10 small-12 text-center&#8221;][vc_column_text css=&#8221;&#8221; el_class=&#8221;text-center&#8221;] Nuestros proyectos activos La Autoridad de Movilidad Regional del Condado de Hidalgo (HCRMA) desarrolla<a class=\"excerpt-read-more\" href=\"https:\/\/www.hcrma.net\/es\/proyectos\/\" title=\"ReadProyectos\">&#8230; Read more &raquo;<\/a><\/p>\n","protected":false},"author":1,"featured_media":0,"parent":0,"menu_order":0,"comment_status":"closed","ping_status":"closed","template":"template-visual-builder.php","meta":{"_acf_changed":false,"footnotes":""},"class_list":["post-4235","page","type-page","status-publish","hentry"],"acf":[],"yoast_head":"<!-- This site is optimized with the Yoast SEO plugin v27.2 - https:\/\/yoast.com\/product\/yoast-seo-wordpress\/ -->\n<title>Proyectos - Hidalgo County Regional Mobility Authority<\/title>\n<meta name=\"robots\" content=\"index, follow, max-snippet:-1, max-image-preview:large, max-video-preview:-1\" \/>\n<link rel=\"canonical\" href=\"https:\/\/www.hcrma.net\/es\/proyectos\/\" \/>\n<meta property=\"og:locale\" content=\"es_ES\" \/>\n<meta property=\"og:type\" content=\"article\" \/>\n<meta property=\"og:title\" content=\"Proyectos - Hidalgo County Regional Mobility Authority\" \/>\n<meta property=\"og:description\" content=\"[vc_section css=&#8221;.vc_custom_1761051972648{background-image: url(https:\/\/www.hcrma.net\/wp-content\/uploads\/2025\/09\/login-section_0-bg-img.png?id=289) !important;}&#8221; el_id=&#8221;section-hero&#8221;][vc_row content_placement=&#8221;middle&#8221; el_class=&#8221;row no-padding-vc&#8221;][vc_column el_class=&#8221;columns large-12&#8243;][vc_empty_space height=&#8221;30px&#8221; el_class=&#8221;hide-for-large&#8221;][vc_empty_space height=&#8221;60px&#8221; el_class=&#8221;show-for-large&#8221;][vc_column_text css=&#8221;&#8221;] Proyectos [\/vc_column_text][vc_empty_space height=&#8221;60px&#8221; el_class=&#8221;show-for-large&#8221;][vc_empty_space height=&#8221;30px&#8221; el_class=&#8221;hide-for-large&#8221;][\/vc_column][\/vc_row][\/vc_section][vc_section css=&#8221;.vc_custom_1760953568744{background-color: #FFFFFF !important;}&#8221; el_id=&#8221;projects-section_1&#8243;][vc_row el_class=&#8221;row no-padding-vc align-center&#8221;][vc_column][vc_empty_space height=&#8221;30px&#8221; el_class=&#8221;hide-for-large&#8221;][vc_empty_space height=&#8221;60px&#8221; el_class=&#8221;show-for-large&#8221;][vc_row_inner el_class=&#8221;row no-padding-vc align-center&#8221;][vc_column_inner el_class=&#8221;columns large-10 small-12 text-center&#8221;][vc_column_text css=&#8221;&#8221; el_class=&#8221;text-center&#8221;] Nuestros proyectos activos La Autoridad de Movilidad Regional del Condado de Hidalgo (HCRMA) desarrolla... Read more &raquo;\" \/>\n<meta property=\"og:url\" content=\"https:\/\/www.hcrma.net\/es\/proyectos\/\" \/>\n<meta property=\"og:site_name\" content=\"Hidalgo County Regional Mobility Authority\" \/>\n<meta property=\"article:modified_time\" content=\"2026-02-04T09:17:30+00:00\" \/>\n<meta name=\"twitter:card\" content=\"summary_large_image\" \/>\n<meta name=\"twitter:label1\" content=\"Est. reading time\" \/>\n\t<meta name=\"twitter:data1\" content=\"3 minutes\" \/>\n<script type=\"application\/ld+json\" class=\"yoast-schema-graph\">{\"@context\":\"https:\/\/schema.org\",\"@graph\":[{\"@type\":\"WebPage\",\"@id\":\"https:\/\/www.hcrma.net\/es\/proyectos\/\",\"url\":\"https:\/\/www.hcrma.net\/es\/proyectos\/\",\"name\":\"Proyectos - Hidalgo County Regional Mobility Authority\",\"isPartOf\":{\"@id\":\"https:\/\/www.hcrma.net\/#website\"},\"datePublished\":\"2025-10-20T09:15:47+00:00\",\"dateModified\":\"2026-02-04T09:17:30+00:00\",\"breadcrumb\":{\"@id\":\"https:\/\/www.hcrma.net\/es\/proyectos\/#breadcrumb\"},\"inLanguage\":\"es-ES\",\"potentialAction\":[{\"@type\":\"ReadAction\",\"target\":[\"https:\/\/www.hcrma.net\/es\/proyectos\/\"]}]},{\"@type\":\"BreadcrumbList\",\"@id\":\"https:\/\/www.hcrma.net\/es\/proyectos\/#breadcrumb\",\"itemListElement\":[{\"@type\":\"ListItem\",\"position\":1,\"name\":\"Home\",\"item\":\"https:\/\/www.hcrma.net\/es\/inicio\/\"},{\"@type\":\"ListItem\",\"position\":2,\"name\":\"Proyectos\"}]},{\"@type\":\"WebSite\",\"@id\":\"https:\/\/www.hcrma.net\/#website\",\"url\":\"https:\/\/www.hcrma.net\/\",\"name\":\"Hidalgo County Regional Mobility Authority\",\"description\":\"\",\"potentialAction\":[{\"@type\":\"SearchAction\",\"target\":{\"@type\":\"EntryPoint\",\"urlTemplate\":\"https:\/\/www.hcrma.net\/?s={search_term_string}\"},\"query-input\":{\"@type\":\"PropertyValueSpecification\",\"valueRequired\":true,\"valueName\":\"search_term_string\"}}],\"inLanguage\":\"es-ES\"}]}<\/script>\n<!-- \/ Yoast SEO plugin. -->","yoast_head_json":{"title":"Proyectos - Hidalgo County Regional Mobility Authority","robots":{"index":"index","follow":"follow","max-snippet":"max-snippet:-1","max-image-preview":"max-image-preview:large","max-video-preview":"max-video-preview:-1"},"canonical":"https:\/\/www.hcrma.net\/es\/proyectos\/","og_locale":"es_ES","og_type":"article","og_title":"Proyectos - Hidalgo County Regional Mobility Authority","og_description":"[vc_section css=&#8221;.vc_custom_1761051972648{background-image: url(https:\/\/www.hcrma.net\/wp-content\/uploads\/2025\/09\/login-section_0-bg-img.png?id=289) !important;}&#8221; el_id=&#8221;section-hero&#8221;][vc_row content_placement=&#8221;middle&#8221; el_class=&#8221;row no-padding-vc&#8221;][vc_column el_class=&#8221;columns large-12&#8243;][vc_empty_space height=&#8221;30px&#8221; el_class=&#8221;hide-for-large&#8221;][vc_empty_space height=&#8221;60px&#8221; el_class=&#8221;show-for-large&#8221;][vc_column_text css=&#8221;&#8221;] Proyectos [\/vc_column_text][vc_empty_space height=&#8221;60px&#8221; el_class=&#8221;show-for-large&#8221;][vc_empty_space height=&#8221;30px&#8221; el_class=&#8221;hide-for-large&#8221;][\/vc_column][\/vc_row][\/vc_section][vc_section css=&#8221;.vc_custom_1760953568744{background-color: #FFFFFF !important;}&#8221; el_id=&#8221;projects-section_1&#8243;][vc_row el_class=&#8221;row no-padding-vc align-center&#8221;][vc_column][vc_empty_space height=&#8221;30px&#8221; el_class=&#8221;hide-for-large&#8221;][vc_empty_space height=&#8221;60px&#8221; el_class=&#8221;show-for-large&#8221;][vc_row_inner el_class=&#8221;row no-padding-vc align-center&#8221;][vc_column_inner el_class=&#8221;columns large-10 small-12 text-center&#8221;][vc_column_text css=&#8221;&#8221; el_class=&#8221;text-center&#8221;] Nuestros proyectos activos La Autoridad de Movilidad Regional del Condado de Hidalgo (HCRMA) desarrolla... Read more &raquo;","og_url":"https:\/\/www.hcrma.net\/es\/proyectos\/","og_site_name":"Hidalgo County Regional Mobility Authority","article_modified_time":"2026-02-04T09:17:30+00:00","twitter_card":"summary_large_image","twitter_misc":{"Est. reading time":"3 minutes"},"schema":{"@context":"https:\/\/schema.org","@graph":[{"@type":"WebPage","@id":"https:\/\/www.hcrma.net\/es\/proyectos\/","url":"https:\/\/www.hcrma.net\/es\/proyectos\/","name":"Proyectos - Hidalgo County Regional Mobility Authority","isPartOf":{"@id":"https:\/\/www.hcrma.net\/#website"},"datePublished":"2025-10-20T09:15:47+00:00","dateModified":"2026-02-04T09:17:30+00:00","breadcrumb":{"@id":"https:\/\/www.hcrma.net\/es\/proyectos\/#breadcrumb"},"inLanguage":"es-ES","potentialAction":[{"@type":"ReadAction","target":["https:\/\/www.hcrma.net\/es\/proyectos\/"]}]},{"@type":"BreadcrumbList","@id":"https:\/\/www.hcrma.net\/es\/proyectos\/#breadcrumb","itemListElement":[{"@type":"ListItem","position":1,"name":"Home","item":"https:\/\/www.hcrma.net\/es\/inicio\/"},{"@type":"ListItem","position":2,"name":"Proyectos"}]},{"@type":"WebSite","@id":"https:\/\/www.hcrma.net\/#website","url":"https:\/\/www.hcrma.net\/","name":"Hidalgo County Regional Mobility Authority","description":"","potentialAction":[{"@type":"SearchAction","target":{"@type":"EntryPoint","urlTemplate":"https:\/\/www.hcrma.net\/?s={search_term_string}"},"query-input":{"@type":"PropertyValueSpecification","valueRequired":true,"valueName":"search_term_string"}}],"inLanguage":"es-ES"}]}},"_links":{"self":[{"href":"https:\/\/www.hcrma.net\/es\/wp-json\/wp\/v2\/pages\/4235","targetHints":{"allow":["GET"]}}],"collection":[{"href":"https:\/\/www.hcrma.net\/es\/wp-json\/wp\/v2\/pages"}],"about":[{"href":"https:\/\/www.hcrma.net\/es\/wp-json\/wp\/v2\/types\/page"}],"author":[{"embeddable":true,"href":"https:\/\/www.hcrma.net\/es\/wp-json\/wp\/v2\/users\/1"}],"replies":[{"embeddable":true,"href":"https:\/\/www.hcrma.net\/es\/wp-json\/wp\/v2\/comments?post=4235"}],"version-history":[{"count":1,"href":"https:\/\/www.hcrma.net\/es\/wp-json\/wp\/v2\/pages\/4235\/revisions"}],"predecessor-version":[{"id":4236,"href":"https:\/\/www.hcrma.net\/es\/wp-json\/wp\/v2\/pages\/4235\/revisions\/4236"}],"wp:attachment":[{"href":"https:\/\/www.hcrma.net\/es\/wp-json\/wp\/v2\/media?parent=4235"}],"curies":[{"name":"wp","href":"https:\/\/api.w.org\/{rel}","templated":true}]}}