{"id":4180,"date":"2025-09-20T16:29:35","date_gmt":"2025-09-20T16:29:35","guid":{"rendered":"https:\/\/www.hcrma.net\/presupuestos-anuales\/"},"modified":"2026-02-04T09:16:06","modified_gmt":"2026-02-04T09:16:06","slug":"presupuestos-anuales","status":"publish","type":"page","link":"https:\/\/www.hcrma.net\/es\/presupuestos-anuales\/","title":{"rendered":"Presupuestos anuales"},"content":{"rendered":"<div class=\"wpb-content-wrapper\"><p>[vc_section css=&#8221;.vc_custom_1766399037314{background-image: url(https:\/\/www.hcrma.net\/wp-content\/uploads\/2025\/09\/login-section_0-bg-img.png?id=289) !important;}&#8221; el_id=&#8221;section-hero&#8221;][vc_row content_placement=&#8221;middle&#8221; el_class=&#8221;row no-padding-vc&#8221;][vc_column el_class=&#8221;columns large-12&#8243;][vc_empty_space height=&#8221;30px&#8221; el_class=&#8221;hide-for-large&#8221;][vc_empty_space height=&#8221;60px&#8221; el_class=&#8221;show-for-large&#8221;][vc_column_text css=&#8221;&#8221;]<\/p>\n<h1 class=\"alt-white\">Documentos<\/h1>\n<p>[\/vc_column_text][vc_empty_space height=&#8221;60px&#8221; el_class=&#8221;show-for-large&#8221;][vc_empty_space height=&#8221;30px&#8221; el_class=&#8221;hide-for-large&#8221;][\/vc_column][\/vc_row][\/vc_section][vc_section css=&#8221;.vc_custom_1758441120773{background-color: #FFFFFF !important;}&#8221; el_id=&#8221;annual-budget-section_1&#8243;][vc_row][vc_column][vc_empty_space height=&#8221;45px&#8221; el_class=&#8221;hide-for-large&#8221;][vc_empty_space height=&#8221;90px&#8221; el_class=&#8221;show-for-large&#8221;][vc_row_inner el_class=&#8221;row no-padding-vc align-center&#8221;][vc_column_inner el_class=&#8221;columns large-10 small-12 text-center&#8221;][vc_column_text css=&#8221;&#8221;]<\/p>\n<h2 class=\"font-color-header-color margin-bottom-2rem font-weight-bold\">Presupuestos de Operaci\u00f3n y Capital<\/h2>\n<p class=\"extra-big\">La Autoridad de Movilidad Regional del Condado de Hidalgo (HCRMA) publica sus presupuestos anuales de operaci\u00f3n y capital para describir c\u00f3mo se asignan los recursos. El presupuesto de operaci\u00f3n apoya las operaciones en curso, mientras que el presupuesto de capital financia las inversiones en infraestructura a largo plazo. Juntos, aseguran que la Autoridad pueda entregar proyectos que mejoren la movilidad, la seguridad y el crecimiento econ\u00f3mico en toda la regi\u00f3n.  <\/p>\n<p>[\/vc_column_text][\/vc_column_inner][\/vc_row_inner][vc_empty_space height=&#8221;60px&#8221; el_class=&#8221;show-for-large&#8221;][vc_empty_space height=&#8221;30px&#8221; el_class=&#8221;hide-for-large&#8221;][vc_raw_html css=&#8221;&#8221; el_class=&#8221;hide&#8221;]PGRpdiBjbGFzcz0ieWVhci1uYXZpZ2F0aW9uIj4NCiAgPGEgaHJlZj0iIyIgY2xhc3M9InllYXItcHJldiI+4oC5PC9hPg0KICA8YSBocmVmPSIjIiBjbGFzcz0ieWVhciBhY3RpdmUiPjIwMjU8L2E+DQogIDxhIGhyZWY9IiMiPjIwMjQ8L2E+DQogIDxhIGhyZWY9IiMiPjIwMjM8L2E+DQogIDxhIGhyZWY9IiMiPjIwMjI8L2E+DQogIDxhIGhyZWY9IiMiIGNsYXNzPSJ5ZWFyLW5leHQiPuKAujwvYT4NCjwvZGl2Pg0K[\/vc_raw_html][\/vc_column][\/vc_row][vc_row][vc_column][vc_row_inner el_class=&#8221;row no-padding-vc align-center codesm-equalize-content&#8221;][vc_column_inner width=&#8221;1\/4&#8243;][vc_column_text css=&#8221;&#8221; el_class=&#8221;text-center&#8221;]<\/p>\n<div class=\"card-container\" data-equalizer-watch=\"\">\n<div class=\"inner-container\">\n<div class=\"margin-bottom-1point5rem\"><img loading=\"lazy\" decoding=\"async\" class=\"card-img alignnone size-full wp-image-37\" role=\"img\" src=\"\/wp-content\/uploads\/2025\/09\/annual-budget-section_1-image.png\" alt=\"\" width=\"60\" height=\"60\" \/><\/div>\n<div class=\"margin-bottom-1point5rem\">\n<h3 class=\"font-color-header-color font-weight-medium extra-big\">2025 Operating &amp; Capital Budget<\/h3>\n<\/div>\n<\/div>\n<p><a class=\"button primary font-weight-bold uc w-100 margin-bottom-1rem\" href=\"https:\/\/www.hcrma.net\/wp-content\/uploads\/documents\/budget\/2025%20HCRMA%20OPERATING%20AND%20CAPITAL%20BUDGET.pdf\" target=\"_blank\" rel=\"noopener\"><img decoding=\"async\" src=\"\/wp-content\/uploads\/2025\/07\/download.svg\" \/>PDF<\/a><\/p>\n<p><a class=\"button primary font-weight-bold uc w-100 margin-bottom-1rem\" href=\"https:\/\/www.hcrma.net\/wp-content\/uploads\/documents\/budget\/2025%20HCRMA%20FINAL%20BUDGET.xls\" target=\"_blank\" rel=\"noopener\"><img decoding=\"async\" src=\"\/wp-content\/uploads\/2025\/07\/download.svg\" \/>EXCEL<\/a><\/p>\n<\/div>\n<p>[\/vc_column_text][vc_empty_space height=&#8221;30px&#8221; el_class=&#8221;hide-for-large&#8221;][\/vc_column_inner][vc_column_inner width=&#8221;1\/4&#8243;][vc_column_text css=&#8221;&#8221; el_class=&#8221;text-center&#8221;]<\/p>\n<div class=\"card-container\" data-equalizer-watch=\"\">\n<div class=\"inner-container\">\n<div class=\"margin-bottom-1point5rem\"><img loading=\"lazy\" decoding=\"async\" class=\"card-img alignnone size-full wp-image-37\" role=\"img\" src=\"\/wp-content\/uploads\/2025\/09\/annual-budget-section_1-image.png\" alt=\"\" width=\"60\" height=\"60\" \/><\/div>\n<div class=\"margin-bottom-1point5rem\">\n<h3 class=\"font-color-header-color font-weight-medium extra-big\">2024 Operating &amp; Capital Budget<\/h3>\n<\/div>\n<\/div>\n<p><a class=\"button primary font-weight-bold uc w-100 margin-bottom-1rem\" href=\"https:\/\/www.hcrma.net\/wp-content\/uploads\/documents\/budget\/2024%20HCRMA%20OPERATING%20AND%20CAPITAL%20BUDGET.pdf\" target=\"_blank\" rel=\"noopener\"><img decoding=\"async\" src=\"\/wp-content\/uploads\/2025\/07\/download.svg\" \/>PDF<\/a><\/p>\n<p><a class=\"button primary font-weight-bold uc w-100 margin-bottom-1rem\" href=\"https:\/\/www.hcrma.net\/wp-content\/uploads\/documents\/budget\/2024%20HCRMA%20Operating%20and%20Capital%20Budget%20Tables.xls\" target=\"_blank\" rel=\"noopener\"><img decoding=\"async\" src=\"\/wp-content\/uploads\/2025\/07\/download.svg\" \/>EXCEL<\/a><\/p>\n<\/div>\n<p>[\/vc_column_text][vc_empty_space height=&#8221;30px&#8221; el_class=&#8221;hide-for-large&#8221;][\/vc_column_inner][vc_column_inner width=&#8221;1\/4&#8243;][vc_column_text css=&#8221;&#8221; el_class=&#8221;text-center&#8221;]<\/p>\n<div class=\"card-container\" data-equalizer-watch=\"\">\n<div class=\"inner-container\">\n<div class=\"margin-bottom-1point5rem\"><img loading=\"lazy\" decoding=\"async\" class=\"card-img alignnone size-full wp-image-37\" role=\"img\" src=\"\/wp-content\/uploads\/2025\/09\/annual-budget-section_1-image.png\" alt=\"\" width=\"60\" height=\"60\" \/><\/div>\n<div class=\"margin-bottom-1point5rem\">\n<h3 class=\"font-color-header-color font-weight-medium extra-big\">2023 Operating &amp; Capital Budget<\/h3>\n<\/div>\n<\/div>\n<p><a class=\"button primary font-weight-bold uc w-100 margin-bottom-1rem\" href=\"https:\/\/www.hcrma.net\/wp-content\/uploads\/documents\/budget\/2023%20HCRMA%20Operating%20and%20Capital%20Budget.pdf\" target=\"_blank\" rel=\"noopener\"><img decoding=\"async\" src=\"\/wp-content\/uploads\/2025\/07\/download.svg\" \/>PDF<\/a><\/p>\n<p><a class=\"button primary font-weight-bold uc w-100 margin-bottom-1rem\" href=\"https:\/\/www.hcrma.net\/wp-content\/uploads\/documents\/budget\/2023%20HCRMA%20FINAL%20BUDGET%20aa.xls\" target=\"_blank\" rel=\"noopener\"><img decoding=\"async\" src=\"\/wp-content\/uploads\/2025\/07\/download.svg\" \/>EXCEL<\/a><\/p>\n<\/div>\n<p>[\/vc_column_text][vc_empty_space height=&#8221;30px&#8221; el_class=&#8221;hide-for-large&#8221;][\/vc_column_inner][vc_column_inner width=&#8221;1\/4&#8243;][vc_column_text css=&#8221;&#8221; el_class=&#8221;text-center&#8221;]<\/p>\n<div class=\"card-container\" data-equalizer-watch=\"\">\n<div class=\"inner-container\">\n<div class=\"margin-bottom-1point5rem\"><img loading=\"lazy\" decoding=\"async\" class=\"card-img alignnone size-full wp-image-37\" role=\"img\" src=\"\/wp-content\/uploads\/2025\/09\/annual-budget-section_1-image.png\" alt=\"\" width=\"60\" height=\"60\" \/><\/div>\n<div class=\"margin-bottom-1point5rem\">\n<h3 class=\"font-color-header-color font-weight-medium extra-big\">2022 Operating &amp; Capital Budget<\/h3>\n<\/div>\n<\/div>\n<p><a class=\"button primary font-weight-bold uc w-100 margin-bottom-1rem\" href=\"https:\/\/www.hcrma.net\/wp-content\/uploads\/documents\/budget\/2022%20HCRMA%20Operating%20Budget.pdf\" target=\"_blank\" rel=\"noopener\"><img decoding=\"async\" src=\"\/wp-content\/uploads\/2025\/07\/download.svg\" \/>PDF<\/a><\/p>\n<p><a class=\"button primary font-weight-bold uc w-100 margin-bottom-1rem\" href=\"https:\/\/www.hcrma.net\/wp-content\/uploads\/documents\/budget\/2022%20RMA%20Final%20Budget.xls\" target=\"_blank\" rel=\"noopener\"><img decoding=\"async\" src=\"\/wp-content\/uploads\/2025\/07\/download.svg\" \/>EXCEL<\/a><\/p>\n<\/div>\n<p>[\/vc_column_text][\/vc_column_inner][\/vc_row_inner][vc_empty_space height=&#8221;90px&#8221; el_class=&#8221;show-for-large&#8221;][vc_empty_space height=&#8221;45px&#8221; el_class=&#8221;hide-for-large&#8221;][\/vc_column][\/vc_row][\/vc_section][vc_section disable_element=&#8221;yes&#8221; css=&#8221;.vc_custom_1758443207942{background-color: #FFFFFF !important;}&#8221;][vc_row][vc_column][vc_empty_space height=&#8221;45px&#8221; el_class=&#8221;hide-for-large&#8221;][vc_empty_space height=&#8221;90px&#8221; el_class=&#8221;show-for-large&#8221;][vc_row_inner el_class=&#8221;row no-padding-vc align-center&#8221;][vc_column_inner el_class=&#8221;columns large-10 small-12 text-center&#8221;][vc_column_text css=&#8221;&#8221;]<\/p>\n<h2 class=\"font-color-header-color margin-bottom-2rem font-weight-bold\">Presupuestos de Operaci\u00f3n y Capital<\/h2>\n<p class=\"extra-big\">La Autoridad de Movilidad Regional del Condado de Hidalgo (HCRMA) publica sus presupuestos anuales de operaci\u00f3n y capital para describir c\u00f3mo se asignan los recursos. El presupuesto de operaci\u00f3n apoya las operaciones en curso, mientras que el presupuesto de capital financia las inversiones en infraestructura a largo plazo. Juntos, aseguran que la Autoridad pueda entregar proyectos que mejoren la movilidad, la seguridad y el crecimiento econ\u00f3mico en toda la regi\u00f3n.  <\/p>\n<p>[\/vc_column_text][\/vc_column_inner][\/vc_row_inner][\/vc_column][\/vc_row][vc_row][vc_column][vc_empty_space height=&#8221;90px&#8221; el_class=&#8221;show-for-large&#8221;][vc_empty_space height=&#8221;45px&#8221; el_class=&#8221;hide-for-large&#8221;][vc_row_inner el_class=&#8221;row no-padding-vc align-center codesm-equalize-content&#8221;][vc_column_inner][vc_column_text css=&#8221;&#8221; el_class=&#8221;text-center&#8221;]<div id=\"documents-container\" data-category=\"operating-and-capital-budgets\"><p>No documents found for .<\/p><\/div>[\/vc_column_text][vc_empty_space height=&#8221;30px&#8221; el_class=&#8221;hide-for-large&#8221;][\/vc_column_inner][\/vc_row_inner][vc_empty_space height=&#8221;90px&#8221; el_class=&#8221;show-for-large&#8221;][vc_empty_space height=&#8221;45px&#8221; el_class=&#8221;hide-for-large&#8221;][\/vc_column][\/vc_row][\/vc_section]<\/p>\n<\/div>","protected":false},"excerpt":{"rendered":"<p>[vc_section css=&#8221;.vc_custom_1766399037314{background-image: url(https:\/\/www.hcrma.net\/wp-content\/uploads\/2025\/09\/login-section_0-bg-img.png?id=289) !important;}&#8221; el_id=&#8221;section-hero&#8221;][vc_row content_placement=&#8221;middle&#8221; el_class=&#8221;row no-padding-vc&#8221;][vc_column el_class=&#8221;columns large-12&#8243;][vc_empty_space height=&#8221;30px&#8221; el_class=&#8221;hide-for-large&#8221;][vc_empty_space height=&#8221;60px&#8221; el_class=&#8221;show-for-large&#8221;][vc_column_text css=&#8221;&#8221;] Documentos [\/vc_column_text][vc_empty_space height=&#8221;60px&#8221; el_class=&#8221;show-for-large&#8221;][vc_empty_space height=&#8221;30px&#8221; el_class=&#8221;hide-for-large&#8221;][\/vc_column][\/vc_row][\/vc_section][vc_section css=&#8221;.vc_custom_1758441120773{background-color: #FFFFFF !important;}&#8221; el_id=&#8221;annual-budget-section_1&#8243;][vc_row][vc_column][vc_empty_space height=&#8221;45px&#8221; el_class=&#8221;hide-for-large&#8221;][vc_empty_space height=&#8221;90px&#8221; el_class=&#8221;show-for-large&#8221;][vc_row_inner el_class=&#8221;row no-padding-vc align-center&#8221;][vc_column_inner el_class=&#8221;columns large-10 small-12 text-center&#8221;][vc_column_text css=&#8221;&#8221;] Presupuestos de Operaci\u00f3n y Capital La Autoridad de Movilidad Regional del Condado de Hidalgo (HCRMA) publica sus presupuestos<a class=\"excerpt-read-more\" href=\"https:\/\/www.hcrma.net\/es\/presupuestos-anuales\/\" title=\"ReadPresupuestos anuales\">&#8230; Read more &raquo;<\/a><\/p>\n","protected":false},"author":1,"featured_media":0,"parent":0,"menu_order":0,"comment_status":"closed","ping_status":"closed","template":"template-visual-builder.php","meta":{"_acf_changed":false,"footnotes":""},"class_list":["post-4180","page","type-page","status-publish","hentry"],"acf":[],"yoast_head":"<!-- This site is optimized with the Yoast SEO plugin v27.2 - https:\/\/yoast.com\/product\/yoast-seo-wordpress\/ -->\n<title>Presupuestos anuales - Hidalgo County Regional Mobility Authority<\/title>\n<meta name=\"robots\" content=\"index, follow, max-snippet:-1, max-image-preview:large, max-video-preview:-1\" \/>\n<link rel=\"canonical\" href=\"https:\/\/www.hcrma.net\/es\/presupuestos-anuales\/\" \/>\n<meta property=\"og:locale\" content=\"es_ES\" \/>\n<meta property=\"og:type\" content=\"article\" \/>\n<meta property=\"og:title\" content=\"Presupuestos anuales - Hidalgo County Regional Mobility Authority\" \/>\n<meta property=\"og:description\" content=\"[vc_section css=&#8221;.vc_custom_1766399037314{background-image: url(https:\/\/www.hcrma.net\/wp-content\/uploads\/2025\/09\/login-section_0-bg-img.png?id=289) !important;}&#8221; el_id=&#8221;section-hero&#8221;][vc_row content_placement=&#8221;middle&#8221; el_class=&#8221;row no-padding-vc&#8221;][vc_column el_class=&#8221;columns large-12&#8243;][vc_empty_space height=&#8221;30px&#8221; el_class=&#8221;hide-for-large&#8221;][vc_empty_space height=&#8221;60px&#8221; el_class=&#8221;show-for-large&#8221;][vc_column_text css=&#8221;&#8221;] Documentos [\/vc_column_text][vc_empty_space height=&#8221;60px&#8221; el_class=&#8221;show-for-large&#8221;][vc_empty_space height=&#8221;30px&#8221; el_class=&#8221;hide-for-large&#8221;][\/vc_column][\/vc_row][\/vc_section][vc_section css=&#8221;.vc_custom_1758441120773{background-color: #FFFFFF !important;}&#8221; el_id=&#8221;annual-budget-section_1&#8243;][vc_row][vc_column][vc_empty_space height=&#8221;45px&#8221; el_class=&#8221;hide-for-large&#8221;][vc_empty_space height=&#8221;90px&#8221; el_class=&#8221;show-for-large&#8221;][vc_row_inner el_class=&#8221;row no-padding-vc align-center&#8221;][vc_column_inner el_class=&#8221;columns large-10 small-12 text-center&#8221;][vc_column_text css=&#8221;&#8221;] Presupuestos de Operaci\u00f3n y Capital La Autoridad de Movilidad Regional del Condado de Hidalgo (HCRMA) publica sus presupuestos... Read more &raquo;\" \/>\n<meta property=\"og:url\" content=\"https:\/\/www.hcrma.net\/es\/presupuestos-anuales\/\" \/>\n<meta property=\"og:site_name\" content=\"Hidalgo County Regional Mobility Authority\" \/>\n<meta property=\"article:modified_time\" content=\"2026-02-04T09:16:06+00:00\" \/>\n<meta name=\"twitter:card\" content=\"summary_large_image\" \/>\n<meta name=\"twitter:label1\" content=\"Est. reading time\" \/>\n\t<meta name=\"twitter:data1\" content=\"3 minutes\" \/>\n<script type=\"application\/ld+json\" class=\"yoast-schema-graph\">{\"@context\":\"https:\/\/schema.org\",\"@graph\":[{\"@type\":\"WebPage\",\"@id\":\"https:\/\/www.hcrma.net\/es\/presupuestos-anuales\/\",\"url\":\"https:\/\/www.hcrma.net\/es\/presupuestos-anuales\/\",\"name\":\"Presupuestos anuales - Hidalgo County Regional Mobility Authority\",\"isPartOf\":{\"@id\":\"https:\/\/www.hcrma.net\/#website\"},\"datePublished\":\"2025-09-20T16:29:35+00:00\",\"dateModified\":\"2026-02-04T09:16:06+00:00\",\"breadcrumb\":{\"@id\":\"https:\/\/www.hcrma.net\/es\/presupuestos-anuales\/#breadcrumb\"},\"inLanguage\":\"es-ES\",\"potentialAction\":[{\"@type\":\"ReadAction\",\"target\":[\"https:\/\/www.hcrma.net\/es\/presupuestos-anuales\/\"]}]},{\"@type\":\"BreadcrumbList\",\"@id\":\"https:\/\/www.hcrma.net\/es\/presupuestos-anuales\/#breadcrumb\",\"itemListElement\":[{\"@type\":\"ListItem\",\"position\":1,\"name\":\"Home\",\"item\":\"https:\/\/www.hcrma.net\/es\/inicio\/\"},{\"@type\":\"ListItem\",\"position\":2,\"name\":\"Presupuestos anuales\"}]},{\"@type\":\"WebSite\",\"@id\":\"https:\/\/www.hcrma.net\/#website\",\"url\":\"https:\/\/www.hcrma.net\/\",\"name\":\"Hidalgo County Regional Mobility Authority\",\"description\":\"\",\"potentialAction\":[{\"@type\":\"SearchAction\",\"target\":{\"@type\":\"EntryPoint\",\"urlTemplate\":\"https:\/\/www.hcrma.net\/?s={search_term_string}\"},\"query-input\":{\"@type\":\"PropertyValueSpecification\",\"valueRequired\":true,\"valueName\":\"search_term_string\"}}],\"inLanguage\":\"es-ES\"}]}<\/script>\n<!-- \/ Yoast SEO plugin. -->","yoast_head_json":{"title":"Presupuestos anuales - Hidalgo County Regional Mobility Authority","robots":{"index":"index","follow":"follow","max-snippet":"max-snippet:-1","max-image-preview":"max-image-preview:large","max-video-preview":"max-video-preview:-1"},"canonical":"https:\/\/www.hcrma.net\/es\/presupuestos-anuales\/","og_locale":"es_ES","og_type":"article","og_title":"Presupuestos anuales - Hidalgo County Regional Mobility Authority","og_description":"[vc_section css=&#8221;.vc_custom_1766399037314{background-image: url(https:\/\/www.hcrma.net\/wp-content\/uploads\/2025\/09\/login-section_0-bg-img.png?id=289) !important;}&#8221; el_id=&#8221;section-hero&#8221;][vc_row content_placement=&#8221;middle&#8221; el_class=&#8221;row no-padding-vc&#8221;][vc_column el_class=&#8221;columns large-12&#8243;][vc_empty_space height=&#8221;30px&#8221; el_class=&#8221;hide-for-large&#8221;][vc_empty_space height=&#8221;60px&#8221; el_class=&#8221;show-for-large&#8221;][vc_column_text css=&#8221;&#8221;] Documentos [\/vc_column_text][vc_empty_space height=&#8221;60px&#8221; el_class=&#8221;show-for-large&#8221;][vc_empty_space height=&#8221;30px&#8221; el_class=&#8221;hide-for-large&#8221;][\/vc_column][\/vc_row][\/vc_section][vc_section css=&#8221;.vc_custom_1758441120773{background-color: #FFFFFF !important;}&#8221; el_id=&#8221;annual-budget-section_1&#8243;][vc_row][vc_column][vc_empty_space height=&#8221;45px&#8221; el_class=&#8221;hide-for-large&#8221;][vc_empty_space height=&#8221;90px&#8221; el_class=&#8221;show-for-large&#8221;][vc_row_inner el_class=&#8221;row no-padding-vc align-center&#8221;][vc_column_inner el_class=&#8221;columns large-10 small-12 text-center&#8221;][vc_column_text css=&#8221;&#8221;] Presupuestos de Operaci\u00f3n y Capital La Autoridad de Movilidad Regional del Condado de Hidalgo (HCRMA) publica sus presupuestos... Read more &raquo;","og_url":"https:\/\/www.hcrma.net\/es\/presupuestos-anuales\/","og_site_name":"Hidalgo County Regional Mobility Authority","article_modified_time":"2026-02-04T09:16:06+00:00","twitter_card":"summary_large_image","twitter_misc":{"Est. reading time":"3 minutes"},"schema":{"@context":"https:\/\/schema.org","@graph":[{"@type":"WebPage","@id":"https:\/\/www.hcrma.net\/es\/presupuestos-anuales\/","url":"https:\/\/www.hcrma.net\/es\/presupuestos-anuales\/","name":"Presupuestos anuales - Hidalgo County Regional Mobility Authority","isPartOf":{"@id":"https:\/\/www.hcrma.net\/#website"},"datePublished":"2025-09-20T16:29:35+00:00","dateModified":"2026-02-04T09:16:06+00:00","breadcrumb":{"@id":"https:\/\/www.hcrma.net\/es\/presupuestos-anuales\/#breadcrumb"},"inLanguage":"es-ES","potentialAction":[{"@type":"ReadAction","target":["https:\/\/www.hcrma.net\/es\/presupuestos-anuales\/"]}]},{"@type":"BreadcrumbList","@id":"https:\/\/www.hcrma.net\/es\/presupuestos-anuales\/#breadcrumb","itemListElement":[{"@type":"ListItem","position":1,"name":"Home","item":"https:\/\/www.hcrma.net\/es\/inicio\/"},{"@type":"ListItem","position":2,"name":"Presupuestos anuales"}]},{"@type":"WebSite","@id":"https:\/\/www.hcrma.net\/#website","url":"https:\/\/www.hcrma.net\/","name":"Hidalgo County Regional Mobility Authority","description":"","potentialAction":[{"@type":"SearchAction","target":{"@type":"EntryPoint","urlTemplate":"https:\/\/www.hcrma.net\/?s={search_term_string}"},"query-input":{"@type":"PropertyValueSpecification","valueRequired":true,"valueName":"search_term_string"}}],"inLanguage":"es-ES"}]}},"_links":{"self":[{"href":"https:\/\/www.hcrma.net\/es\/wp-json\/wp\/v2\/pages\/4180","targetHints":{"allow":["GET"]}}],"collection":[{"href":"https:\/\/www.hcrma.net\/es\/wp-json\/wp\/v2\/pages"}],"about":[{"href":"https:\/\/www.hcrma.net\/es\/wp-json\/wp\/v2\/types\/page"}],"author":[{"embeddable":true,"href":"https:\/\/www.hcrma.net\/es\/wp-json\/wp\/v2\/users\/1"}],"replies":[{"embeddable":true,"href":"https:\/\/www.hcrma.net\/es\/wp-json\/wp\/v2\/comments?post=4180"}],"version-history":[{"count":4,"href":"https:\/\/www.hcrma.net\/es\/wp-json\/wp\/v2\/pages\/4180\/revisions"}],"predecessor-version":[{"id":4185,"href":"https:\/\/www.hcrma.net\/es\/wp-json\/wp\/v2\/pages\/4180\/revisions\/4185"}],"wp:attachment":[{"href":"https:\/\/www.hcrma.net\/es\/wp-json\/wp\/v2\/media?parent=4180"}],"curies":[{"name":"wp","href":"https:\/\/api.w.org\/{rel}","templated":true}]}}