{"id":4171,"date":"2025-09-25T16:33:41","date_gmt":"2025-09-25T16:33:41","guid":{"rendered":"https:\/\/www.hcrma.net\/descripcion-general\/"},"modified":"2026-03-25T20:11:07","modified_gmt":"2026-03-25T20:11:07","slug":"descripcion-general","status":"publish","type":"page","link":"https:\/\/www.hcrma.net\/es\/descripcion-general\/","title":{"rendered":"Descripci\u00f3n general"},"content":{"rendered":"<div class=\"wpb-content-wrapper\"><p>[vc_section css=&#8221;.vc_custom_1761051993049{background-image: url(https:\/\/www.hcrma.net\/wp-content\/uploads\/2025\/09\/login-section_0-bg-img.png?id=289) !important;}&#8221; el_id=&#8221;section-hero&#8221;][vc_row content_placement=&#8221;middle&#8221; el_class=&#8221;row no-padding-vc&#8221;][vc_column el_class=&#8221;columns large-12&#8243;][vc_empty_space height=&#8221;30px&#8221; el_class=&#8221;hide-for-large&#8221;][vc_empty_space height=&#8221;60px&#8221; el_class=&#8221;show-for-large&#8221;][vc_column_text css=&#8221;&#8221;]<\/p>\n<h1 class=\"alt-white font-weight-bold\">Sobre nosotros<\/h1>\n<p>[\/vc_column_text][vc_empty_space height=&#8221;60px&#8221; el_class=&#8221;show-for-large&#8221;][vc_empty_space height=&#8221;30px&#8221; el_class=&#8221;hide-for-large&#8221;][\/vc_column][\/vc_row][\/vc_section][vc_section css=&#8221;.vc_custom_1758827390051{background-color: #F9FAFB !important;}&#8221; el_id=&#8221;overview-section_1&#8243;][vc_row][vc_column][vc_empty_space height=&#8221;30px&#8221; el_class=&#8221;hide-for-large&#8221;][vc_empty_space height=&#8221;60px&#8221; el_class=&#8221;show-for-large&#8221;][vc_row_inner el_class=&#8221;row no-padding-vc align-center&#8221;][vc_column_inner el_class=&#8221;columns large-5 small-12 large-order-1 text-center large-text-left&#8221; width=&#8221;1\/2&#8243;][vc_column_text css=&#8221;&#8221;]<img decoding=\"async\" class=\"alignnone size-full wp-image-502\" src=\"\/wp-content\/uploads\/2025\/11\/about_section-2_img-1.png\" alt=\"soluciones de movilidad\" \/>[\/vc_column_text][vc_empty_space height=&#8221;30px&#8221; el_class=&#8221;hide-for-large&#8221;][\/vc_column_inner][vc_column_inner el_class=&#8221;columns large-7 small-12 large-order-0 text-center large-text-left&#8221; width=&#8221;1\/2&#8243;][vc_column_text css=&#8221;&#8221;]<\/p>\n<h2 class=\"font-color-header-color margin-bottom-2rem font-weight-bold\">Qui\u00e9nes somos<\/h2>\n<p class=\"big\">La Autoridad Regional de Movilidad del Condado de Hidalgo (HCRMA) es una agencia gubernamental independiente establecida en 2005 por la Comisi\u00f3n de Transporte de Texas y el Tribunal de Comisionados del Condado de Hidalgo para acelerar los proyectos de transporte en el Condado de Hidalgo. Guiada por una junta directiva local, la HCRMA se centra en promover soluciones de movilidad que aborden las necesidades locales, mejoren la calidad de vida y apoyen el crecimiento econ\u00f3mico de los residentes de la regi\u00f3n.<\/p>\n<p>[\/vc_column_text][vc_empty_space height=&#8221;60px&#8221; el_class=&#8221;show-for-large&#8221;][\/vc_column_inner][\/vc_row_inner][vc_empty_space height=&#8221;60px&#8221; el_class=&#8221;show-for-large&#8221;][vc_empty_space height=&#8221;30px&#8221; el_class=&#8221;hide-for-large&#8221;][\/vc_column][\/vc_row][\/vc_section][vc_section el_class=&#8221;bg-secondary&#8221; el_id=&#8221;overview-section_2&#8243;][vc_row][vc_column][vc_empty_space height=&#8221;60px&#8221; el_class=&#8221;show-for-large&#8221;][vc_empty_space height=&#8221;30px&#8221; el_class=&#8221;hide-for-large&#8221;][vc_row_inner content_placement=&#8221;middle&#8221; el_class=&#8221;row no-padding-vc align-center&#8221;][vc_column_inner el_class=&#8221;columns large-6 small-12 text-center large-text-left&#8221; width=&#8221;1\/2&#8243;][vc_column_text css=&#8221;&#8221;]<img decoding=\"async\" class=\"alignnone size-full wp-image-502\" src=\"\/wp-content\/uploads\/2025\/09\/about-us-overview_section_2-img_1.png\" alt=\"Una Autoridad Regional de Movilidad\" \/>[\/vc_column_text][vc_empty_space height=&#8221;30px&#8221; el_class=&#8221;hide-for-large&#8221;][\/vc_column_inner][vc_column_inner el_class=&#8221;columns large-6 small-12 text-center large-text-left&#8221; width=&#8221;1\/2&#8243;][vc_column_text css=&#8221;&#8221;]<\/p>\n<h2 class=\"font-color-white margin-bottom-2rem font-weight-bold\">\u00bfQu\u00e9 es una RMA?<\/h2>\n<p class=\"big font-color-white margin-bottom-1point5rem\">Una Autoridad Regional de Movilidad (RMA) es una autoridad de transporte local que puede construir, operar y mantener carreteras de peaje junto con otros proyectos de transporte. La Legislatura de Texas autoriz\u00f3 la creaci\u00f3n de las RMA en 2001 en virtud del Proyecto de Ley 342 del Senado.<\/p>\n<p class=\"big font-color-white margin-bottom-1point5rem\">Supervisada por una junta directiva de siete miembros, una RMA aporta liderazgo local a los problemas locales que afectan a nuestra red de transporte.<\/p>\n<p class=\"big font-color-white margin-bottom-1point5rem\">Las RMA proporcionan una forma nueva y m\u00e1s flexible de construir mejoras de movilidad cr\u00edticas al permitir el uso de fondos locales para aprovechar los bonos de ingresos.<\/p>\n<p class=\"big font-color-white margin-bottom-1point5rem\">Uno o varios condados pueden formar una RMA para abordar las necesidades de transporte locales m\u00e1s r\u00e1pidamente de lo que ser\u00eda posible con los m\u00e9todos tradicionales, y los ingresos excedentes pueden utilizarse para otros proyectos de transporte en la zona.<\/p>\n<p>[\/vc_column_text][\/vc_column_inner][\/vc_row_inner][vc_empty_space height=&#8221;60px&#8221; el_class=&#8221;show-for-large&#8221;][vc_empty_space height=&#8221;30px&#8221; el_class=&#8221;hide-for-large&#8221;][\/vc_column][\/vc_row][\/vc_section][vc_section el_id=&#8221;overview-section_3&#8243;][vc_row][vc_column][vc_empty_space height=&#8221;30px&#8221; el_class=&#8221;hide-for-large&#8221;][vc_empty_space height=&#8221;60px&#8221; el_class=&#8221;show-for-large&#8221;][vc_row_inner el_class=&#8221;row no-padding-vc align-center&#8221;][vc_column_inner][vc_column_text css=&#8221;&#8221; el_class=&#8221;text-center&#8221;]<\/p>\n<h2 class=\"font-color-header-color margin-bottom-2rem font-weight-bold\">Principios rectores b\u00e1sicos<\/h2>\n<p class=\"big margin-bottom-1point5rem\">La Autoridad Regional de Movilidad del Condado de Hidalgo se dedica a mejorar la infraestructura de transporte que mejora la seguridad, la eficiencia y la calidad de vida de las personas de nuestra regi\u00f3n. Guiados por nuestra misi\u00f3n y visi\u00f3n, nos centramos en ofrecer soluciones de movilidad que apoyen el crecimiento econ\u00f3mico, fomenten la conectividad regional y aborden las necesidades cambiantes de nuestra comunidad.<\/p>\n<p>[\/vc_column_text][vc_empty_space height=&#8221;60px&#8221; el_class=&#8221;show-for-large&#8221;][\/vc_column_inner][\/vc_row_inner][vc_row_inner el_class=&#8221;row no-padding-vc align-center codesm-equalize-content&#8221;][vc_column_inner el_class=&#8221;text-center large-text-left&#8221; width=&#8221;1\/2&#8243;][vc_column_text css=&#8221;&#8221; el_class=&#8221;text-center&#8221;]<\/p>\n<div class=\"gradient-box\" data-equalizer-watch=\"\">\n<h2 class=\"font-color-white margin-bottom-2rem font-weight-bold\">Nuestra misi\u00f3n<\/h2>\n<p class=\"big font-color-white margin-bottom-1point5rem\">Proporcionar a nuestros clientes una alternativa r\u00e1pida y fiable para el movimiento seguro y eficiente de personas, bienes y servicios.<\/p>\n<\/div>\n<p>[\/vc_column_text][vc_empty_space height=&#8221;30px&#8221; el_class=&#8221;hide-for-large&#8221;][\/vc_column_inner][vc_column_inner width=&#8221;1\/2&#8243;][vc_column_text css=&#8221;&#8221; el_class=&#8221;text-center&#8221;]<\/p>\n<div class=\"gradient-box\" data-equalizer-watch=\"\">\n<h2 class=\"font-color-white margin-bottom-2rem font-weight-bold\">Nuestra visi\u00f3n<\/h2>\n<p class=\"big font-color-white margin-bottom-1point5rem\">Ser un socio eficaz en la mejora de la movilidad para mejorar la calidad de vida y la vitalidad econ\u00f3mica de la regi\u00f3n.<\/p>\n<\/div>\n<p>[\/vc_column_text][\/vc_column_inner][\/vc_row_inner][vc_empty_space height=&#8221;30px&#8221; el_class=&#8221;hide-for-large&#8221;][vc_empty_space height=&#8221;60px&#8221; el_class=&#8221;show-for-large&#8221;][\/vc_column][\/vc_row][\/vc_section][vc_section el_id=&#8221;overview-section_4&#8243;][vc_row][vc_column][vc_row_inner el_class=&#8221;row no-padding-vc align-center&#8221;][vc_column_inner el_class=&#8221;text-center large-text-left&#8221;][vc_column_text css=&#8221;&#8221; el_class=&#8221;text-center&#8221;]<\/p>\n<div class=\"gradient-box\">\n<h2 class=\"font-color-white margin-bottom-2rem font-weight-bold\">Nuestros objetivos<\/h2>\n<div class=\"row\">\n<div class=\"columns large-6 small-12\">\n<ul class=\"text-left checked-list font-color-white\">\n<li>Proporcionar una experiencia de cliente de calidad a trav\u00e9s de la educaci\u00f3n, la comunicaci\u00f3n y una excelente prestaci\u00f3n de servicios.<\/li>\n<li>Utilizar la tecnolog\u00eda, la innovaci\u00f3n y los conceptos empresariales para agilizar los procesos, centrarse en los resultados y complementar los esfuerzos de otras entidades.<\/li>\n<li>Garantizar la entrega oportuna y eficiente de los proyectos mediante pr\u00e1cticas de gesti\u00f3n s\u00f3lidas.<\/li>\n<\/ul>\n<\/div>\n<div class=\"hide-for-large\" style=\"height: 45px;\"><\/div>\n<div class=\"columns large-6 small-12\">\n<ul class=\"text-left checked-list font-color-white\">\n<li>Buscar un sistema de transporte respetuoso con el medio ambiente.<\/li>\n<li>Colaborar, coordinar y comunicar con otras entidades federales, estatales, regionales y locales en la planificaci\u00f3n de los sistemas de transporte regionales.<\/li>\n<li>Garantizar la responsabilidad y la estabilidad financieras.<\/li>\n<li>Desarrollar y mantener una organizaci\u00f3n que cumpla nuestra misi\u00f3n de forma eficiente y eficaz.<\/li>\n<\/ul>\n<\/div>\n<\/div>\n<\/div>\n<p>[\/vc_column_text][\/vc_column_inner][\/vc_row_inner][vc_empty_space height=&#8221;60px&#8221; el_class=&#8221;show-for-large&#8221;][vc_empty_space height=&#8221;30px&#8221; el_class=&#8221;hide-for-large&#8221;][\/vc_column][\/vc_row][\/vc_section]<\/p>\n<\/div>","protected":false},"excerpt":{"rendered":"<p>[vc_section css=&#8221;.vc_custom_1761051993049{background-image: url(https:\/\/www.hcrma.net\/wp-content\/uploads\/2025\/09\/login-section_0-bg-img.png?id=289) !important;}&#8221; el_id=&#8221;section-hero&#8221;][vc_row content_placement=&#8221;middle&#8221; el_class=&#8221;row no-padding-vc&#8221;][vc_column el_class=&#8221;columns large-12&#8243;][vc_empty_space height=&#8221;30px&#8221; el_class=&#8221;hide-for-large&#8221;][vc_empty_space height=&#8221;60px&#8221; el_class=&#8221;show-for-large&#8221;][vc_column_text css=&#8221;&#8221;] Sobre nosotros [\/vc_column_text][vc_empty_space height=&#8221;60px&#8221; el_class=&#8221;show-for-large&#8221;][vc_empty_space height=&#8221;30px&#8221; el_class=&#8221;hide-for-large&#8221;][\/vc_column][\/vc_row][\/vc_section][vc_section css=&#8221;.vc_custom_1758827390051{background-color: #F9FAFB !important;}&#8221; el_id=&#8221;overview-section_1&#8243;][vc_row][vc_column][vc_empty_space height=&#8221;30px&#8221; el_class=&#8221;hide-for-large&#8221;][vc_empty_space height=&#8221;60px&#8221; el_class=&#8221;show-for-large&#8221;][vc_row_inner el_class=&#8221;row no-padding-vc align-center&#8221;][vc_column_inner el_class=&#8221;columns large-5 small-12 large-order-1 text-center large-text-left&#8221; width=&#8221;1\/2&#8243;][vc_column_text css=&#8221;&#8221;][\/vc_column_text][vc_empty_space height=&#8221;30px&#8221; el_class=&#8221;hide-for-large&#8221;][\/vc_column_inner][vc_column_inner el_class=&#8221;columns large-7 small-12 large-order-0 text-center large-text-left&#8221; width=&#8221;1\/2&#8243;][vc_column_text css=&#8221;&#8221;] Qui\u00e9nes somos La Autoridad<a class=\"excerpt-read-more\" href=\"https:\/\/www.hcrma.net\/es\/descripcion-general\/\" title=\"ReadDescripci\u00f3n general\">&#8230; Read more &raquo;<\/a><\/p>\n","protected":false},"author":1,"featured_media":0,"parent":0,"menu_order":0,"comment_status":"closed","ping_status":"closed","template":"template-visual-builder.php","meta":{"_acf_changed":false,"footnotes":""},"class_list":["post-4171","page","type-page","status-publish","hentry"],"acf":[],"yoast_head":"<!-- This site is optimized with the Yoast SEO plugin v27.2 - https:\/\/yoast.com\/product\/yoast-seo-wordpress\/ -->\n<title>Descripci\u00f3n general - Hidalgo County Regional Mobility Authority<\/title>\n<meta name=\"robots\" content=\"index, follow, max-snippet:-1, max-image-preview:large, max-video-preview:-1\" \/>\n<link rel=\"canonical\" href=\"https:\/\/www.hcrma.net\/es\/descripcion-general\/\" \/>\n<meta property=\"og:locale\" content=\"es_ES\" \/>\n<meta property=\"og:type\" content=\"article\" \/>\n<meta property=\"og:title\" content=\"Descripci\u00f3n general - Hidalgo County Regional Mobility Authority\" \/>\n<meta property=\"og:description\" content=\"[vc_section css=&#8221;.vc_custom_1761051993049{background-image: url(https:\/\/www.hcrma.net\/wp-content\/uploads\/2025\/09\/login-section_0-bg-img.png?id=289) !important;}&#8221; el_id=&#8221;section-hero&#8221;][vc_row content_placement=&#8221;middle&#8221; el_class=&#8221;row no-padding-vc&#8221;][vc_column el_class=&#8221;columns large-12&#8243;][vc_empty_space height=&#8221;30px&#8221; el_class=&#8221;hide-for-large&#8221;][vc_empty_space height=&#8221;60px&#8221; el_class=&#8221;show-for-large&#8221;][vc_column_text css=&#8221;&#8221;] Sobre nosotros [\/vc_column_text][vc_empty_space height=&#8221;60px&#8221; el_class=&#8221;show-for-large&#8221;][vc_empty_space height=&#8221;30px&#8221; el_class=&#8221;hide-for-large&#8221;][\/vc_column][\/vc_row][\/vc_section][vc_section css=&#8221;.vc_custom_1758827390051{background-color: #F9FAFB !important;}&#8221; el_id=&#8221;overview-section_1&#8243;][vc_row][vc_column][vc_empty_space height=&#8221;30px&#8221; el_class=&#8221;hide-for-large&#8221;][vc_empty_space height=&#8221;60px&#8221; el_class=&#8221;show-for-large&#8221;][vc_row_inner el_class=&#8221;row no-padding-vc align-center&#8221;][vc_column_inner el_class=&#8221;columns large-5 small-12 large-order-1 text-center large-text-left&#8221; width=&#8221;1\/2&#8243;][vc_column_text css=&#8221;&#8221;][\/vc_column_text][vc_empty_space height=&#8221;30px&#8221; el_class=&#8221;hide-for-large&#8221;][\/vc_column_inner][vc_column_inner el_class=&#8221;columns large-7 small-12 large-order-0 text-center large-text-left&#8221; width=&#8221;1\/2&#8243;][vc_column_text css=&#8221;&#8221;] Qui\u00e9nes somos La Autoridad... Read more &raquo;\" \/>\n<meta property=\"og:url\" content=\"https:\/\/www.hcrma.net\/es\/descripcion-general\/\" \/>\n<meta property=\"og:site_name\" content=\"Hidalgo County Regional Mobility Authority\" \/>\n<meta property=\"article:modified_time\" content=\"2026-03-25T20:11:07+00:00\" \/>\n<meta name=\"twitter:card\" content=\"summary_large_image\" \/>\n<meta name=\"twitter:label1\" content=\"Est. reading time\" \/>\n\t<meta name=\"twitter:data1\" content=\"3 minutes\" \/>\n<script type=\"application\/ld+json\" class=\"yoast-schema-graph\">{\"@context\":\"https:\/\/schema.org\",\"@graph\":[{\"@type\":\"WebPage\",\"@id\":\"https:\/\/www.hcrma.net\/es\/descripcion-general\/\",\"url\":\"https:\/\/www.hcrma.net\/es\/descripcion-general\/\",\"name\":\"Descripci\u00f3n general - Hidalgo County Regional Mobility Authority\",\"isPartOf\":{\"@id\":\"https:\/\/www.hcrma.net\/#website\"},\"datePublished\":\"2025-09-25T16:33:41+00:00\",\"dateModified\":\"2026-03-25T20:11:07+00:00\",\"breadcrumb\":{\"@id\":\"https:\/\/www.hcrma.net\/es\/descripcion-general\/#breadcrumb\"},\"inLanguage\":\"es-ES\",\"potentialAction\":[{\"@type\":\"ReadAction\",\"target\":[\"https:\/\/www.hcrma.net\/es\/descripcion-general\/\"]}]},{\"@type\":\"BreadcrumbList\",\"@id\":\"https:\/\/www.hcrma.net\/es\/descripcion-general\/#breadcrumb\",\"itemListElement\":[{\"@type\":\"ListItem\",\"position\":1,\"name\":\"Home\",\"item\":\"https:\/\/www.hcrma.net\/es\/inicio\/\"},{\"@type\":\"ListItem\",\"position\":2,\"name\":\"Descripci\u00f3n general\"}]},{\"@type\":\"WebSite\",\"@id\":\"https:\/\/www.hcrma.net\/#website\",\"url\":\"https:\/\/www.hcrma.net\/\",\"name\":\"Hidalgo County Regional Mobility Authority\",\"description\":\"\",\"potentialAction\":[{\"@type\":\"SearchAction\",\"target\":{\"@type\":\"EntryPoint\",\"urlTemplate\":\"https:\/\/www.hcrma.net\/?s={search_term_string}\"},\"query-input\":{\"@type\":\"PropertyValueSpecification\",\"valueRequired\":true,\"valueName\":\"search_term_string\"}}],\"inLanguage\":\"es-ES\"}]}<\/script>\n<!-- \/ Yoast SEO plugin. -->","yoast_head_json":{"title":"Descripci\u00f3n general - Hidalgo County Regional Mobility Authority","robots":{"index":"index","follow":"follow","max-snippet":"max-snippet:-1","max-image-preview":"max-image-preview:large","max-video-preview":"max-video-preview:-1"},"canonical":"https:\/\/www.hcrma.net\/es\/descripcion-general\/","og_locale":"es_ES","og_type":"article","og_title":"Descripci\u00f3n general - Hidalgo County Regional Mobility Authority","og_description":"[vc_section css=&#8221;.vc_custom_1761051993049{background-image: url(https:\/\/www.hcrma.net\/wp-content\/uploads\/2025\/09\/login-section_0-bg-img.png?id=289) !important;}&#8221; el_id=&#8221;section-hero&#8221;][vc_row content_placement=&#8221;middle&#8221; el_class=&#8221;row no-padding-vc&#8221;][vc_column el_class=&#8221;columns large-12&#8243;][vc_empty_space height=&#8221;30px&#8221; el_class=&#8221;hide-for-large&#8221;][vc_empty_space height=&#8221;60px&#8221; el_class=&#8221;show-for-large&#8221;][vc_column_text css=&#8221;&#8221;] Sobre nosotros [\/vc_column_text][vc_empty_space height=&#8221;60px&#8221; el_class=&#8221;show-for-large&#8221;][vc_empty_space height=&#8221;30px&#8221; el_class=&#8221;hide-for-large&#8221;][\/vc_column][\/vc_row][\/vc_section][vc_section css=&#8221;.vc_custom_1758827390051{background-color: #F9FAFB !important;}&#8221; el_id=&#8221;overview-section_1&#8243;][vc_row][vc_column][vc_empty_space height=&#8221;30px&#8221; el_class=&#8221;hide-for-large&#8221;][vc_empty_space height=&#8221;60px&#8221; el_class=&#8221;show-for-large&#8221;][vc_row_inner el_class=&#8221;row no-padding-vc align-center&#8221;][vc_column_inner el_class=&#8221;columns large-5 small-12 large-order-1 text-center large-text-left&#8221; width=&#8221;1\/2&#8243;][vc_column_text css=&#8221;&#8221;][\/vc_column_text][vc_empty_space height=&#8221;30px&#8221; el_class=&#8221;hide-for-large&#8221;][\/vc_column_inner][vc_column_inner el_class=&#8221;columns large-7 small-12 large-order-0 text-center large-text-left&#8221; width=&#8221;1\/2&#8243;][vc_column_text css=&#8221;&#8221;] Qui\u00e9nes somos La Autoridad... Read more &raquo;","og_url":"https:\/\/www.hcrma.net\/es\/descripcion-general\/","og_site_name":"Hidalgo County Regional Mobility Authority","article_modified_time":"2026-03-25T20:11:07+00:00","twitter_card":"summary_large_image","twitter_misc":{"Est. reading time":"3 minutes"},"schema":{"@context":"https:\/\/schema.org","@graph":[{"@type":"WebPage","@id":"https:\/\/www.hcrma.net\/es\/descripcion-general\/","url":"https:\/\/www.hcrma.net\/es\/descripcion-general\/","name":"Descripci\u00f3n general - Hidalgo County Regional Mobility Authority","isPartOf":{"@id":"https:\/\/www.hcrma.net\/#website"},"datePublished":"2025-09-25T16:33:41+00:00","dateModified":"2026-03-25T20:11:07+00:00","breadcrumb":{"@id":"https:\/\/www.hcrma.net\/es\/descripcion-general\/#breadcrumb"},"inLanguage":"es-ES","potentialAction":[{"@type":"ReadAction","target":["https:\/\/www.hcrma.net\/es\/descripcion-general\/"]}]},{"@type":"BreadcrumbList","@id":"https:\/\/www.hcrma.net\/es\/descripcion-general\/#breadcrumb","itemListElement":[{"@type":"ListItem","position":1,"name":"Home","item":"https:\/\/www.hcrma.net\/es\/inicio\/"},{"@type":"ListItem","position":2,"name":"Descripci\u00f3n general"}]},{"@type":"WebSite","@id":"https:\/\/www.hcrma.net\/#website","url":"https:\/\/www.hcrma.net\/","name":"Hidalgo County Regional Mobility Authority","description":"","potentialAction":[{"@type":"SearchAction","target":{"@type":"EntryPoint","urlTemplate":"https:\/\/www.hcrma.net\/?s={search_term_string}"},"query-input":{"@type":"PropertyValueSpecification","valueRequired":true,"valueName":"search_term_string"}}],"inLanguage":"es-ES"}]}},"_links":{"self":[{"href":"https:\/\/www.hcrma.net\/es\/wp-json\/wp\/v2\/pages\/4171","targetHints":{"allow":["GET"]}}],"collection":[{"href":"https:\/\/www.hcrma.net\/es\/wp-json\/wp\/v2\/pages"}],"about":[{"href":"https:\/\/www.hcrma.net\/es\/wp-json\/wp\/v2\/types\/page"}],"author":[{"embeddable":true,"href":"https:\/\/www.hcrma.net\/es\/wp-json\/wp\/v2\/users\/1"}],"replies":[{"embeddable":true,"href":"https:\/\/www.hcrma.net\/es\/wp-json\/wp\/v2\/comments?post=4171"}],"version-history":[{"count":3,"href":"https:\/\/www.hcrma.net\/es\/wp-json\/wp\/v2\/pages\/4171\/revisions"}],"predecessor-version":[{"id":4646,"href":"https:\/\/www.hcrma.net\/es\/wp-json\/wp\/v2\/pages\/4171\/revisions\/4646"}],"wp:attachment":[{"href":"https:\/\/www.hcrma.net\/es\/wp-json\/wp\/v2\/media?parent=4171"}],"curies":[{"name":"wp","href":"https:\/\/api.w.org\/{rel}","templated":true}]}}