{"id":4150,"date":"2025-09-21T09:04:18","date_gmt":"2025-09-21T09:04:18","guid":{"rendered":"https:\/\/www.hcrma.net\/politicas-y-formularios\/"},"modified":"2026-02-04T09:15:57","modified_gmt":"2026-02-04T09:15:57","slug":"politicas-y-formularios","status":"publish","type":"page","link":"https:\/\/www.hcrma.net\/es\/politicas-y-formularios\/","title":{"rendered":"Pol\u00edticas y formularios"},"content":{"rendered":"<div class=\"wpb-content-wrapper\"><p>[vc_section css=&#8221;.vc_custom_1761051824078{background-image: url(https:\/\/www.hcrma.net\/wp-content\/uploads\/2025\/09\/login-section_0-bg-img.png?id=289) !important;}&#8221; el_id=&#8221;section-hero&#8221;][vc_row content_placement=&#8221;middle&#8221; el_class=&#8221;row no-padding-vc&#8221;][vc_column el_class=&#8221;columns large-12&#8243;][vc_empty_space height=&#8221;45px&#8221; el_class=&#8221;hide-for-large&#8221;][vc_empty_space height=&#8221;90px&#8221; el_class=&#8221;show-for-large&#8221;][vc_column_text css=&#8221;&#8221; el_class=&#8221;text-center large-text-left&#8221;]<\/p>\n<h1 class=\"alt-white font-weight-bold\">Documentos<\/h1>\n<p>[\/vc_column_text][vc_empty_space height=&#8221;90px&#8221; el_class=&#8221;show-for-large&#8221;][vc_empty_space height=&#8221;45px&#8221; el_class=&#8221;hide-for-large&#8221;][\/vc_column][\/vc_row][\/vc_section][vc_section css=&#8221;.vc_custom_1758441031136{background-color: #FFFFFF !important;}&#8221; el_id=&#8221;financial-statements-section_1&#8243;][vc_row][vc_column][vc_empty_space height=&#8221;60px&#8221; el_class=&#8221;show-for-large&#8221;][vc_empty_space height=&#8221;30px&#8221; el_class=&#8221;hide-for-large&#8221;][vc_row_inner el_class=&#8221;row no-padding-vc align-center&#8221;][vc_column_inner el_class=&#8221;columns large-10 small-12 text-center&#8221;][vc_column_text css=&#8221;&#8221;]<\/p>\n<h2 class=\"font-color-header-color margin-bottom-2rem font-weight-bold\">Pol\u00edticas administrativas<\/h2>\n<p class=\"extra-big\">La Autoridad de Movilidad Regional del Condado de Hidalgo (HCRMA) publica pol\u00edticas administrativas para garantizar la coherencia, la responsabilidad y la transparencia en sus operaciones. Estas pol\u00edticas describen los procedimientos oficiales, las normas de gobernanza y las directrices \u00e9ticas que dirigen el trabajo y la toma de decisiones de la Autoridad. <\/p>\n<p>[\/vc_column_text][vc_empty_space height=&#8221;60px&#8221; el_class=&#8221;show-for-large&#8221;][vc_empty_space height=&#8221;30px&#8221; el_class=&#8221;hide-for-large&#8221;][\/vc_column_inner][\/vc_row_inner][\/vc_column][\/vc_row][vc_row][vc_column][vc_row_inner el_class=&#8221;row no-padding-vc codesm-equalize-content align-center&#8221;][vc_column_inner width=&#8221;1\/6&#8243;][vc_column_text css=&#8221;&#8221; el_class=&#8221;text-center&#8221;]<\/p>\n<div class=\"card-container\" data-equalizer-watch=\"\">\n<div class=\"margin-bottom-1point5rem\"><img loading=\"lazy\" decoding=\"async\" class=\"card-img alignnone size-full wp-image-37\" role=\"img\" src=\"\/wp-content\/uploads\/2025\/09\/annual-budget-section_1-image.png\" alt=\"\" width=\"60\" height=\"60\" \/><\/div>\n<div class=\"margin-bottom-1point5rem\">\n<div class=\"content\">\n<h3 class=\"font-color-header-color font-weight-medium extra-big\">Access Management Policy<\/h3>\n<\/div>\n<\/div>\n<p><a class=\"button primary font-weight-bold uc w-100 margin-bottom-1rem margin-top-1rem\" href=\"https:\/\/www.hcrma.net\/wp-content\/uploads\/documents\/forms\/Access%20Management%20Policy%20Revised%2008.25.20.pdf\" target=\"_blank\" rel=\"noopener\"><img decoding=\"async\" src=\"\/wp-content\/uploads\/2025\/07\/download.svg\" \/>Access Documents<\/a><\/p>\n<\/div>\n<p>[\/vc_column_text][vc_empty_space height=&#8221;30px&#8221; el_class=&#8221;hide-for-large&#8221;][\/vc_column_inner][vc_column_inner width=&#8221;1\/6&#8243;][vc_column_text css=&#8221;&#8221; el_class=&#8221;text-center&#8221;]<\/p>\n<div class=\"card-container\" data-equalizer-watch=\"\">\n<div class=\"margin-bottom-1point5rem\"><img loading=\"lazy\" decoding=\"async\" class=\"card-img alignnone size-full wp-image-37\" role=\"img\" src=\"\/wp-content\/uploads\/2025\/09\/annual-budget-section_1-image.png\" alt=\"\" width=\"60\" height=\"60\" \/><\/div>\n<div class=\"margin-bottom-1point5rem\">\n<div class=\"content\">\n<h3 class=\"font-color-header-color font-weight-medium extra-big\">Procurement of Goods and Services Policy<\/h3>\n<\/div>\n<\/div>\n<p><a class=\"button primary font-weight-bold uc w-100 margin-bottom-1rem margin-top-1rem\" href=\"https:\/\/www.hcrma.net\/wp-content\/uploads\/documents\/forms\/Procurement%20of%20Goods%20and%20Services%20P%20and%20P%2010.28.25.pdf\" target=\"_blank\" rel=\"noopener\"><img decoding=\"async\" src=\"\/wp-content\/uploads\/2025\/07\/download.svg\" \/>Access Documents<\/a><\/p>\n<\/div>\n<p>[\/vc_column_text][vc_empty_space height=&#8221;30px&#8221; el_class=&#8221;hide-for-large&#8221;][\/vc_column_inner][vc_column_inner width=&#8221;1\/6&#8243;][vc_column_text css=&#8221;&#8221; el_class=&#8221;text-center&#8221;]<\/p>\n<div class=\"card-container\" data-equalizer-watch=\"\">\n<div class=\"margin-bottom-1point5rem\"><img loading=\"lazy\" decoding=\"async\" class=\"card-img alignnone size-full wp-image-37\" role=\"img\" src=\"\/wp-content\/uploads\/2025\/09\/annual-budget-section_1-image.png\" alt=\"\" width=\"60\" height=\"60\" \/><\/div>\n<div class=\"margin-bottom-1point5rem\">\n<div class=\"content\">\n<h3 class=\"font-color-header-color font-weight-medium extra-big\">Conflict of Interest Policy<\/h3>\n<\/div>\n<\/div>\n<p><a class=\"button primary font-weight-bold uc w-100 margin-bottom-1rem margin-top-1rem\" href=\"https:\/\/www.hcrma.net\/wp-content\/uploads\/documents\/forms\/HCRMA_Conflict_Policy.pdf\" target=\"_blank\" rel=\"noopener\"><img decoding=\"async\" src=\"\/wp-content\/uploads\/2025\/07\/download.svg\" \/>Access Documents<\/a><\/p>\n<\/div>\n<p>[\/vc_column_text][vc_empty_space height=&#8221;30px&#8221; el_class=&#8221;hide-for-large&#8221;][\/vc_column_inner][vc_column_inner width=&#8221;1\/6&#8243;][vc_column_text css=&#8221;&#8221; el_class=&#8221;text-center&#8221;]<\/p>\n<div class=\"card-container\" data-equalizer-watch=\"\">\n<div class=\"margin-bottom-1point5rem\"><img loading=\"lazy\" decoding=\"async\" class=\"card-img alignnone size-full wp-image-37\" role=\"img\" src=\"\/wp-content\/uploads\/2025\/09\/annual-budget-section_1-image.png\" alt=\"\" width=\"60\" height=\"60\" \/><\/div>\n<div class=\"margin-bottom-1point5rem\">\n<div class=\"content\">\n<h3 class=\"font-color-header-color font-weight-medium extra-big\">Internal Ethics and Compliance Manual<\/h3>\n<\/div>\n<\/div>\n<p><a class=\"button primary font-weight-bold uc w-100 margin-bottom-1rem margin-top-1rem\" href=\"https:\/\/www.hcrma.net\/wp-content\/uploads\/documents\/forms\/Internal%20Ethics%20and%20Compliance%20Manual%209-16-19.pdf\" target=\"_blank\" rel=\"noopener\"><img decoding=\"async\" src=\"\/wp-content\/uploads\/2025\/07\/download.svg\" \/>Access Documents<\/a><\/p>\n<\/div>\n<p>[\/vc_column_text][vc_empty_space height=&#8221;30px&#8221; el_class=&#8221;hide-for-large&#8221;][\/vc_column_inner][vc_column_inner width=&#8221;1\/6&#8243;][vc_column_text css=&#8221;&#8221; el_class=&#8221;text-center&#8221;]<\/p>\n<div class=\"card-container\" data-equalizer-watch=\"\">\n<div class=\"margin-bottom-1point5rem\"><img loading=\"lazy\" decoding=\"async\" class=\"card-img alignnone size-full wp-image-37\" role=\"img\" src=\"\/wp-content\/uploads\/2025\/09\/annual-budget-section_1-image.png\" alt=\"\" width=\"60\" height=\"60\" \/><\/div>\n<div class=\"margin-bottom-1point5rem\">\n<div class=\"content\">\n<h3 class=\"font-color-header-color font-weight-medium extra-big\">Investment Policy<\/h3>\n<\/div>\n<\/div>\n<p><a class=\"button primary font-weight-bold uc w-100 margin-bottom-1rem margin-top-1rem\" href=\"https:\/\/www.hcrma.net\/wp-content\/uploads\/documents\/forms\/Investment%20Policy%20Final%2001-28-20.pdf\" target=\"_blank\" rel=\"noopener\"><img decoding=\"async\" src=\"\/wp-content\/uploads\/2025\/07\/download.svg\" \/>Access Documents<\/a><\/p>\n<\/div>\n<p>[\/vc_column_text][\/vc_column_inner][\/vc_row_inner][vc_empty_space height=&#8221;60px&#8221; el_class=&#8221;show-for-large&#8221;][vc_empty_space height=&#8221;30px&#8221; el_class=&#8221;hide-for-large&#8221;][\/vc_column][\/vc_row][\/vc_section][vc_section css=&#8221;.vc_custom_1758389431523{background-color: #F9FAFB !important;}&#8221; el_id=&#8221;financial-statements-section_2&#8243;][vc_row][vc_column][vc_empty_space height=&#8221;60px&#8221; el_class=&#8221;show-for-large&#8221;][vc_empty_space height=&#8221;30px&#8221; el_class=&#8221;hide-for-large&#8221;][vc_row_inner el_class=&#8221;row no-padding-vc align-center&#8221;][vc_column_inner el_class=&#8221;columns large-10 small-12 text-center&#8221;][vc_column_text css=&#8221;&#8221;]<\/p>\n<h2 class=\"font-color-header-color margin-bottom-2rem font-weight-bold\">Formularios generales<\/h2>\n<p class=\"extra-big\">La HCRMA proporciona formularios generales para facilitar una comunicaci\u00f3n clara y eficiente con el p\u00fablico, los proveedores y las partes interesadas. Estos formularios ayudan a estandarizar los procesos, agilizar las solicitudes y facilitar el acceso a los servicios y la informaci\u00f3n. <\/p>\n<p>[\/vc_column_text][\/vc_column_inner][\/vc_row_inner][\/vc_column][\/vc_row][vc_row][vc_column][vc_empty_space height=&#8221;60px&#8221; el_class=&#8221;show-for-large&#8221;][vc_empty_space height=&#8221;30px&#8221; el_class=&#8221;hide-for-large&#8221;][vc_row_inner el_class=&#8221;row no-padding-vc align-center codesm-equalize-content&#8221;][vc_column_inner width=&#8221;1\/3&#8243;][vc_column_text css=&#8221;&#8221; el_class=&#8221;text-center&#8221;]<\/p>\n<div class=\"card-container\" data-equalizer-watch=\"\">\n<div class=\"inner-container\">\n<div class=\"margin-bottom-1point5rem\"><img loading=\"lazy\" decoding=\"async\" class=\"card-img alignnone size-full wp-image-37\" role=\"img\" src=\"\/wp-content\/uploads\/2025\/09\/annual-budget-section_1-image.png\" alt=\"\" width=\"60\" height=\"60\" \/><\/div>\n<div class=\"margin-bottom-1point5rem\">\n<h3 class=\"font-color-header-color font-weight-medium extra-big\">Driveway Request Form<\/h3>\n<\/div>\n<\/div>\n<p><a class=\"button primary font-weight-bold uc w-100 margin-bottom-1rem margin-top-1rem\" href=\"https:\/\/www.hcrma.net\/wp-content\/uploads\/documents\/forms\/HCRMA%20Driveway%20Request%20Form%20(2022-03-04).pdf\" target=\"_blank\" rel=\"noopener\"><img decoding=\"async\" src=\"\/wp-content\/uploads\/2025\/07\/download.svg\" \/>Access Documents<\/a><\/p>\n<\/div>\n<p>[\/vc_column_text][vc_empty_space height=&#8221;30px&#8221; el_class=&#8221;hide-for-large&#8221;][\/vc_column_inner][vc_column_inner width=&#8221;1\/3&#8243;][vc_column_text css=&#8221;&#8221; el_class=&#8221;text-center&#8221;]<\/p>\n<div class=\"card-container\" data-equalizer-watch=\"\">\n<div class=\"inner-container\">\n<div class=\"margin-bottom-1point5rem\"><img loading=\"lazy\" decoding=\"async\" class=\"card-img alignnone size-full wp-image-37\" role=\"img\" src=\"\/wp-content\/uploads\/2025\/09\/annual-budget-section_1-image.png\" alt=\"\" width=\"60\" height=\"60\" \/><\/div>\n<div class=\"margin-bottom-1point5rem\">\n<h3 class=\"font-color-header-color font-weight-medium extra-big\">Conflict of Interest Questionnaire form<\/h3>\n<\/div>\n<\/div>\n<p><a class=\"button primary font-weight-bold uc w-100 margin-bottom-1rem margin-top-1rem\" href=\"https:\/\/www.hcrma.net\/wp-content\/uploads\/documents\/forms\/Form_CIQ.pdf\" target=\"_blank\" rel=\"noopener\"><img decoding=\"async\" src=\"\/wp-content\/uploads\/2025\/07\/download.svg\" \/>Access Documents<\/a><\/p>\n<\/div>\n<p>[\/vc_column_text][vc_empty_space height=&#8221;30px&#8221; el_class=&#8221;hide-for-large&#8221;][\/vc_column_inner][vc_column_inner width=&#8221;1\/3&#8243;][vc_column_text css=&#8221;&#8221; el_class=&#8221;text-center&#8221;]<\/p>\n<div class=\"card-container\" data-equalizer-watch=\"\">\n<div class=\"inner-container\">\n<div class=\"margin-bottom-1point5rem\"><img loading=\"lazy\" decoding=\"async\" class=\"card-img alignnone size-full wp-image-37\" role=\"img\" src=\"\/wp-content\/uploads\/2025\/09\/annual-budget-section_1-image.png\" alt=\"\" width=\"60\" height=\"60\"><\/div>\n<div class=\"margin-bottom-1point5rem\">\n<h3 class=\"font-color-header-color font-weight-medium extra-big\">Formulario de solicitud de instalaci\u00f3n de servicios p\u00fablicos<\/h3>\n<\/div>\n<\/div>\n<p><a class=\"button primary font-weight-bold uc w-100 margin-bottom-1rem margin-top-1rem\" href=\"#\"><img decoding=\"async\" src=\"\/wp-content\/uploads\/2025\/07\/download.svg\">Acceder a los documentos<\/a><\/p>\n<\/div>\n<p>[\/vc_column_text][vc_empty_space height=&#8221;30px&#8221; el_class=&#8221;hide-for-large&#8221;][\/vc_column_inner][\/vc_row_inner][vc_empty_space height=&#8221;60px&#8221; el_class=&#8221;show-for-large&#8221;][vc_empty_space height=&#8221;30px&#8221; el_class=&#8221;hide-for-large&#8221;][\/vc_column][\/vc_row][\/vc_section]<\/p>\n<\/div>","protected":false},"excerpt":{"rendered":"<p>[vc_section css=&#8221;.vc_custom_1761051824078{background-image: url(https:\/\/www.hcrma.net\/wp-content\/uploads\/2025\/09\/login-section_0-bg-img.png?id=289) !important;}&#8221; el_id=&#8221;section-hero&#8221;][vc_row content_placement=&#8221;middle&#8221; el_class=&#8221;row no-padding-vc&#8221;][vc_column el_class=&#8221;columns large-12&#8243;][vc_empty_space height=&#8221;45px&#8221; el_class=&#8221;hide-for-large&#8221;][vc_empty_space height=&#8221;90px&#8221; el_class=&#8221;show-for-large&#8221;][vc_column_text css=&#8221;&#8221; el_class=&#8221;text-center large-text-left&#8221;] Documentos [\/vc_column_text][vc_empty_space height=&#8221;90px&#8221; el_class=&#8221;show-for-large&#8221;][vc_empty_space height=&#8221;45px&#8221; el_class=&#8221;hide-for-large&#8221;][\/vc_column][\/vc_row][\/vc_section][vc_section css=&#8221;.vc_custom_1758441031136{background-color: #FFFFFF !important;}&#8221; el_id=&#8221;financial-statements-section_1&#8243;][vc_row][vc_column][vc_empty_space height=&#8221;60px&#8221; el_class=&#8221;show-for-large&#8221;][vc_empty_space height=&#8221;30px&#8221; el_class=&#8221;hide-for-large&#8221;][vc_row_inner el_class=&#8221;row no-padding-vc align-center&#8221;][vc_column_inner el_class=&#8221;columns large-10 small-12 text-center&#8221;][vc_column_text css=&#8221;&#8221;] Pol\u00edticas administrativas La Autoridad de Movilidad Regional del Condado de Hidalgo (HCRMA) publica pol\u00edticas administrativas para<a class=\"excerpt-read-more\" href=\"https:\/\/www.hcrma.net\/es\/politicas-y-formularios\/\" title=\"ReadPol\u00edticas y formularios\">&#8230; Read more &raquo;<\/a><\/p>\n","protected":false},"author":1,"featured_media":0,"parent":0,"menu_order":0,"comment_status":"closed","ping_status":"closed","template":"template-visual-builder.php","meta":{"_acf_changed":false,"footnotes":""},"class_list":["post-4150","page","type-page","status-publish","hentry"],"acf":[],"yoast_head":"<!-- This site is optimized with the Yoast SEO plugin v27.2 - https:\/\/yoast.com\/product\/yoast-seo-wordpress\/ -->\n<title>Pol\u00edticas y formularios - Hidalgo County Regional Mobility Authority<\/title>\n<meta name=\"robots\" content=\"index, follow, max-snippet:-1, max-image-preview:large, max-video-preview:-1\" \/>\n<link rel=\"canonical\" href=\"https:\/\/www.hcrma.net\/es\/politicas-y-formularios\/\" \/>\n<meta property=\"og:locale\" content=\"es_ES\" \/>\n<meta property=\"og:type\" content=\"article\" \/>\n<meta property=\"og:title\" content=\"Pol\u00edticas y formularios - Hidalgo County Regional Mobility Authority\" \/>\n<meta property=\"og:description\" content=\"[vc_section css=&#8221;.vc_custom_1761051824078{background-image: url(https:\/\/www.hcrma.net\/wp-content\/uploads\/2025\/09\/login-section_0-bg-img.png?id=289) !important;}&#8221; el_id=&#8221;section-hero&#8221;][vc_row content_placement=&#8221;middle&#8221; el_class=&#8221;row no-padding-vc&#8221;][vc_column el_class=&#8221;columns large-12&#8243;][vc_empty_space height=&#8221;45px&#8221; el_class=&#8221;hide-for-large&#8221;][vc_empty_space height=&#8221;90px&#8221; el_class=&#8221;show-for-large&#8221;][vc_column_text css=&#8221;&#8221; el_class=&#8221;text-center large-text-left&#8221;] Documentos [\/vc_column_text][vc_empty_space height=&#8221;90px&#8221; el_class=&#8221;show-for-large&#8221;][vc_empty_space height=&#8221;45px&#8221; el_class=&#8221;hide-for-large&#8221;][\/vc_column][\/vc_row][\/vc_section][vc_section css=&#8221;.vc_custom_1758441031136{background-color: #FFFFFF !important;}&#8221; el_id=&#8221;financial-statements-section_1&#8243;][vc_row][vc_column][vc_empty_space height=&#8221;60px&#8221; el_class=&#8221;show-for-large&#8221;][vc_empty_space height=&#8221;30px&#8221; el_class=&#8221;hide-for-large&#8221;][vc_row_inner el_class=&#8221;row no-padding-vc align-center&#8221;][vc_column_inner el_class=&#8221;columns large-10 small-12 text-center&#8221;][vc_column_text css=&#8221;&#8221;] Pol\u00edticas administrativas La Autoridad de Movilidad Regional del Condado de Hidalgo (HCRMA) publica pol\u00edticas administrativas para... Read more &raquo;\" \/>\n<meta property=\"og:url\" content=\"https:\/\/www.hcrma.net\/es\/politicas-y-formularios\/\" \/>\n<meta property=\"og:site_name\" content=\"Hidalgo County Regional Mobility Authority\" \/>\n<meta property=\"article:modified_time\" content=\"2026-02-04T09:15:57+00:00\" \/>\n<meta name=\"twitter:card\" content=\"summary_large_image\" \/>\n<meta name=\"twitter:label1\" content=\"Est. reading time\" \/>\n\t<meta name=\"twitter:data1\" content=\"3 minutes\" \/>\n<script type=\"application\/ld+json\" class=\"yoast-schema-graph\">{\"@context\":\"https:\/\/schema.org\",\"@graph\":[{\"@type\":\"WebPage\",\"@id\":\"https:\/\/www.hcrma.net\/es\/politicas-y-formularios\/\",\"url\":\"https:\/\/www.hcrma.net\/es\/politicas-y-formularios\/\",\"name\":\"Pol\u00edticas y formularios - Hidalgo County Regional Mobility Authority\",\"isPartOf\":{\"@id\":\"https:\/\/www.hcrma.net\/#website\"},\"datePublished\":\"2025-09-21T09:04:18+00:00\",\"dateModified\":\"2026-02-04T09:15:57+00:00\",\"breadcrumb\":{\"@id\":\"https:\/\/www.hcrma.net\/es\/politicas-y-formularios\/#breadcrumb\"},\"inLanguage\":\"es-ES\",\"potentialAction\":[{\"@type\":\"ReadAction\",\"target\":[\"https:\/\/www.hcrma.net\/es\/politicas-y-formularios\/\"]}]},{\"@type\":\"BreadcrumbList\",\"@id\":\"https:\/\/www.hcrma.net\/es\/politicas-y-formularios\/#breadcrumb\",\"itemListElement\":[{\"@type\":\"ListItem\",\"position\":1,\"name\":\"Home\",\"item\":\"https:\/\/www.hcrma.net\/es\/inicio\/\"},{\"@type\":\"ListItem\",\"position\":2,\"name\":\"Pol\u00edticas y formularios\"}]},{\"@type\":\"WebSite\",\"@id\":\"https:\/\/www.hcrma.net\/#website\",\"url\":\"https:\/\/www.hcrma.net\/\",\"name\":\"Hidalgo County Regional Mobility Authority\",\"description\":\"\",\"potentialAction\":[{\"@type\":\"SearchAction\",\"target\":{\"@type\":\"EntryPoint\",\"urlTemplate\":\"https:\/\/www.hcrma.net\/?s={search_term_string}\"},\"query-input\":{\"@type\":\"PropertyValueSpecification\",\"valueRequired\":true,\"valueName\":\"search_term_string\"}}],\"inLanguage\":\"es-ES\"}]}<\/script>\n<!-- \/ Yoast SEO plugin. -->","yoast_head_json":{"title":"Pol\u00edticas y formularios - Hidalgo County Regional Mobility Authority","robots":{"index":"index","follow":"follow","max-snippet":"max-snippet:-1","max-image-preview":"max-image-preview:large","max-video-preview":"max-video-preview:-1"},"canonical":"https:\/\/www.hcrma.net\/es\/politicas-y-formularios\/","og_locale":"es_ES","og_type":"article","og_title":"Pol\u00edticas y formularios - Hidalgo County Regional Mobility Authority","og_description":"[vc_section css=&#8221;.vc_custom_1761051824078{background-image: url(https:\/\/www.hcrma.net\/wp-content\/uploads\/2025\/09\/login-section_0-bg-img.png?id=289) !important;}&#8221; el_id=&#8221;section-hero&#8221;][vc_row content_placement=&#8221;middle&#8221; el_class=&#8221;row no-padding-vc&#8221;][vc_column el_class=&#8221;columns large-12&#8243;][vc_empty_space height=&#8221;45px&#8221; el_class=&#8221;hide-for-large&#8221;][vc_empty_space height=&#8221;90px&#8221; el_class=&#8221;show-for-large&#8221;][vc_column_text css=&#8221;&#8221; el_class=&#8221;text-center large-text-left&#8221;] Documentos [\/vc_column_text][vc_empty_space height=&#8221;90px&#8221; el_class=&#8221;show-for-large&#8221;][vc_empty_space height=&#8221;45px&#8221; el_class=&#8221;hide-for-large&#8221;][\/vc_column][\/vc_row][\/vc_section][vc_section css=&#8221;.vc_custom_1758441031136{background-color: #FFFFFF !important;}&#8221; el_id=&#8221;financial-statements-section_1&#8243;][vc_row][vc_column][vc_empty_space height=&#8221;60px&#8221; el_class=&#8221;show-for-large&#8221;][vc_empty_space height=&#8221;30px&#8221; el_class=&#8221;hide-for-large&#8221;][vc_row_inner el_class=&#8221;row no-padding-vc align-center&#8221;][vc_column_inner el_class=&#8221;columns large-10 small-12 text-center&#8221;][vc_column_text css=&#8221;&#8221;] Pol\u00edticas administrativas La Autoridad de Movilidad Regional del Condado de Hidalgo (HCRMA) publica pol\u00edticas administrativas para... Read more &raquo;","og_url":"https:\/\/www.hcrma.net\/es\/politicas-y-formularios\/","og_site_name":"Hidalgo County Regional Mobility Authority","article_modified_time":"2026-02-04T09:15:57+00:00","twitter_card":"summary_large_image","twitter_misc":{"Est. reading time":"3 minutes"},"schema":{"@context":"https:\/\/schema.org","@graph":[{"@type":"WebPage","@id":"https:\/\/www.hcrma.net\/es\/politicas-y-formularios\/","url":"https:\/\/www.hcrma.net\/es\/politicas-y-formularios\/","name":"Pol\u00edticas y formularios - Hidalgo County Regional Mobility Authority","isPartOf":{"@id":"https:\/\/www.hcrma.net\/#website"},"datePublished":"2025-09-21T09:04:18+00:00","dateModified":"2026-02-04T09:15:57+00:00","breadcrumb":{"@id":"https:\/\/www.hcrma.net\/es\/politicas-y-formularios\/#breadcrumb"},"inLanguage":"es-ES","potentialAction":[{"@type":"ReadAction","target":["https:\/\/www.hcrma.net\/es\/politicas-y-formularios\/"]}]},{"@type":"BreadcrumbList","@id":"https:\/\/www.hcrma.net\/es\/politicas-y-formularios\/#breadcrumb","itemListElement":[{"@type":"ListItem","position":1,"name":"Home","item":"https:\/\/www.hcrma.net\/es\/inicio\/"},{"@type":"ListItem","position":2,"name":"Pol\u00edticas y formularios"}]},{"@type":"WebSite","@id":"https:\/\/www.hcrma.net\/#website","url":"https:\/\/www.hcrma.net\/","name":"Hidalgo County Regional Mobility Authority","description":"","potentialAction":[{"@type":"SearchAction","target":{"@type":"EntryPoint","urlTemplate":"https:\/\/www.hcrma.net\/?s={search_term_string}"},"query-input":{"@type":"PropertyValueSpecification","valueRequired":true,"valueName":"search_term_string"}}],"inLanguage":"es-ES"}]}},"_links":{"self":[{"href":"https:\/\/www.hcrma.net\/es\/wp-json\/wp\/v2\/pages\/4150","targetHints":{"allow":["GET"]}}],"collection":[{"href":"https:\/\/www.hcrma.net\/es\/wp-json\/wp\/v2\/pages"}],"about":[{"href":"https:\/\/www.hcrma.net\/es\/wp-json\/wp\/v2\/types\/page"}],"author":[{"embeddable":true,"href":"https:\/\/www.hcrma.net\/es\/wp-json\/wp\/v2\/users\/1"}],"replies":[{"embeddable":true,"href":"https:\/\/www.hcrma.net\/es\/wp-json\/wp\/v2\/comments?post=4150"}],"version-history":[{"count":1,"href":"https:\/\/www.hcrma.net\/es\/wp-json\/wp\/v2\/pages\/4150\/revisions"}],"predecessor-version":[{"id":4155,"href":"https:\/\/www.hcrma.net\/es\/wp-json\/wp\/v2\/pages\/4150\/revisions\/4155"}],"wp:attachment":[{"href":"https:\/\/www.hcrma.net\/es\/wp-json\/wp\/v2\/media?parent=4150"}],"curies":[{"name":"wp","href":"https:\/\/api.w.org\/{rel}","templated":true}]}}