{"id":4134,"date":"2025-09-21T08:04:40","date_gmt":"2025-09-21T08:04:40","guid":{"rendered":"https:\/\/www.hcrma.net\/informes-de-proyectos\/"},"modified":"2026-02-04T09:15:57","modified_gmt":"2026-02-04T09:15:57","slug":"informes-de-proyectos","status":"publish","type":"page","link":"https:\/\/www.hcrma.net\/es\/informes-de-proyectos\/","title":{"rendered":"Informes de proyectos"},"content":{"rendered":"<div class=\"wpb-content-wrapper\"><p>[vc_section css=&#8221;.vc_custom_1761051824078{background-image: url(https:\/\/www.hcrma.net\/wp-content\/uploads\/2025\/09\/login-section_0-bg-img.png?id=289) !important;}&#8221; el_id=&#8221;section-hero&#8221;][vc_row content_placement=&#8221;middle&#8221; el_class=&#8221;row no-padding-vc&#8221;][vc_column el_class=&#8221;columns large-12&#8243;][vc_empty_space height=&#8221;45px&#8221; el_class=&#8221;hide-for-large&#8221;][vc_empty_space height=&#8221;90px&#8221; el_class=&#8221;show-for-large&#8221;][vc_column_text css=&#8221;&#8221; el_class=&#8221;text-center large-text-left&#8221;]<\/p>\n<h1 class=\"alt-white font-weight-bold\">Documentos<\/h1>\n<p>[\/vc_column_text][vc_empty_space height=&#8221;90px&#8221; el_class=&#8221;show-for-large&#8221;][vc_empty_space height=&#8221;45px&#8221; el_class=&#8221;hide-for-large&#8221;][\/vc_column][\/vc_row][\/vc_section][vc_section css=&#8221;.vc_custom_1758446900574{background-color: #FFFFFF !important;}&#8221; el_id=&#8221;project-reports-section_1&#8243;][vc_row][vc_column][vc_empty_space height=&#8221;60px&#8221; el_class=&#8221;show-for-large&#8221;][vc_empty_space height=&#8221;30px&#8221; el_class=&#8221;hide-for-large&#8221;][vc_row_inner el_class=&#8221;row no-padding-vc align-center&#8221;][vc_column_inner el_class=&#8221;columns large-10 small-12 text-center&#8221;][vc_column_text css=&#8221;&#8221;]<\/p>\n<h2 class=\"font-color-header-color margin-bottom-2rem font-weight-bold\">Informes anuales de proyectos<\/h2>\n<p class=\"extra-big\">La Autoridad de Movilidad Regional del Condado de Hidalgo (HCRMA) publica informes anuales de proyectos para mantener al p\u00fablico informado sobre las iniciativas de transporte. Estos informes destacan el progreso anual, los principales hitos y las actualizaciones sobre la planificaci\u00f3n y la construcci\u00f3n, al tiempo que demuestran la transparencia y la alineaci\u00f3n con los objetivos de movilidad a largo plazo de la Autoridad. <\/p>\n<p>[\/vc_column_text][\/vc_column_inner][\/vc_row_inner][\/vc_column][\/vc_row][vc_row][vc_column][vc_empty_space height=&#8221;60px&#8221; el_class=&#8221;show-for-large&#8221;][vc_empty_space height=&#8221;30px&#8221; el_class=&#8221;hide-for-large&#8221;][vc_row_inner el_class=&#8221;row no-padding-vc align-center codesm-equalize-content&#8221;][vc_column_inner el_class=&#8221;columns large-4 medium-4 small-12&#8243; width=&#8221;1\/3&#8243;][vc_column_text css=&#8221;&#8221; el_class=&#8221;text-center&#8221;]<\/p>\n<div class=\"card-container\" data-equalizer-watch=\"\">\n<div class=\"\">\n<div class=\"margin-bottom-1point5rem\"><img loading=\"lazy\" decoding=\"async\" class=\"card-img alignnone size-full wp-image-37\" role=\"img\" src=\"\/wp-content\/uploads\/2025\/09\/annual-budget-section_1-image.png\" alt=\"\" width=\"60\" height=\"60\" \/><\/div>\n<div class=\"margin-bottom-1point5rem\">\n<h3 class=\"font-color-header-color font-weight-medium extra-big\">HCRMA 2025 Annual Project Report<\/h3>\n<\/div>\n<\/div>\n<p><a class=\"button primary font-weight-bold uc w-100 margin-bottom-1rem margin-top-1rem\" href=\"https:\/\/www.hcrma.net\/wp-content\/uploads\/documents\/reports\/2025%20HCRMA%202025%20Annual%20Project%20Report.pdf\" target=\"_blank\" rel=\"noopener\"><img decoding=\"async\" src=\"\/wp-content\/uploads\/2025\/07\/download.svg\" \/>Access Documents<\/a><\/p>\n<\/div>\n<p>[\/vc_column_text][vc_empty_space height=&#8221;30px&#8221;][\/vc_column_inner][vc_column_inner el_class=&#8221;columns large-4 medium-4 small-12&#8243; width=&#8221;1\/3&#8243;][vc_column_text css=&#8221;&#8221; el_class=&#8221;text-center&#8221;]<\/p>\n<div class=\"card-container\" data-equalizer-watch=\"\">\n<div class=\"\">\n<div class=\"margin-bottom-1point5rem\"><img loading=\"lazy\" decoding=\"async\" class=\"card-img alignnone size-full wp-image-37\" role=\"img\" src=\"\/wp-content\/uploads\/2025\/09\/annual-budget-section_1-image.png\" alt=\"\" width=\"60\" height=\"60\" \/><\/div>\n<div class=\"margin-bottom-1point5rem\">\n<h3 class=\"font-color-header-color font-weight-medium extra-big\">HCRMA 2024 Annual Project Report<\/h3>\n<\/div>\n<\/div>\n<p><a class=\"button primary font-weight-bold uc w-100 margin-bottom-1rem margin-top-1rem\" href=\"https:\/\/www.hcrma.net\/wp-content\/uploads\/documents\/reports\/2024-11-19%20HCRMA%202024%20Annual%20Project%20Report.pdf\" target=\"_blank\" rel=\"noopener\"><img decoding=\"async\" src=\"\/wp-content\/uploads\/2025\/07\/download.svg\" \/>Access Documents<\/a><\/p>\n<\/div>\n<p>[\/vc_column_text][vc_empty_space height=&#8221;30px&#8221;][\/vc_column_inner][vc_column_inner el_class=&#8221;columns large-4 medium-4 small-12&#8243; width=&#8221;1\/3&#8243;][vc_column_text css=&#8221;&#8221; el_class=&#8221;text-center&#8221;]<\/p>\n<div class=\"card-container\" data-equalizer-watch=\"\">\n<div class=\"\">\n<div class=\"margin-bottom-1point5rem\"><img loading=\"lazy\" decoding=\"async\" class=\"card-img alignnone size-full wp-image-37\" role=\"img\" src=\"\/wp-content\/uploads\/2025\/09\/annual-budget-section_1-image.png\" alt=\"\" width=\"60\" height=\"60\" \/><\/div>\n<div class=\"margin-bottom-1point5rem\">\n<h3 class=\"font-color-header-color font-weight-medium extra-big\">HCRMA 2023 Annual Project Report<\/h3>\n<\/div>\n<\/div>\n<p><a class=\"button primary font-weight-bold uc w-100 margin-bottom-1rem margin-top-1rem\" href=\"https:\/\/www.hcrma.net\/wp-content\/uploads\/documents\/reports\/HCRMA%202023%20Annual%20Project%20Report.pdf\" target=\"_blank\" rel=\"noopener\"><img decoding=\"async\" src=\"\/wp-content\/uploads\/2025\/07\/download.svg\" \/>Access Documents<\/a><\/p>\n<\/div>\n<p>[\/vc_column_text][vc_empty_space height=&#8221;30px&#8221;][\/vc_column_inner][\/vc_row_inner][vc_row_inner el_class=&#8221;row no-padding-vc align-center codesm-equalize-content&#8221;][vc_column_inner el_class=&#8221;columns large-4 medium-4 small-12&#8243; width=&#8221;1\/3&#8243;][vc_empty_space height=&#8221;30px&#8221; el_class=&#8221;hide-for-large&#8221;][vc_column_text css=&#8221;&#8221; el_class=&#8221;text-center&#8221;]<\/p>\n<div class=\"card-container\" data-equalizer-watch=\"\">\n<div class=\"\">\n<div class=\"margin-bottom-1point5rem\"><img loading=\"lazy\" decoding=\"async\" class=\"card-img alignnone size-full wp-image-37\" role=\"img\" src=\"\/wp-content\/uploads\/2025\/09\/annual-budget-section_1-image.png\" alt=\"\" width=\"60\" height=\"60\" \/><\/div>\n<div class=\"margin-bottom-1point5rem\">\n<h3 class=\"font-color-header-color font-weight-medium extra-big\">HCRMA 2022 Annual Project Report<\/h3>\n<\/div>\n<\/div>\n<p><a class=\"button primary font-weight-bold uc w-100 margin-bottom-1rem margin-top-1rem\" href=\"https:\/\/www.hcrma.net\/wp-content\/uploads\/documents\/reports\/2022-11-22%20HCRMA%202022%20Annual%20Project%20Report%20(00%20Report).pdf\" target=\"_blank\" rel=\"noopener\"><img decoding=\"async\" src=\"\/wp-content\/uploads\/2025\/07\/download.svg\" \/>Access Documents<\/a><\/p>\n<\/div>\n<p>[\/vc_column_text][\/vc_column_inner][vc_column_inner el_class=&#8221;columns large-4 medium-4 small-12&#8243; width=&#8221;1\/3&#8243;][vc_column_text css=&#8221;&#8221; el_class=&#8221;text-center&#8221;]<\/p>\n<div class=\"card-container\" data-equalizer-watch=\"\">\n<div class=\"\">\n<div class=\"margin-bottom-1point5rem\"><img loading=\"lazy\" decoding=\"async\" class=\"card-img alignnone size-full wp-image-37\" role=\"img\" src=\"\/wp-content\/uploads\/2025\/09\/annual-budget-section_1-image.png\" alt=\"\" width=\"60\" height=\"60\" \/><\/div>\n<div class=\"margin-bottom-1point5rem\">\n<h3 class=\"font-color-header-color font-weight-medium extra-big\">HCRMA 2021 Annual Project Report<\/h3>\n<\/div>\n<\/div>\n<p><a class=\"button primary font-weight-bold uc w-100 margin-bottom-1rem margin-top-1rem\" href=\"https:\/\/www.hcrma.net\/wp-content\/uploads\/documents\/reports\/HCRMA%202021%20Annual%20Project%20Report.pdf\" target=\"_blank\" rel=\"noopener\"><img decoding=\"async\" src=\"\/wp-content\/uploads\/2025\/07\/download.svg\" \/>Access Documents<\/a><\/p>\n<\/div>\n<p>[\/vc_column_text][vc_empty_space height=&#8221;30px&#8221; el_class=&#8221;hide-for-large&#8221;][\/vc_column_inner][vc_column_inner width=&#8221;1\/3&#8243;][vc_column_text css=&#8221;&#8221; el_class=&#8221;text-center&#8221;]<\/p>\n<div class=\"card-container\" data-equalizer-watch=\"\">\n<div class=\"\">\n<div class=\"margin-bottom-1point5rem\"><img loading=\"lazy\" decoding=\"async\" class=\"card-img alignnone size-full wp-image-37\" role=\"img\" src=\"\/wp-content\/uploads\/2025\/09\/annual-budget-section_1-image.png\" alt=\"\" width=\"60\" height=\"60\" \/><\/div>\n<div class=\"margin-bottom-1point5rem\">\n<h3 class=\"font-color-header-color font-weight-medium extra-big\">HCRMA 2020 Annual Project Report<\/h3>\n<\/div>\n<\/div>\n<p><a class=\"button primary font-weight-bold uc w-100 margin-bottom-1rem margin-top-1rem\" href=\"https:\/\/www.hcrma.net\/wp-content\/uploads\/documents\/reports\/HCRMA%202020%20Annual%20Project%20Report.pdf\" target=\"_blank\" rel=\"noopener\"><img decoding=\"async\" src=\"\/wp-content\/uploads\/2025\/07\/download.svg\" \/>Access Documents<\/a><\/p>\n<\/div>\n<p>[\/vc_column_text][\/vc_column_inner][\/vc_row_inner][vc_empty_space height=&#8221;30px&#8221; el_class=&#8221;hide-for-large&#8221;][vc_empty_space height=&#8221;90px&#8221; el_class=&#8221;show-for-large&#8221;][\/vc_column][\/vc_row][\/vc_section][vc_section css=&#8221;.vc_custom_1761370363793{background-color: #F9FAFB !important;}&#8221; el_id=&#8221;project-reports-section_2&#8243;][vc_row][vc_column][vc_empty_space height=&#8221;60px&#8221; el_class=&#8221;show-for-large&#8221;][vc_empty_space height=&#8221;30px&#8221; el_class=&#8221;hide-for-large&#8221;][vc_row_inner el_class=&#8221;row no-padding-vc align-center&#8221;][vc_column_inner el_class=&#8221;columns large-12 small-12 text-center&#8221;][vc_column_text css=&#8221;&#8221;]<\/p>\n<h2 class=\"font-color-header-color margin-bottom-2rem font-weight-bold\">Informes mensuales de gesti\u00f3n de proyectos<\/h2>\n<p class=\"extra-big\">La HCRMA proporciona informes mensuales de gesti\u00f3n de proyectos que rastrean el progreso, los presupuestos y los cronogramas de los proyectos de transporte activos. Estos informes brindan a las partes interesadas y al p\u00fablico una visi\u00f3n detallada de los hitos del proyecto, el estado actual y cualquier ajuste necesario para mantener el trabajo a tiempo y dentro del presupuesto. Al proporcionar este nivel de detalle, la HCRMA garantiza la responsabilidad y la transparencia en la entrega de infraestructura cr\u00edtica.  <\/p>\n<p>[\/vc_column_text][vc_empty_space height=&#8221;60px&#8221; el_class=&#8221;show-for-large&#8221;][vc_empty_space height=&#8221;30px&#8221; el_class=&#8221;hide-for-large&#8221;][vc_column_text css=&#8221;&#8221; el_class=&#8221;text-center&#8221; el_id=&#8221;documents&#8221;]<div id=\"documents-container\" data-category=\"monthly-project-management-reports\"><p>No documents found for .<\/p><\/div>[\/vc_column_text][vc_empty_space height=&#8221;60px&#8221; el_class=&#8221;show-for-large&#8221;][vc_empty_space height=&#8221;30px&#8221; el_class=&#8221;hide-for-large&#8221;][\/vc_column_inner][\/vc_row_inner][\/vc_column][\/vc_row][\/vc_section]<\/p>\n<\/div>","protected":false},"excerpt":{"rendered":"<p>[vc_section css=&#8221;.vc_custom_1761051824078{background-image: url(https:\/\/www.hcrma.net\/wp-content\/uploads\/2025\/09\/login-section_0-bg-img.png?id=289) !important;}&#8221; el_id=&#8221;section-hero&#8221;][vc_row content_placement=&#8221;middle&#8221; el_class=&#8221;row no-padding-vc&#8221;][vc_column el_class=&#8221;columns large-12&#8243;][vc_empty_space height=&#8221;45px&#8221; el_class=&#8221;hide-for-large&#8221;][vc_empty_space height=&#8221;90px&#8221; el_class=&#8221;show-for-large&#8221;][vc_column_text css=&#8221;&#8221; el_class=&#8221;text-center large-text-left&#8221;] Documentos [\/vc_column_text][vc_empty_space height=&#8221;90px&#8221; el_class=&#8221;show-for-large&#8221;][vc_empty_space height=&#8221;45px&#8221; el_class=&#8221;hide-for-large&#8221;][\/vc_column][\/vc_row][\/vc_section][vc_section css=&#8221;.vc_custom_1758446900574{background-color: #FFFFFF !important;}&#8221; el_id=&#8221;project-reports-section_1&#8243;][vc_row][vc_column][vc_empty_space height=&#8221;60px&#8221; el_class=&#8221;show-for-large&#8221;][vc_empty_space height=&#8221;30px&#8221; el_class=&#8221;hide-for-large&#8221;][vc_row_inner el_class=&#8221;row no-padding-vc align-center&#8221;][vc_column_inner el_class=&#8221;columns large-10 small-12 text-center&#8221;][vc_column_text css=&#8221;&#8221;] Informes anuales de proyectos La Autoridad de Movilidad Regional del Condado de Hidalgo (HCRMA) publica informes<a class=\"excerpt-read-more\" href=\"https:\/\/www.hcrma.net\/es\/informes-de-proyectos\/\" title=\"ReadInformes de proyectos\">&#8230; Read more &raquo;<\/a><\/p>\n","protected":false},"author":1,"featured_media":0,"parent":0,"menu_order":0,"comment_status":"closed","ping_status":"closed","template":"template-visual-builder.php","meta":{"_acf_changed":false,"footnotes":""},"class_list":["post-4134","page","type-page","status-publish","hentry"],"acf":[],"yoast_head":"<!-- This site is optimized with the Yoast SEO plugin v27.2 - https:\/\/yoast.com\/product\/yoast-seo-wordpress\/ -->\n<title>Informes de proyectos - Hidalgo County Regional Mobility Authority<\/title>\n<meta name=\"robots\" content=\"index, follow, max-snippet:-1, max-image-preview:large, max-video-preview:-1\" \/>\n<link rel=\"canonical\" href=\"https:\/\/www.hcrma.net\/es\/informes-de-proyectos\/\" \/>\n<meta property=\"og:locale\" content=\"es_ES\" \/>\n<meta property=\"og:type\" content=\"article\" \/>\n<meta property=\"og:title\" content=\"Informes de proyectos - Hidalgo County Regional Mobility Authority\" \/>\n<meta property=\"og:description\" content=\"[vc_section css=&#8221;.vc_custom_1761051824078{background-image: url(https:\/\/www.hcrma.net\/wp-content\/uploads\/2025\/09\/login-section_0-bg-img.png?id=289) !important;}&#8221; el_id=&#8221;section-hero&#8221;][vc_row content_placement=&#8221;middle&#8221; el_class=&#8221;row no-padding-vc&#8221;][vc_column el_class=&#8221;columns large-12&#8243;][vc_empty_space height=&#8221;45px&#8221; el_class=&#8221;hide-for-large&#8221;][vc_empty_space height=&#8221;90px&#8221; el_class=&#8221;show-for-large&#8221;][vc_column_text css=&#8221;&#8221; el_class=&#8221;text-center large-text-left&#8221;] Documentos [\/vc_column_text][vc_empty_space height=&#8221;90px&#8221; el_class=&#8221;show-for-large&#8221;][vc_empty_space height=&#8221;45px&#8221; el_class=&#8221;hide-for-large&#8221;][\/vc_column][\/vc_row][\/vc_section][vc_section css=&#8221;.vc_custom_1758446900574{background-color: #FFFFFF !important;}&#8221; el_id=&#8221;project-reports-section_1&#8243;][vc_row][vc_column][vc_empty_space height=&#8221;60px&#8221; el_class=&#8221;show-for-large&#8221;][vc_empty_space height=&#8221;30px&#8221; el_class=&#8221;hide-for-large&#8221;][vc_row_inner el_class=&#8221;row no-padding-vc align-center&#8221;][vc_column_inner el_class=&#8221;columns large-10 small-12 text-center&#8221;][vc_column_text css=&#8221;&#8221;] Informes anuales de proyectos La Autoridad de Movilidad Regional del Condado de Hidalgo (HCRMA) publica informes... Read more &raquo;\" \/>\n<meta property=\"og:url\" content=\"https:\/\/www.hcrma.net\/es\/informes-de-proyectos\/\" \/>\n<meta property=\"og:site_name\" content=\"Hidalgo County Regional Mobility Authority\" \/>\n<meta property=\"article:modified_time\" content=\"2026-02-04T09:15:57+00:00\" \/>\n<meta name=\"twitter:card\" content=\"summary_large_image\" \/>\n<meta name=\"twitter:label1\" content=\"Est. reading time\" \/>\n\t<meta name=\"twitter:data1\" content=\"3 minutes\" \/>\n<script type=\"application\/ld+json\" class=\"yoast-schema-graph\">{\"@context\":\"https:\/\/schema.org\",\"@graph\":[{\"@type\":\"WebPage\",\"@id\":\"https:\/\/www.hcrma.net\/es\/informes-de-proyectos\/\",\"url\":\"https:\/\/www.hcrma.net\/es\/informes-de-proyectos\/\",\"name\":\"Informes de proyectos - Hidalgo County Regional Mobility Authority\",\"isPartOf\":{\"@id\":\"https:\/\/www.hcrma.net\/#website\"},\"datePublished\":\"2025-09-21T08:04:40+00:00\",\"dateModified\":\"2026-02-04T09:15:57+00:00\",\"breadcrumb\":{\"@id\":\"https:\/\/www.hcrma.net\/es\/informes-de-proyectos\/#breadcrumb\"},\"inLanguage\":\"es-ES\",\"potentialAction\":[{\"@type\":\"ReadAction\",\"target\":[\"https:\/\/www.hcrma.net\/es\/informes-de-proyectos\/\"]}]},{\"@type\":\"BreadcrumbList\",\"@id\":\"https:\/\/www.hcrma.net\/es\/informes-de-proyectos\/#breadcrumb\",\"itemListElement\":[{\"@type\":\"ListItem\",\"position\":1,\"name\":\"Home\",\"item\":\"https:\/\/www.hcrma.net\/es\/inicio\/\"},{\"@type\":\"ListItem\",\"position\":2,\"name\":\"Informes de proyectos\"}]},{\"@type\":\"WebSite\",\"@id\":\"https:\/\/www.hcrma.net\/#website\",\"url\":\"https:\/\/www.hcrma.net\/\",\"name\":\"Hidalgo County Regional Mobility Authority\",\"description\":\"\",\"potentialAction\":[{\"@type\":\"SearchAction\",\"target\":{\"@type\":\"EntryPoint\",\"urlTemplate\":\"https:\/\/www.hcrma.net\/?s={search_term_string}\"},\"query-input\":{\"@type\":\"PropertyValueSpecification\",\"valueRequired\":true,\"valueName\":\"search_term_string\"}}],\"inLanguage\":\"es-ES\"}]}<\/script>\n<!-- \/ Yoast SEO plugin. -->","yoast_head_json":{"title":"Informes de proyectos - Hidalgo County Regional Mobility Authority","robots":{"index":"index","follow":"follow","max-snippet":"max-snippet:-1","max-image-preview":"max-image-preview:large","max-video-preview":"max-video-preview:-1"},"canonical":"https:\/\/www.hcrma.net\/es\/informes-de-proyectos\/","og_locale":"es_ES","og_type":"article","og_title":"Informes de proyectos - Hidalgo County Regional Mobility Authority","og_description":"[vc_section css=&#8221;.vc_custom_1761051824078{background-image: url(https:\/\/www.hcrma.net\/wp-content\/uploads\/2025\/09\/login-section_0-bg-img.png?id=289) !important;}&#8221; el_id=&#8221;section-hero&#8221;][vc_row content_placement=&#8221;middle&#8221; el_class=&#8221;row no-padding-vc&#8221;][vc_column el_class=&#8221;columns large-12&#8243;][vc_empty_space height=&#8221;45px&#8221; el_class=&#8221;hide-for-large&#8221;][vc_empty_space height=&#8221;90px&#8221; el_class=&#8221;show-for-large&#8221;][vc_column_text css=&#8221;&#8221; el_class=&#8221;text-center large-text-left&#8221;] Documentos [\/vc_column_text][vc_empty_space height=&#8221;90px&#8221; el_class=&#8221;show-for-large&#8221;][vc_empty_space height=&#8221;45px&#8221; el_class=&#8221;hide-for-large&#8221;][\/vc_column][\/vc_row][\/vc_section][vc_section css=&#8221;.vc_custom_1758446900574{background-color: #FFFFFF !important;}&#8221; el_id=&#8221;project-reports-section_1&#8243;][vc_row][vc_column][vc_empty_space height=&#8221;60px&#8221; el_class=&#8221;show-for-large&#8221;][vc_empty_space height=&#8221;30px&#8221; el_class=&#8221;hide-for-large&#8221;][vc_row_inner el_class=&#8221;row no-padding-vc align-center&#8221;][vc_column_inner el_class=&#8221;columns large-10 small-12 text-center&#8221;][vc_column_text css=&#8221;&#8221;] Informes anuales de proyectos La Autoridad de Movilidad Regional del Condado de Hidalgo (HCRMA) publica informes... Read more &raquo;","og_url":"https:\/\/www.hcrma.net\/es\/informes-de-proyectos\/","og_site_name":"Hidalgo County Regional Mobility Authority","article_modified_time":"2026-02-04T09:15:57+00:00","twitter_card":"summary_large_image","twitter_misc":{"Est. reading time":"3 minutes"},"schema":{"@context":"https:\/\/schema.org","@graph":[{"@type":"WebPage","@id":"https:\/\/www.hcrma.net\/es\/informes-de-proyectos\/","url":"https:\/\/www.hcrma.net\/es\/informes-de-proyectos\/","name":"Informes de proyectos - Hidalgo County Regional Mobility Authority","isPartOf":{"@id":"https:\/\/www.hcrma.net\/#website"},"datePublished":"2025-09-21T08:04:40+00:00","dateModified":"2026-02-04T09:15:57+00:00","breadcrumb":{"@id":"https:\/\/www.hcrma.net\/es\/informes-de-proyectos\/#breadcrumb"},"inLanguage":"es-ES","potentialAction":[{"@type":"ReadAction","target":["https:\/\/www.hcrma.net\/es\/informes-de-proyectos\/"]}]},{"@type":"BreadcrumbList","@id":"https:\/\/www.hcrma.net\/es\/informes-de-proyectos\/#breadcrumb","itemListElement":[{"@type":"ListItem","position":1,"name":"Home","item":"https:\/\/www.hcrma.net\/es\/inicio\/"},{"@type":"ListItem","position":2,"name":"Informes de proyectos"}]},{"@type":"WebSite","@id":"https:\/\/www.hcrma.net\/#website","url":"https:\/\/www.hcrma.net\/","name":"Hidalgo County Regional Mobility Authority","description":"","potentialAction":[{"@type":"SearchAction","target":{"@type":"EntryPoint","urlTemplate":"https:\/\/www.hcrma.net\/?s={search_term_string}"},"query-input":{"@type":"PropertyValueSpecification","valueRequired":true,"valueName":"search_term_string"}}],"inLanguage":"es-ES"}]}},"_links":{"self":[{"href":"https:\/\/www.hcrma.net\/es\/wp-json\/wp\/v2\/pages\/4134","targetHints":{"allow":["GET"]}}],"collection":[{"href":"https:\/\/www.hcrma.net\/es\/wp-json\/wp\/v2\/pages"}],"about":[{"href":"https:\/\/www.hcrma.net\/es\/wp-json\/wp\/v2\/types\/page"}],"author":[{"embeddable":true,"href":"https:\/\/www.hcrma.net\/es\/wp-json\/wp\/v2\/users\/1"}],"replies":[{"embeddable":true,"href":"https:\/\/www.hcrma.net\/es\/wp-json\/wp\/v2\/comments?post=4134"}],"version-history":[{"count":12,"href":"https:\/\/www.hcrma.net\/es\/wp-json\/wp\/v2\/pages\/4134\/revisions"}],"predecessor-version":[{"id":4179,"href":"https:\/\/www.hcrma.net\/es\/wp-json\/wp\/v2\/pages\/4134\/revisions\/4179"}],"wp:attachment":[{"href":"https:\/\/www.hcrma.net\/es\/wp-json\/wp\/v2\/media?parent=4134"}],"curies":[{"name":"wp","href":"https:\/\/api.w.org\/{rel}","templated":true}]}}