{"id":4112,"date":"2025-09-25T19:29:49","date_gmt":"2025-09-25T19:29:49","guid":{"rendered":"https:\/\/www.hcrma.net\/planificacion-estrategica\/"},"modified":"2026-03-26T17:06:02","modified_gmt":"2026-03-26T17:06:02","slug":"planificacion-estrategica","status":"publish","type":"page","link":"https:\/\/www.hcrma.net\/es\/planificacion-estrategica\/","title":{"rendered":"Planificaci\u00f3n estrat\u00e9gica"},"content":{"rendered":"<div class=\"wpb-content-wrapper\"><p>[vc_section css=&#8221;.vc_custom_1761051993049{background-image: url(https:\/\/www.hcrma.net\/wp-content\/uploads\/2025\/09\/login-section_0-bg-img.png?id=289) !important;}&#8221; el_id=&#8221;section-hero&#8221;][vc_row content_placement=&#8221;middle&#8221; el_class=&#8221;row no-padding-vc&#8221;][vc_column el_class=&#8221;columns large-12&#8243;][vc_empty_space height=&#8221;30px&#8221; el_class=&#8221;hide-for-large&#8221;][vc_empty_space height=&#8221;60px&#8221; el_class=&#8221;show-for-large&#8221;][vc_column_text css=&#8221;&#8221;]<\/p>\n<h1 class=\"alt-white font-weight-bold\">Sobre nosotros<\/h1>\n<p>[\/vc_column_text][vc_empty_space height=&#8221;60px&#8221; el_class=&#8221;show-for-large&#8221;][vc_empty_space height=&#8221;30px&#8221; el_class=&#8221;hide-for-large&#8221;][\/vc_column][\/vc_row][\/vc_section][vc_section css=&#8221;.vc_custom_1758828119130{background-color: #FFFFFF !important;}&#8221; el_id=&#8221;planning-section_1&#8243;][vc_row][vc_column][vc_empty_space height=&#8221;30px&#8221; el_class=&#8221;hide-for-large&#8221;][vc_empty_space height=&#8221;60px&#8221; el_class=&#8221;show-for-large&#8221;][vc_row_inner el_class=&#8221;row no-padding-vc align-center&#8221;][vc_column_inner el_class=&#8221;columns large-8 small-12 text-center&#8221;][vc_column_text css=&#8221;&#8221; el_class=&#8221;text-center&#8221;]<\/p>\n<h2 class=\"font-color-header-color margin-bottom-2rem font-weight-bold\">Plan estrat\u00e9gico actual<\/h2>\n<p class=\"extra-big\">La Autoridad de Movilidad Regional del Condado de Hidalgo desarrolla planes estrat\u00e9gicos para guiar las prioridades de transporte, las estrategias de financiaci\u00f3n y la implementaci\u00f3n de proyectos en todo el Condado de Hidalgo. Estos planes describen tanto las iniciativas actuales como los esfuerzos pasados, garantizando la transparencia y la continuidad a medida que trabajamos para mejorar la movilidad, la seguridad y la vitalidad econ\u00f3mica en la regi\u00f3n. Al revisar y actualizar estos planes peri\u00f3dicamente, la HCRMA se asegura de que los proyectos aborden las necesidades cambiantes de la comunidad, al tiempo que se alinean con los objetivos regionales a largo plazo. El plan se actualiza cada dos a\u00f1os y describe los objetivos de la HCRMA para los pr\u00f3ximos cinco a\u00f1os.<\/p>\n<p>[\/vc_column_text][\/vc_column_inner][\/vc_row_inner][vc_empty_space height=&#8221;60px&#8221; el_class=&#8221;show-for-large&#8221;][vc_empty_space height=&#8221;30px&#8221; el_class=&#8221;hide-for-large&#8221;][vc_row_inner el_class=&#8221;row no-padding-vc&#8221;][vc_column_inner][vc_column_text css=&#8221;&#8221; el_class=&#8221;text-center&#8221;]<\/p>\n<div class=\"horizontal-card\">\n<div class=\"card-content\">\n<div class=\"show-for-large\" style=\"height: 60px;\"><\/div>\n<div class=\"hide-for-large\" style=\"height: 30px;\"><\/div>\n<h3 class=\"font-weight-bold\">Strategic Plan Update 2025-2029 Amendment 1<br \/>\nApproved Date<\/h3>\n<p><a class=\"button primary font-weight-bold uc margin-top-1point5rem\" href=\"https:\/\/www.hcrma.net\/wp-content\/uploads\/documents\/plans\/Strategic%20Plan%20Upgrade%202024%20-%20AMEND%201.pdf\"><img decoding=\"async\" src=\"\/wp-content\/uploads\/2025\/07\/download.svg\" alt=\"icono de descarga\" \/> Download<\/a><\/p>\n<div class=\"show-for-large\" style=\"height: 60px;\"><\/div>\n<div class=\"hide-for-large\" style=\"height: 30px;\"><\/div>\n<\/div>\n<\/div>\n<p>[\/vc_column_text][\/vc_column_inner][\/vc_row_inner][vc_empty_space height=&#8221;60px&#8221; el_class=&#8221;show-for-large&#8221;][vc_empty_space height=&#8221;30px&#8221; el_class=&#8221;hide-for-large&#8221;][vc_row_inner el_class=&#8221;row no-padding-vc align-center&#8221;][vc_column_inner el_class=&#8221;columns large-8 small-12 text-center&#8221;][vc_column_text css=&#8221;&#8221; el_class=&#8221;text-center&#8221;]<\/p>\n<h2 class=\"font-color-header-color margin-bottom-2rem font-weight-bold\">Proyectos propuestos<\/h2>\n<p>[\/vc_column_text][vc_empty_space height=&#8221;60px&#8221; el_class=&#8221;show-for-large&#8221;][vc_empty_space height=&#8221;30px&#8221; el_class=&#8221;hide-for-large&#8221;][vc_column_text css=&#8221;&#8221; el_class=&#8221;text-center&#8221;]<\/p>\n<div class=\"horizontal-card\">\n<div class=\"card-image\"><img decoding=\"async\" src=\"\/wp-content\/uploads\/2026\/01\/strategic-planning-section_1-img_1.1.png\" alt=\"Highway Project\" \/><\/div>\n<div class=\"card-content\">\n<h3>365 Tollway Phase III (Segment 4)<\/h3>\n<div>A 3.47 mile controlled-access highway connecting FM 1014\/Conway Ave to FM 396\/Anzalduas Highway.<\/div>\n<p><a class=\"button primary font-weight-bold uc margin-top-1point5rem\" href=\"https:\/\/www.hcrma.net\/wp-content\/uploads\/2025\/12\/Strategic-Plan-Upgrade-2024-Segment-IV-1.pptx\"><img decoding=\"async\" src=\"\/wp-content\/uploads\/2025\/07\/download.svg\" alt=\"icono de descarga\" \/> Access Documents<\/a><\/p>\n<\/div>\n<\/div>\n<p>[\/vc_column_text][vc_empty_space height=&#8221;60px&#8221; el_class=&#8221;show-for-large&#8221;][vc_empty_space height=&#8221;30px&#8221; el_class=&#8221;hide-for-large&#8221;][\/vc_column_inner][\/vc_row_inner][vc_row_inner el_class=&#8221;row no-padding-vc align-center&#8221;][vc_column_inner el_class=&#8221;columns large-8 small-12 text-center&#8221;][vc_column_text css=&#8221;&#8221; el_class=&#8221;text-center&#8221;]<\/p>\n<div class=\"horizontal-card\">\n<div class=\"card-image\"><img decoding=\"async\" src=\"\/wp-content\/uploads\/2026\/01\/strategic-planning-section_a-img_1.2.png\" alt=\"Highway Project\" \/><\/div>\n<div class=\"card-content\">\n<h3>Section A<\/h3>\n<p>A 7.73 mile controlled-access highway connecting Interstate 2 to FM1016\/Conway Ave.<\/p>\n<p><a class=\"button primary font-weight-bold uc margin-top-1point5rem\" href=\"https:\/\/www.hcrma.net\/wp-content\/uploads\/2025\/12\/Strategic-Plan-Upgrade-2024-Segment-A.pptx\"><img decoding=\"async\" src=\"\/wp-content\/uploads\/2025\/07\/download.svg\" alt=\"icono de descarga\" \/> Access Documents<\/a><\/p>\n<\/div>\n<\/div>\n<p>[\/vc_column_text][vc_empty_space height=&#8221;60px&#8221; el_class=&#8221;show-for-large&#8221;][vc_empty_space height=&#8221;30px&#8221; el_class=&#8221;hide-for-large&#8221;][\/vc_column_inner][\/vc_row_inner][vc_row_inner el_class=&#8221;row no-padding-vc align-center&#8221;][vc_column_inner el_class=&#8221;columns large-8 small-12 text-center&#8221;][vc_column_text css=&#8221;&#8221; el_class=&#8221;text-center&#8221;]<\/p>\n<div class=\"horizontal-card\">\n<div class=\"card-image\"><img decoding=\"async\" src=\"\/wp-content\/uploads\/2026\/01\/strategic-planning-section_c-img_1.2.png\" alt=\"Highway Project\" \/><\/div>\n<div class=\"card-content\">\n<h3>Section C<\/h3>\n<p>A 29.89 mile controlled-access highway connecting Interstate 2 to Interstate 69 Central.<\/p>\n<p><a class=\"button primary font-weight-bold uc margin-top-1point5rem\" href=\"https:\/\/www.hcrma.net\/wp-content\/uploads\/2025\/12\/Strategic-Plan-Upgrade-2024-Section-C.pptx\"><img decoding=\"async\" src=\"\/wp-content\/uploads\/2025\/07\/download.svg\" alt=\"icono de descarga\" \/> Access Documents<\/a><\/p>\n<\/div>\n<\/div>\n<p>[\/vc_column_text][vc_empty_space height=&#8221;60px&#8221; el_class=&#8221;show-for-large&#8221;][vc_empty_space height=&#8221;30px&#8221; el_class=&#8221;hide-for-large&#8221;][\/vc_column_inner][\/vc_row_inner][vc_row_inner el_class=&#8221;row no-padding-vc align-center&#8221;][vc_column_inner el_class=&#8221;columns large-8 small-12 text-center&#8221;][vc_column_text css=&#8221;&#8221; el_class=&#8221;text-center&#8221;]<\/p>\n<div class=\"horizontal-card\">\n<div class=\"card-image\"><img decoding=\"async\" src=\"\/wp-content\/uploads\/2026\/01\/strategic-planning-section_e-img_1.2.png\" alt=\"Highway Project\" \/><\/div>\n<div class=\"card-content\">\n<h3>Section E<\/h3>\n<p>A 12.75 mile controlled-access highway connecting IBTC, East Connector to Interstate 2.<\/p>\n<p><a class=\"button primary font-weight-bold uc margin-top-1point5rem\" href=\"https:\/\/www.hcrma.net\/wp-content\/uploads\/2025\/12\/Strategic-Plan-Upgrade-2024-Section-E.pptx\"><img decoding=\"async\" src=\"\/wp-content\/uploads\/2025\/07\/download.svg\" alt=\"icono de descarga\" \/> Access Documents<\/a><\/p>\n<\/div>\n<\/div>\n<p>[\/vc_column_text][vc_empty_space height=&#8221;60px&#8221; el_class=&#8221;show-for-large&#8221;][vc_empty_space height=&#8221;30px&#8221; el_class=&#8221;hide-for-large&#8221;][\/vc_column_inner][\/vc_row_inner][vc_row_inner el_class=&#8221;row no-padding-vc align-center&#8221;][vc_column_inner el_class=&#8221;columns large-8 small-12 text-center&#8221;][vc_column_text css=&#8221;&#8221; el_class=&#8221;text-center&#8221;]<\/p>\n<div class=\"horizontal-card\">\n<div class=\"card-image\"><img decoding=\"async\" src=\"\/wp-content\/uploads\/2026\/01\/strategic-planning-section_f-img_1.2.png\" alt=\"Highway Project\" \/><\/div>\n<div class=\"card-content\">\n<h3>Section F<\/h3>\n<p>A 22.53 mile controlled-access highway connecting Interstate 2 to State Highway 68.<\/p>\n<p><a class=\"button primary font-weight-bold uc margin-top-1point5rem\" href=\"https:\/\/www.hcrma.net\/wp-content\/uploads\/2025\/12\/Strategic-Plan-Upgrade-2024-Section-F.pptx\"><img decoding=\"async\" src=\"\/wp-content\/uploads\/2025\/07\/download.svg\" alt=\"icono de descarga\" \/> Access Documents<\/a><\/p>\n<\/div>\n<\/div>\n<p>[\/vc_column_text][vc_empty_space height=&#8221;60px&#8221; el_class=&#8221;show-for-large&#8221;][vc_empty_space height=&#8221;30px&#8221; el_class=&#8221;hide-for-large&#8221;][\/vc_column_inner][\/vc_row_inner][\/vc_column][\/vc_row][\/vc_section]<\/p>\n<\/div>","protected":false},"excerpt":{"rendered":"<p>[vc_section css=&#8221;.vc_custom_1761051993049{background-image: url(https:\/\/www.hcrma.net\/wp-content\/uploads\/2025\/09\/login-section_0-bg-img.png?id=289) !important;}&#8221; el_id=&#8221;section-hero&#8221;][vc_row content_placement=&#8221;middle&#8221; el_class=&#8221;row no-padding-vc&#8221;][vc_column el_class=&#8221;columns large-12&#8243;][vc_empty_space height=&#8221;30px&#8221; el_class=&#8221;hide-for-large&#8221;][vc_empty_space height=&#8221;60px&#8221; el_class=&#8221;show-for-large&#8221;][vc_column_text css=&#8221;&#8221;] Sobre nosotros [\/vc_column_text][vc_empty_space height=&#8221;60px&#8221; el_class=&#8221;show-for-large&#8221;][vc_empty_space height=&#8221;30px&#8221; el_class=&#8221;hide-for-large&#8221;][\/vc_column][\/vc_row][\/vc_section][vc_section css=&#8221;.vc_custom_1758828119130{background-color: #FFFFFF !important;}&#8221; el_id=&#8221;planning-section_1&#8243;][vc_row][vc_column][vc_empty_space height=&#8221;30px&#8221; el_class=&#8221;hide-for-large&#8221;][vc_empty_space height=&#8221;60px&#8221; el_class=&#8221;show-for-large&#8221;][vc_row_inner el_class=&#8221;row no-padding-vc align-center&#8221;][vc_column_inner el_class=&#8221;columns large-8 small-12 text-center&#8221;][vc_column_text css=&#8221;&#8221; el_class=&#8221;text-center&#8221;] Plan estrat\u00e9gico actual La Autoridad de Movilidad Regional del Condado de Hidalgo desarrolla planes estrat\u00e9gicos para<a class=\"excerpt-read-more\" href=\"https:\/\/www.hcrma.net\/es\/planificacion-estrategica\/\" title=\"ReadPlanificaci\u00f3n estrat\u00e9gica\">&#8230; Read more &raquo;<\/a><\/p>\n","protected":false},"author":1,"featured_media":0,"parent":0,"menu_order":0,"comment_status":"closed","ping_status":"closed","template":"template-visual-builder.php","meta":{"_acf_changed":false,"footnotes":""},"class_list":["post-4112","page","type-page","status-publish","hentry"],"acf":[],"yoast_head":"<!-- This site is optimized with the Yoast SEO plugin v27.2 - https:\/\/yoast.com\/product\/yoast-seo-wordpress\/ -->\n<title>Planificaci\u00f3n estrat\u00e9gica - Hidalgo County Regional Mobility Authority<\/title>\n<meta name=\"robots\" content=\"index, follow, max-snippet:-1, max-image-preview:large, max-video-preview:-1\" \/>\n<link rel=\"canonical\" href=\"https:\/\/www.hcrma.net\/es\/planificacion-estrategica\/\" \/>\n<meta property=\"og:locale\" content=\"es_ES\" \/>\n<meta property=\"og:type\" content=\"article\" \/>\n<meta property=\"og:title\" content=\"Planificaci\u00f3n estrat\u00e9gica - Hidalgo County Regional Mobility Authority\" \/>\n<meta property=\"og:description\" content=\"[vc_section css=&#8221;.vc_custom_1761051993049{background-image: url(https:\/\/www.hcrma.net\/wp-content\/uploads\/2025\/09\/login-section_0-bg-img.png?id=289) !important;}&#8221; el_id=&#8221;section-hero&#8221;][vc_row content_placement=&#8221;middle&#8221; el_class=&#8221;row no-padding-vc&#8221;][vc_column el_class=&#8221;columns large-12&#8243;][vc_empty_space height=&#8221;30px&#8221; el_class=&#8221;hide-for-large&#8221;][vc_empty_space height=&#8221;60px&#8221; el_class=&#8221;show-for-large&#8221;][vc_column_text css=&#8221;&#8221;] Sobre nosotros [\/vc_column_text][vc_empty_space height=&#8221;60px&#8221; el_class=&#8221;show-for-large&#8221;][vc_empty_space height=&#8221;30px&#8221; el_class=&#8221;hide-for-large&#8221;][\/vc_column][\/vc_row][\/vc_section][vc_section css=&#8221;.vc_custom_1758828119130{background-color: #FFFFFF !important;}&#8221; el_id=&#8221;planning-section_1&#8243;][vc_row][vc_column][vc_empty_space height=&#8221;30px&#8221; el_class=&#8221;hide-for-large&#8221;][vc_empty_space height=&#8221;60px&#8221; el_class=&#8221;show-for-large&#8221;][vc_row_inner el_class=&#8221;row no-padding-vc align-center&#8221;][vc_column_inner el_class=&#8221;columns large-8 small-12 text-center&#8221;][vc_column_text css=&#8221;&#8221; el_class=&#8221;text-center&#8221;] Plan estrat\u00e9gico actual La Autoridad de Movilidad Regional del Condado de Hidalgo desarrolla planes estrat\u00e9gicos para... Read more &raquo;\" \/>\n<meta property=\"og:url\" content=\"https:\/\/www.hcrma.net\/es\/planificacion-estrategica\/\" \/>\n<meta property=\"og:site_name\" content=\"Hidalgo County Regional Mobility Authority\" \/>\n<meta property=\"article:modified_time\" content=\"2026-03-26T17:06:02+00:00\" \/>\n<meta name=\"twitter:card\" content=\"summary_large_image\" \/>\n<meta name=\"twitter:label1\" content=\"Est. reading time\" \/>\n\t<meta name=\"twitter:data1\" content=\"4 minutes\" \/>\n<script type=\"application\/ld+json\" class=\"yoast-schema-graph\">{\"@context\":\"https:\/\/schema.org\",\"@graph\":[{\"@type\":\"WebPage\",\"@id\":\"https:\/\/www.hcrma.net\/es\/planificacion-estrategica\/\",\"url\":\"https:\/\/www.hcrma.net\/es\/planificacion-estrategica\/\",\"name\":\"Planificaci\u00f3n estrat\u00e9gica - Hidalgo County Regional Mobility Authority\",\"isPartOf\":{\"@id\":\"https:\/\/www.hcrma.net\/#website\"},\"datePublished\":\"2025-09-25T19:29:49+00:00\",\"dateModified\":\"2026-03-26T17:06:02+00:00\",\"breadcrumb\":{\"@id\":\"https:\/\/www.hcrma.net\/es\/planificacion-estrategica\/#breadcrumb\"},\"inLanguage\":\"es-ES\",\"potentialAction\":[{\"@type\":\"ReadAction\",\"target\":[\"https:\/\/www.hcrma.net\/es\/planificacion-estrategica\/\"]}]},{\"@type\":\"BreadcrumbList\",\"@id\":\"https:\/\/www.hcrma.net\/es\/planificacion-estrategica\/#breadcrumb\",\"itemListElement\":[{\"@type\":\"ListItem\",\"position\":1,\"name\":\"Home\",\"item\":\"https:\/\/www.hcrma.net\/es\/inicio\/\"},{\"@type\":\"ListItem\",\"position\":2,\"name\":\"Planificaci\u00f3n estrat\u00e9gica\"}]},{\"@type\":\"WebSite\",\"@id\":\"https:\/\/www.hcrma.net\/#website\",\"url\":\"https:\/\/www.hcrma.net\/\",\"name\":\"Hidalgo County Regional Mobility Authority\",\"description\":\"\",\"potentialAction\":[{\"@type\":\"SearchAction\",\"target\":{\"@type\":\"EntryPoint\",\"urlTemplate\":\"https:\/\/www.hcrma.net\/?s={search_term_string}\"},\"query-input\":{\"@type\":\"PropertyValueSpecification\",\"valueRequired\":true,\"valueName\":\"search_term_string\"}}],\"inLanguage\":\"es-ES\"}]}<\/script>\n<!-- \/ Yoast SEO plugin. -->","yoast_head_json":{"title":"Planificaci\u00f3n estrat\u00e9gica - Hidalgo County Regional Mobility Authority","robots":{"index":"index","follow":"follow","max-snippet":"max-snippet:-1","max-image-preview":"max-image-preview:large","max-video-preview":"max-video-preview:-1"},"canonical":"https:\/\/www.hcrma.net\/es\/planificacion-estrategica\/","og_locale":"es_ES","og_type":"article","og_title":"Planificaci\u00f3n estrat\u00e9gica - Hidalgo County Regional Mobility Authority","og_description":"[vc_section css=&#8221;.vc_custom_1761051993049{background-image: url(https:\/\/www.hcrma.net\/wp-content\/uploads\/2025\/09\/login-section_0-bg-img.png?id=289) !important;}&#8221; el_id=&#8221;section-hero&#8221;][vc_row content_placement=&#8221;middle&#8221; el_class=&#8221;row no-padding-vc&#8221;][vc_column el_class=&#8221;columns large-12&#8243;][vc_empty_space height=&#8221;30px&#8221; el_class=&#8221;hide-for-large&#8221;][vc_empty_space height=&#8221;60px&#8221; el_class=&#8221;show-for-large&#8221;][vc_column_text css=&#8221;&#8221;] Sobre nosotros [\/vc_column_text][vc_empty_space height=&#8221;60px&#8221; el_class=&#8221;show-for-large&#8221;][vc_empty_space height=&#8221;30px&#8221; el_class=&#8221;hide-for-large&#8221;][\/vc_column][\/vc_row][\/vc_section][vc_section css=&#8221;.vc_custom_1758828119130{background-color: #FFFFFF !important;}&#8221; el_id=&#8221;planning-section_1&#8243;][vc_row][vc_column][vc_empty_space height=&#8221;30px&#8221; el_class=&#8221;hide-for-large&#8221;][vc_empty_space height=&#8221;60px&#8221; el_class=&#8221;show-for-large&#8221;][vc_row_inner el_class=&#8221;row no-padding-vc align-center&#8221;][vc_column_inner el_class=&#8221;columns large-8 small-12 text-center&#8221;][vc_column_text css=&#8221;&#8221; el_class=&#8221;text-center&#8221;] Plan estrat\u00e9gico actual La Autoridad de Movilidad Regional del Condado de Hidalgo desarrolla planes estrat\u00e9gicos para... Read more &raquo;","og_url":"https:\/\/www.hcrma.net\/es\/planificacion-estrategica\/","og_site_name":"Hidalgo County Regional Mobility Authority","article_modified_time":"2026-03-26T17:06:02+00:00","twitter_card":"summary_large_image","twitter_misc":{"Est. reading time":"4 minutes"},"schema":{"@context":"https:\/\/schema.org","@graph":[{"@type":"WebPage","@id":"https:\/\/www.hcrma.net\/es\/planificacion-estrategica\/","url":"https:\/\/www.hcrma.net\/es\/planificacion-estrategica\/","name":"Planificaci\u00f3n estrat\u00e9gica - Hidalgo County Regional Mobility Authority","isPartOf":{"@id":"https:\/\/www.hcrma.net\/#website"},"datePublished":"2025-09-25T19:29:49+00:00","dateModified":"2026-03-26T17:06:02+00:00","breadcrumb":{"@id":"https:\/\/www.hcrma.net\/es\/planificacion-estrategica\/#breadcrumb"},"inLanguage":"es-ES","potentialAction":[{"@type":"ReadAction","target":["https:\/\/www.hcrma.net\/es\/planificacion-estrategica\/"]}]},{"@type":"BreadcrumbList","@id":"https:\/\/www.hcrma.net\/es\/planificacion-estrategica\/#breadcrumb","itemListElement":[{"@type":"ListItem","position":1,"name":"Home","item":"https:\/\/www.hcrma.net\/es\/inicio\/"},{"@type":"ListItem","position":2,"name":"Planificaci\u00f3n estrat\u00e9gica"}]},{"@type":"WebSite","@id":"https:\/\/www.hcrma.net\/#website","url":"https:\/\/www.hcrma.net\/","name":"Hidalgo County Regional Mobility Authority","description":"","potentialAction":[{"@type":"SearchAction","target":{"@type":"EntryPoint","urlTemplate":"https:\/\/www.hcrma.net\/?s={search_term_string}"},"query-input":{"@type":"PropertyValueSpecification","valueRequired":true,"valueName":"search_term_string"}}],"inLanguage":"es-ES"}]}},"_links":{"self":[{"href":"https:\/\/www.hcrma.net\/es\/wp-json\/wp\/v2\/pages\/4112","targetHints":{"allow":["GET"]}}],"collection":[{"href":"https:\/\/www.hcrma.net\/es\/wp-json\/wp\/v2\/pages"}],"about":[{"href":"https:\/\/www.hcrma.net\/es\/wp-json\/wp\/v2\/types\/page"}],"author":[{"embeddable":true,"href":"https:\/\/www.hcrma.net\/es\/wp-json\/wp\/v2\/users\/1"}],"replies":[{"embeddable":true,"href":"https:\/\/www.hcrma.net\/es\/wp-json\/wp\/v2\/comments?post=4112"}],"version-history":[{"count":4,"href":"https:\/\/www.hcrma.net\/es\/wp-json\/wp\/v2\/pages\/4112\/revisions"}],"predecessor-version":[{"id":4655,"href":"https:\/\/www.hcrma.net\/es\/wp-json\/wp\/v2\/pages\/4112\/revisions\/4655"}],"wp:attachment":[{"href":"https:\/\/www.hcrma.net\/es\/wp-json\/wp\/v2\/media?parent=4112"}],"curies":[{"name":"wp","href":"https:\/\/api.w.org\/{rel}","templated":true}]}}