{"id":4108,"date":"2025-09-27T07:47:39","date_gmt":"2025-09-27T07:47:39","guid":{"rendered":"https:\/\/www.hcrma.net\/historia-e-hitos\/"},"modified":"2026-03-25T20:16:33","modified_gmt":"2026-03-25T20:16:33","slug":"historia-e-hitos","status":"publish","type":"page","link":"https:\/\/www.hcrma.net\/es\/historia-e-hitos\/","title":{"rendered":"Historia e hitos"},"content":{"rendered":"<div class=\"wpb-content-wrapper\"><p>[vc_section css=&#8221;.vc_custom_1761051993049{background-image: url(https:\/\/www.hcrma.net\/wp-content\/uploads\/2025\/09\/login-section_0-bg-img.png?id=289) !important;}&#8221; el_id=&#8221;section-hero&#8221;][vc_row content_placement=&#8221;middle&#8221; el_class=&#8221;row no-padding-vc&#8221;][vc_column el_class=&#8221;columns large-12&#8243;][vc_empty_space height=&#8221;30px&#8221; el_class=&#8221;hide-for-large&#8221;][vc_empty_space height=&#8221;60px&#8221; el_class=&#8221;show-for-large&#8221;][vc_column_text css=&#8221;&#8221;]<\/p>\n<h1 class=\"alt-white font-weight-bold\">Sobre nosotros<\/h1>\n<p>[\/vc_column_text][vc_empty_space height=&#8221;60px&#8221; el_class=&#8221;show-for-large&#8221;][vc_empty_space height=&#8221;30px&#8221; el_class=&#8221;hide-for-large&#8221;][\/vc_column][\/vc_row][\/vc_section][vc_section css=&#8221;.vc_custom_1758959324232{background-color: #F9FAFB !important;}&#8221; el_id=&#8221;history-section_1&#8243;][vc_row][vc_column][vc_empty_space height=&#8221;30px&#8221; el_class=&#8221;hide-for-large&#8221;][vc_empty_space height=&#8221;60px&#8221; el_class=&#8221;show-for-large&#8221;][vc_row_inner el_class=&#8221;row no-padding-vc align-center&#8221;][vc_column_inner el_class=&#8221;columns large-5 small-12 large-order-1 text-center large-text-left&#8221; width=&#8221;1\/2&#8243;][vc_column_text css=&#8221;&#8221;]<img decoding=\"async\" class=\"alignnone size-full wp-image-502\" src=\"\/wp-content\/uploads\/2025\/09\/history-section_1-img_1.png\" alt=\"Ceremonia de colocaci\u00f3n de la primera piedra de la autopista de peaje 365\" \/>[\/vc_column_text][vc_empty_space height=&#8221;30px&#8221; el_class=&#8221;hide-for-large&#8221;][\/vc_column_inner][vc_column_inner el_class=&#8221;columns large-7 small-12 large-order-0 text-center large-text-left&#8221; width=&#8221;1\/2&#8243;][vc_column_text css=&#8221;&#8221;]<\/p>\n<h2 class=\"font-color-header-color margin-bottom-2rem font-weight-bold\">Seguimiento de nuestro progreso, construyendo nuestro futuro<\/h2>\n<p class=\"margin-bottom-1point5rem extra-big\">Desde su creaci\u00f3n en 2005, la Autoridad de Movilidad Regional del Condado de Hidalgo ha trabajado para impulsar proyectos de transporte que mejoren la movilidad, la seguridad y las oportunidades econ\u00f3micas en nuestra regi\u00f3n. Uno de nuestros logros m\u00e1s importantes es el desarrollo de la 365 Toll, una conexi\u00f3n esencial de puente a puente que une comunidades en todo el Condado de Hidalgo y mejora las rutas de comercio internacional.<\/p>\n<p class=\"extra-big\">A lo largo de los a\u00f1os, la HCRMA ha alcanzado hitos importantes, desde la obtenci\u00f3n de permisos ambientales y financiaci\u00f3n hasta el inicio y la finalizaci\u00f3n de proyectos de construcci\u00f3n, que reflejan nuestro compromiso de construir una infraestructura que satisfaga las necesidades de hoy mientras nos preparamos para el ma\u00f1ana.<\/p>\n<p>[\/vc_column_text][vc_empty_space height=&#8221;60px&#8221; el_class=&#8221;show-for-large&#8221;][\/vc_column_inner][\/vc_row_inner][vc_empty_space height=&#8221;60px&#8221; el_class=&#8221;show-for-large&#8221;][vc_empty_space height=&#8221;30px&#8221; el_class=&#8221;hide-for-large&#8221;][\/vc_column][\/vc_row][\/vc_section][vc_section el_id=&#8221;history-section_2&#8243; css=&#8221;.vc_custom_1758959329304{background-color: #F9FAFB !important;}&#8221;][vc_row][vc_column][vc_empty_space height=&#8221;30px&#8221; el_class=&#8221;hide-for-large&#8221;][vc_empty_space height=&#8221;60px&#8221; el_class=&#8221;show-for-large&#8221;][vc_row_inner el_class=&#8221;row no-padding-vc align-center&#8221;][vc_column_inner el_class=&#8221;columns large-10 small-12 text-center&#8221;][vc_column_text css=&#8221;&#8221;]<\/p>\n<h2 class=\"margin-bottom-2rem font-weight-bold\">Hitos de la HCRMA<\/h2>\n<p class=\"extra-big margin-bottom-1point5rem\">Los hitos de desarrollo destacan los pasos clave dados para llevar los principales proyectos de transporte desde el concepto hasta la realidad. Cada hito representa un progreso en \u00e1reas como la autorizaci\u00f3n ambiental, la adquisici\u00f3n de derechos de paso, la coordinaci\u00f3n de servicios p\u00fablicos, la financiaci\u00f3n y la construcci\u00f3n. Juntos, estos logros reflejan el compromiso de la HCRMA de entregar proyectos de manera eficiente, a tiempo y en consonancia con los objetivos de movilidad de la regi\u00f3n.<\/p>\n<p>[\/vc_column_text][\/vc_column_inner][\/vc_row_inner][vc_empty_space height=&#8221;60px&#8221; el_class=&#8221;show-for-large&#8221;][vc_empty_space height=&#8221;30px&#8221; el_class=&#8221;hide-for-large&#8221;][vc_raw_html css=&#8221;&#8221;]PGRpdiBjbGFzcz0idGltZWxpbmUtY29udGFpbmVyIj4NCiAgPGRpdiBjbGFzcz0idGltZWxpbmUtcm93Ij4NCg0KICAgIDxkaXYgY2xhc3M9InRpbWVsaW5lLXN0ZXAiPg0KICAgICAgPHAgY2xhc3M9ImRhdGUgdG9wIHRleHQtbGVmdCByZW1vdmUtYnIiPg0KICAgICAgICA8c3BhbiBjbGFzcz0iZm9udC13ZWlnaHQtYm9sZCBmb250LWNvbG9yLWJsYWNrIj4xNyBkZSBub3ZpZW1icmUgZGUgMjAwNTwvc3Bhbj48YnI+IEVsIENvbmRhZG8gZGUgSGlkYWxnbyB5PGJyPiBsYSBDb21pc2nDs24gZGUgVHJhbnNwb3J0ZSBkZSBUZXhhcyBjcmVhbiBsYSBIQ1JNQSBwYXJhIGFjZWxlcmFyIGxvcyBwcm95ZWN0b3MgZGUgbW92aWxpZGFkIGxvY2FsLg0KICAgICAgPC9wPg0KICAgICAgPGRpdiBjbGFzcz0iZG90IiBkYXRhLWltYWdlPSIvd3AtY29udGVudC91cGxvYWRzLzIwMjUvMTAvdGltZWxpbmVfdHJpYWxzLnBuZyIgZGF0YS10aXRsZT0iMzY1IFRvbGx3YXk6IEZyb20gR3JvdW5kYnJlYWtpbmcgdG8gTWFqb3IgTWlsZXN0b25lIiBkYXRhLWRlc2MxPSJpbiBGZWJydWFyeSAyMDE2LCB0aGUgSGlkYWxnbyBDb3VudHkgUmVnaW9uYWwgTW9iaWxpdHkgQXV0aG9yaXR5IG9mZmljaWFsbHkgYnJva2UgZ3JvdW5kIG9uIHRoZSBmaXJzdCBwaGFzZSBvZiB0aGUgU0ggMzY1IFRvbGx3YXksIG1hcmtpbmcgdGhlIHN0YXJ0IG9mIGEgcHJvamVjdCBkZXNpZ25lZCB0byBpbXByb3ZlIHNhZmV0eSwgZW5oYW5jZSBpbnRlcm5hdGlvbmFsIHRyYWRlIHJvdXRlcywgYW5kIHNlcGFyYXRlIG92ZXJ3ZWlnaHQgdHJ1Y2sgdHJhZmZpYyBmcm9tIHBhc3NlbmdlciB2ZWhpY2xlcy4iIGRhdGEtZGVzYzI9Ik5lYXJseSBhIGRlY2FkZSBsYXRlciwgdGhlIHByb2plY3QgaGFzIHJlYWNoZWQgYSBtYWpvciBtaWxlc3RvbmU6IGluIEp1bHkgMjAyNSwgdGhlIGZpcnN0IG1haW5saW5lIHRvbGwgZ2FudHJ5IHdhcyBzdWNjZXNzZnVsbHkgZmFicmljYXRlZCBhbmQgaW5zdGFsbGVkLiBUaGlzIGFsbC1lbGVjdHJvbmljLCBvcGVuLXJvYWQgdG9sbGluZyBzeXN0ZW0gcmVwcmVzZW50cyBhIHNpZ25pZmljYW50IHN0ZXAgdG93YXJkIHRoZSBUb2xsd2F54oCZcyBjb21wbGV0aW9uIGFuZCB0aGUgbW9kZXJuaXphdGlvbiBvZiBIaWRhbGdvIENvdW50eeKAmXMgdHJhbnNwb3J0YXRpb24gaW5mcmFzdHJ1Y3R1cmUuIEFzIGNvbnN0cnVjdGlvbiBhZHZhbmNlcywgdGhlIDM2NSBUb2xsd2F5IGNvbnRpbnVlcyB0byBtb3ZlIGNsb3NlciB0byBkZWxpdmVyaW5nIGZhc3Rlciwgc2FmZXIsIGFuZCBtb3JlIGVmZmljaWVudCB0cmF2ZWwgZm9yIHRoZSByZWdpb24uIj4NCiAgICAgIDwvZGl2Pg0KICAgIDwvZGl2Pg0KDQogICAgPGRpdiBjbGFzcz0idGltZWxpbmUtc3RlcCI+DQogICAgICA8cCBjbGFzcz0iZGF0ZSBib3R0b20gdGV4dC1sZWZ0IHJlbW92ZS1iciI+DQogICAgICAgIDxzcGFuIGNsYXNzPSJmb250LXdlaWdodC1ib2xkIGZvbnQtY29sb3ItYmxhY2siPjMgZGUganVsaW8gZGUgMjAxNTwvc3Bhbj48YnI+TGEgSENSTUEgb2J0aWVuZSBsYSBhdXRvcml6YWNpw7NuIGFtYmllbnRhbCBwYXJhIGxhIDM2NSBUb2xsd2F5LiBVbiBoaXRvIGZ1bmRhbWVudGFsIHBhcmEgbGEgZW50cmVnYSBkZWwgcHJveWVjdG8uIDwvcD4NCiAgICAgIDxkaXYgY2xhc3M9ImRvdCIgZGF0YS1pbWFnZT0iL3dwLWNvbnRlbnQvdXBsb2Fkcy8yMDI1LzA4L3V0aWxpdHkuanBnIiBkYXRhLXRpdGxlPSJTdGFrZWhvbGRlciBNZWV0aW5nIiBkYXRhLWRlc2MxPSJVdGlsaXR5IGNvbXBhbmllcyBoZWxkIGluaXRpYWwgY29vcmRpbmF0aW9uLiIgZGF0YS1kZXNjMj0iUGxhbnMgZm9yIHJlbG9jYXRpb24gd2VyZSBkaXNjdXNzZWQuIj4NCiAgICAgIDwvZGl2Pg0KICAgIDwvZGl2Pg0KDQogICAgPGRpdiBjbGFzcz0idGltZWxpbmUtc3RlcCI+DQogICAgICA8cCBjbGFzcz0iZGF0ZSB0b3AgdGV4dC1sZWZ0IHJlbW92ZS1iciI+DQogICAgICAgIDxzcGFuIGNsYXNzPSJmb250LXdlaWdodC1ib2xkIGZvbnQtY29sb3ItYmxhY2siPjE4IGRlIGZlYnJlcm8gZGUgMjAxNjwvc3Bhbj48YnI+IExhIEhDUk1BIGluaWNpYSBsYSBjb25zdHJ1Y2Npw7NuIGRlIHN1IHByaW1lciBwcm95ZWN0byBkZSBjb25zdHJ1Y2Npw7NuIGRlIGNhcnJldGVyYXMsIGVsIEJTSUYgQ29ubmVjdG9yLCBGYXNlIEkgKFNlZ21lbnRvIDMpIGRlIGxhIDM2NSBUb2xsd2F5LjwvcD4NCiAgICAgIDxkaXYgY2xhc3M9ImRvdCIgZGF0YS1pbWFnZT0iL3dwLWNvbnRlbnQvdXBsb2Fkcy8yMDI1LzA5L3Jvdy5qcGciIGRhdGEtdGl0bGU9IkxhbmQgU2VjdXJlZCIgZGF0YS1kZXNjMT0iOTUlIG9mIFJpZ2h0IG9mIFdheSBhY3F1aXJlZC4iIGRhdGEtZGVzYzI9IlJlbWFpbmluZyBwYXJjZWxzIHVuZGVyIG5lZ290aWF0aW9uLiI+DQogICAgICA8L2Rpdj4NCiAgICA8L2Rpdj4NCiAgICANCiAgICAgICAgPGRpdiBjbGFzcz0idGltZWxpbmUtc3RlcCI+DQogICAgICA8cCBjbGFzcz0iZGF0ZSBib3R0b20gdGV4dC1sZWZ0IHJlbW92ZS1iciI+DQogICAgICAgIDxzcGFuIGNsYXNzPSJmb250LXdlaWdodC1ib2xkIGZvbnQtY29sb3ItYmxhY2siPjQgZGUgb2N0dWJyZSBkZSAyMDE4PC9zcGFuPjxicj4gTGEgSENSTUEgY29tcGxldGEgY29uIMOpeGl0byBzdSBwcmltZXIgcHJveWVjdG8gZGUgY29uc3RydWNjacOzbiBkZSBjYXJyZXRlcmFzLCBlbCBCU0lGIENvbm5lY3RvciwgRmFzZSBJIChTZWdtZW50byAzKSBkZSBsYSAzNjUgVG9sbHdheS48L3A+DQogICAgICA8ZGl2IGNsYXNzPSJkb3QiIGRhdGEtaW1hZ2U9Ii93cC1jb250ZW50L3VwbG9hZHMvMjAyNS8wOS9yb3cuanBnIiBkYXRhLXRpdGxlPSJMYW5kIFNlY3VyZWQiIGRhdGEtZGVzYzE9Ijk1JSBvZiBSaWdodCBvZiBXYXkgYWNxdWlyZWQuIiBkYXRhLWRlc2MyPSJSZW1haW5pbmcgcGFyY2VscyB1bmRlciBuZWdvdGlhdGlvbi4iPg0KICAgICAgPC9kaXY+DQogICAgPC9kaXY+DQogICAgDQogICAgPGRpdiBjbGFzcz0idGltZWxpbmUtc3RlcCI+DQogICAgICA8cCBjbGFzcz0iZGF0ZSB0b3AgdGV4dC1sZWZ0IHJlbW92ZS1iciI+DQogICAgICAgIDxzcGFuIGNsYXNzPSJmb250LXdlaWdodC1ib2xkIGZvbnQtY29sb3ItYmxhY2siPjE1IGRlIGZlYnJlcm8gZGUgMjAyMjwvc3Bhbj48YnI+IExhIEhDUk1BIGluaWNpYSBsYSBjb25zdHJ1Y2Npw7NuIGRlIGxhIEZhc2UgSUkgZGUgbGEgMzY1IFRvbGx3YXkgKFNlZ21lbnRvcyAxIHkgMikuIExhIHByaW1lcmEgY2FycmV0ZXJhIGRlIHBlYWplIGVuIGVsIGNvbmRhZG8gZGUgSGlkYWxnby4gPC9wPg0KICAgICAgPGRpdiBjbGFzcz0iZG90IiBkYXRhLWltYWdlPSIvd3AtY29udGVudC91cGxvYWRzLzIwMjUvMDkvcm93LmpwZyIgZGF0YS10aXRsZT0iTGFuZCBTZWN1cmVkIiBkYXRhLWRlc2MxPSI5NSUgb2YgUmlnaHQgb2YgV2F5IGFjcXVpcmVkLiIgZGF0YS1kZXNjMj0iUmVtYWluaW5nIHBhcmNlbHMgdW5kZXIgbmVnb3RpYXRpb24uIj4NCiAgICAgIDwvZGl2Pg0KICAgIDwvZGl2Pg0KICAgIA0KICAgIDxkaXYgY2xhc3M9InRpbWVsaW5lLXN0ZXAiPg0KICAgICAgPHAgY2xhc3M9ImRhdGUgYm90dG9tIHRleHQtbGVmdCByZW1vdmUtYnIiPg0KICAgICAgICA8c3BhbiBjbGFzcz0iZm9udC13ZWlnaHQtYm9sZCBmb250LWNvbG9yLWJsYWNrIj4xIGRlIHNlcHRpZW1icmUgZGUgMjAyMzwvc3Bhbj48YnI+TGEgSENSTUEgb2J0aWVuZSBsYSBhdXRvcml6YWNpw7NuIGFtYmllbnRhbCBwYXJhIGVsIENvcnJlZG9yIENvbWVyY2lhbCBkZWwgUHVlbnRlIEludGVybmFjaW9uYWwsIHVuIHByb3llY3RvIGltcG9ydGFudGUgZW4gZWwgcGxhbiBlc3RyYXTDqWdpY28gZGUgbGEgSENSTUEuPC9wPg0KICAgICAgPGRpdiBjbGFzcz0iZG90IiBkYXRhLWltYWdlPSIvd3AtY29udGVudC91cGxvYWRzLzIwMjUvMDkvcm93LmpwZyIgZGF0YS10aXRsZT0iTGFuZCBTZWN1cmVkIiBkYXRhLWRlc2MxPSI5NSUgb2YgUmlnaHQgb2YgV2F5IGFjcXVpcmVkLiIgZGF0YS1kZXNjMj0iUmVtYWluaW5nIHBhcmNlbHMgdW5kZXIgbmVnb3RpYXRpb24uIj4NCiAgICAgIDwvZGl2Pg0KICAgIDwvZGl2Pg0KICA8L2Rpdj4NCjwvZGl2Pg0KPGRpdiBjbGFzcz0ic2hvdy1mb3ItbGFyZ2UiIHN0eWxlPSJoZWlnaHQ6MTIwcHgiPjwvZGl2Pg0KDQo8ZGl2IGNsYXNzPSJ0aW1lbGluZS1pbmZvLWNhcmQgaGlkZSIgaWQ9IiI+DQoNCjxkaXYgY2xhc3M9InJvdyBuby1wYWRkaW5nLWZvdW5kYXRpb24gYWxpZ24tbWlkZGxlIGFsaWduLWNlbnRlciI+DQogIA0KICA8IS0tIExlZnQgU2lkZSAtLT4NCiAgPGRpdiBjbGFzcz0iY29sdW1ucyBsYXJnZS00IHNtYWxsLTEyIj4NCiAgICA8aW1nIGlkPSJpbmZvSW1hZ2UiIGNsYXNzPSJpbmZvLWltYWdlIiBzcmM9IiIgYWx0PSIiPg0KICA8L2Rpdj4NCg0KICA8IS0tIFNwYWNlciBmb3Igc21hbGwgc2NyZWVucyAtLT4NCiAgPGRpdiBjbGFzcz0iY29sdW1ucyBoaWRlLWZvci1sYXJnZSIgc3R5bGU9ImhlaWdodDo0NXB4OyI+PC9kaXY+DQoNCiAgPCEtLSBSaWdodCBTaWRlIC0tPg0KICA8ZGl2IGNsYXNzPSJjb2x1bW5zIGxhcmdlLTggc21hbGwtMTIiPg0KICAgIDxkaXYgY2xhc3M9ImV4dHJhLWxhcmdlLXBhZGRpbmctbGVmdC1mb3ItbGFyZ2UgZXh0cmEtbGFyZ2UtcGFkZGluZy1yaWdodC1mb3ItbGFyZ2UiPg0KICAgICAgPGgzIGlkPSJpbmZvVGl0bGUiIGNsYXNzPSJpbmZvLXRpdGxlIG1hcmdpbi10b3AtMXJlbSI+PC9oMz4NCiAgICAgIDxwIGlkPSJpbmZvRGVzYzEiIGNsYXNzPSJpbmZvLWRlc2MxIGJpZyI+PC9wPg0KICAgICAgPHAgaWQ9ImluZm9EZXNjMiIgY2xhc3M9ImluZm8tZGVzYzIgYmlnIj48L3A+DQogICAgPC9kaXY+DQogIDwvZGl2Pg0KDQo8L2Rpdj4NCjwvZGl2Pg==[\/vc_raw_html][vc_empty_space height=&#8221;30px&#8221; el_class=&#8221;hide-for-large&#8221;][vc_empty_space height=&#8221;60px&#8221; el_class=&#8221;show-for-large&#8221;][\/vc_column][\/vc_row][\/vc_section]<\/p>\n<\/div>","protected":false},"excerpt":{"rendered":"<p>[vc_section css=&#8221;.vc_custom_1761051993049{background-image: url(https:\/\/www.hcrma.net\/wp-content\/uploads\/2025\/09\/login-section_0-bg-img.png?id=289) !important;}&#8221; el_id=&#8221;section-hero&#8221;][vc_row content_placement=&#8221;middle&#8221; el_class=&#8221;row no-padding-vc&#8221;][vc_column el_class=&#8221;columns large-12&#8243;][vc_empty_space height=&#8221;30px&#8221; el_class=&#8221;hide-for-large&#8221;][vc_empty_space height=&#8221;60px&#8221; el_class=&#8221;show-for-large&#8221;][vc_column_text css=&#8221;&#8221;] Sobre nosotros [\/vc_column_text][vc_empty_space height=&#8221;60px&#8221; el_class=&#8221;show-for-large&#8221;][vc_empty_space height=&#8221;30px&#8221; el_class=&#8221;hide-for-large&#8221;][\/vc_column][\/vc_row][\/vc_section][vc_section css=&#8221;.vc_custom_1758959324232{background-color: #F9FAFB !important;}&#8221; el_id=&#8221;history-section_1&#8243;][vc_row][vc_column][vc_empty_space height=&#8221;30px&#8221; el_class=&#8221;hide-for-large&#8221;][vc_empty_space height=&#8221;60px&#8221; el_class=&#8221;show-for-large&#8221;][vc_row_inner el_class=&#8221;row no-padding-vc align-center&#8221;][vc_column_inner el_class=&#8221;columns large-5 small-12 large-order-1 text-center large-text-left&#8221; width=&#8221;1\/2&#8243;][vc_column_text css=&#8221;&#8221;][\/vc_column_text][vc_empty_space height=&#8221;30px&#8221; el_class=&#8221;hide-for-large&#8221;][\/vc_column_inner][vc_column_inner el_class=&#8221;columns large-7 small-12 large-order-0 text-center large-text-left&#8221; width=&#8221;1\/2&#8243;][vc_column_text css=&#8221;&#8221;] Seguimiento de nuestro progreso,<a class=\"excerpt-read-more\" href=\"https:\/\/www.hcrma.net\/es\/historia-e-hitos\/\" title=\"ReadHistoria e hitos\">&#8230; Read more &raquo;<\/a><\/p>\n","protected":false},"author":1,"featured_media":0,"parent":0,"menu_order":0,"comment_status":"closed","ping_status":"closed","template":"template-visual-builder.php","meta":{"_acf_changed":false,"footnotes":""},"class_list":["post-4108","page","type-page","status-publish","hentry"],"acf":[],"yoast_head":"<!-- This site is optimized with the Yoast SEO plugin v27.2 - https:\/\/yoast.com\/product\/yoast-seo-wordpress\/ -->\n<title>Historia e hitos - Hidalgo County Regional Mobility Authority<\/title>\n<meta name=\"robots\" content=\"index, follow, max-snippet:-1, max-image-preview:large, max-video-preview:-1\" \/>\n<link rel=\"canonical\" href=\"https:\/\/www.hcrma.net\/es\/historia-e-hitos\/\" \/>\n<meta property=\"og:locale\" content=\"es_ES\" \/>\n<meta property=\"og:type\" content=\"article\" \/>\n<meta property=\"og:title\" content=\"Historia e hitos - Hidalgo County Regional Mobility Authority\" \/>\n<meta property=\"og:description\" content=\"[vc_section css=&#8221;.vc_custom_1761051993049{background-image: url(https:\/\/www.hcrma.net\/wp-content\/uploads\/2025\/09\/login-section_0-bg-img.png?id=289) !important;}&#8221; el_id=&#8221;section-hero&#8221;][vc_row content_placement=&#8221;middle&#8221; el_class=&#8221;row no-padding-vc&#8221;][vc_column el_class=&#8221;columns large-12&#8243;][vc_empty_space height=&#8221;30px&#8221; el_class=&#8221;hide-for-large&#8221;][vc_empty_space height=&#8221;60px&#8221; el_class=&#8221;show-for-large&#8221;][vc_column_text css=&#8221;&#8221;] Sobre nosotros [\/vc_column_text][vc_empty_space height=&#8221;60px&#8221; el_class=&#8221;show-for-large&#8221;][vc_empty_space height=&#8221;30px&#8221; el_class=&#8221;hide-for-large&#8221;][\/vc_column][\/vc_row][\/vc_section][vc_section css=&#8221;.vc_custom_1758959324232{background-color: #F9FAFB !important;}&#8221; el_id=&#8221;history-section_1&#8243;][vc_row][vc_column][vc_empty_space height=&#8221;30px&#8221; el_class=&#8221;hide-for-large&#8221;][vc_empty_space height=&#8221;60px&#8221; el_class=&#8221;show-for-large&#8221;][vc_row_inner el_class=&#8221;row no-padding-vc align-center&#8221;][vc_column_inner el_class=&#8221;columns large-5 small-12 large-order-1 text-center large-text-left&#8221; width=&#8221;1\/2&#8243;][vc_column_text css=&#8221;&#8221;][\/vc_column_text][vc_empty_space height=&#8221;30px&#8221; el_class=&#8221;hide-for-large&#8221;][\/vc_column_inner][vc_column_inner el_class=&#8221;columns large-7 small-12 large-order-0 text-center large-text-left&#8221; width=&#8221;1\/2&#8243;][vc_column_text css=&#8221;&#8221;] Seguimiento de nuestro progreso,... Read more &raquo;\" \/>\n<meta property=\"og:url\" content=\"https:\/\/www.hcrma.net\/es\/historia-e-hitos\/\" \/>\n<meta property=\"og:site_name\" content=\"Hidalgo County Regional Mobility Authority\" \/>\n<meta property=\"article:modified_time\" content=\"2026-03-25T20:16:33+00:00\" \/>\n<meta name=\"twitter:card\" content=\"summary_large_image\" \/>\n<meta name=\"twitter:label1\" content=\"Est. reading time\" \/>\n\t<meta name=\"twitter:data1\" content=\"2 minutes\" \/>\n<script type=\"application\/ld+json\" class=\"yoast-schema-graph\">{\"@context\":\"https:\/\/schema.org\",\"@graph\":[{\"@type\":\"WebPage\",\"@id\":\"https:\/\/www.hcrma.net\/es\/historia-e-hitos\/\",\"url\":\"https:\/\/www.hcrma.net\/es\/historia-e-hitos\/\",\"name\":\"Historia e hitos - Hidalgo County Regional Mobility Authority\",\"isPartOf\":{\"@id\":\"https:\/\/www.hcrma.net\/#website\"},\"datePublished\":\"2025-09-27T07:47:39+00:00\",\"dateModified\":\"2026-03-25T20:16:33+00:00\",\"breadcrumb\":{\"@id\":\"https:\/\/www.hcrma.net\/es\/historia-e-hitos\/#breadcrumb\"},\"inLanguage\":\"es-ES\",\"potentialAction\":[{\"@type\":\"ReadAction\",\"target\":[\"https:\/\/www.hcrma.net\/es\/historia-e-hitos\/\"]}]},{\"@type\":\"BreadcrumbList\",\"@id\":\"https:\/\/www.hcrma.net\/es\/historia-e-hitos\/#breadcrumb\",\"itemListElement\":[{\"@type\":\"ListItem\",\"position\":1,\"name\":\"Home\",\"item\":\"https:\/\/www.hcrma.net\/es\/inicio\/\"},{\"@type\":\"ListItem\",\"position\":2,\"name\":\"Historia e hitos\"}]},{\"@type\":\"WebSite\",\"@id\":\"https:\/\/www.hcrma.net\/#website\",\"url\":\"https:\/\/www.hcrma.net\/\",\"name\":\"Hidalgo County Regional Mobility Authority\",\"description\":\"\",\"potentialAction\":[{\"@type\":\"SearchAction\",\"target\":{\"@type\":\"EntryPoint\",\"urlTemplate\":\"https:\/\/www.hcrma.net\/?s={search_term_string}\"},\"query-input\":{\"@type\":\"PropertyValueSpecification\",\"valueRequired\":true,\"valueName\":\"search_term_string\"}}],\"inLanguage\":\"es-ES\"}]}<\/script>\n<!-- \/ Yoast SEO plugin. -->","yoast_head_json":{"title":"Historia e hitos - Hidalgo County Regional Mobility Authority","robots":{"index":"index","follow":"follow","max-snippet":"max-snippet:-1","max-image-preview":"max-image-preview:large","max-video-preview":"max-video-preview:-1"},"canonical":"https:\/\/www.hcrma.net\/es\/historia-e-hitos\/","og_locale":"es_ES","og_type":"article","og_title":"Historia e hitos - Hidalgo County Regional Mobility Authority","og_description":"[vc_section css=&#8221;.vc_custom_1761051993049{background-image: url(https:\/\/www.hcrma.net\/wp-content\/uploads\/2025\/09\/login-section_0-bg-img.png?id=289) !important;}&#8221; el_id=&#8221;section-hero&#8221;][vc_row content_placement=&#8221;middle&#8221; el_class=&#8221;row no-padding-vc&#8221;][vc_column el_class=&#8221;columns large-12&#8243;][vc_empty_space height=&#8221;30px&#8221; el_class=&#8221;hide-for-large&#8221;][vc_empty_space height=&#8221;60px&#8221; el_class=&#8221;show-for-large&#8221;][vc_column_text css=&#8221;&#8221;] Sobre nosotros [\/vc_column_text][vc_empty_space height=&#8221;60px&#8221; el_class=&#8221;show-for-large&#8221;][vc_empty_space height=&#8221;30px&#8221; el_class=&#8221;hide-for-large&#8221;][\/vc_column][\/vc_row][\/vc_section][vc_section css=&#8221;.vc_custom_1758959324232{background-color: #F9FAFB !important;}&#8221; el_id=&#8221;history-section_1&#8243;][vc_row][vc_column][vc_empty_space height=&#8221;30px&#8221; el_class=&#8221;hide-for-large&#8221;][vc_empty_space height=&#8221;60px&#8221; el_class=&#8221;show-for-large&#8221;][vc_row_inner el_class=&#8221;row no-padding-vc align-center&#8221;][vc_column_inner el_class=&#8221;columns large-5 small-12 large-order-1 text-center large-text-left&#8221; width=&#8221;1\/2&#8243;][vc_column_text css=&#8221;&#8221;][\/vc_column_text][vc_empty_space height=&#8221;30px&#8221; el_class=&#8221;hide-for-large&#8221;][\/vc_column_inner][vc_column_inner el_class=&#8221;columns large-7 small-12 large-order-0 text-center large-text-left&#8221; width=&#8221;1\/2&#8243;][vc_column_text css=&#8221;&#8221;] Seguimiento de nuestro progreso,... Read more &raquo;","og_url":"https:\/\/www.hcrma.net\/es\/historia-e-hitos\/","og_site_name":"Hidalgo County Regional Mobility Authority","article_modified_time":"2026-03-25T20:16:33+00:00","twitter_card":"summary_large_image","twitter_misc":{"Est. reading time":"2 minutes"},"schema":{"@context":"https:\/\/schema.org","@graph":[{"@type":"WebPage","@id":"https:\/\/www.hcrma.net\/es\/historia-e-hitos\/","url":"https:\/\/www.hcrma.net\/es\/historia-e-hitos\/","name":"Historia e hitos - Hidalgo County Regional Mobility Authority","isPartOf":{"@id":"https:\/\/www.hcrma.net\/#website"},"datePublished":"2025-09-27T07:47:39+00:00","dateModified":"2026-03-25T20:16:33+00:00","breadcrumb":{"@id":"https:\/\/www.hcrma.net\/es\/historia-e-hitos\/#breadcrumb"},"inLanguage":"es-ES","potentialAction":[{"@type":"ReadAction","target":["https:\/\/www.hcrma.net\/es\/historia-e-hitos\/"]}]},{"@type":"BreadcrumbList","@id":"https:\/\/www.hcrma.net\/es\/historia-e-hitos\/#breadcrumb","itemListElement":[{"@type":"ListItem","position":1,"name":"Home","item":"https:\/\/www.hcrma.net\/es\/inicio\/"},{"@type":"ListItem","position":2,"name":"Historia e hitos"}]},{"@type":"WebSite","@id":"https:\/\/www.hcrma.net\/#website","url":"https:\/\/www.hcrma.net\/","name":"Hidalgo County Regional Mobility Authority","description":"","potentialAction":[{"@type":"SearchAction","target":{"@type":"EntryPoint","urlTemplate":"https:\/\/www.hcrma.net\/?s={search_term_string}"},"query-input":{"@type":"PropertyValueSpecification","valueRequired":true,"valueName":"search_term_string"}}],"inLanguage":"es-ES"}]}},"_links":{"self":[{"href":"https:\/\/www.hcrma.net\/es\/wp-json\/wp\/v2\/pages\/4108","targetHints":{"allow":["GET"]}}],"collection":[{"href":"https:\/\/www.hcrma.net\/es\/wp-json\/wp\/v2\/pages"}],"about":[{"href":"https:\/\/www.hcrma.net\/es\/wp-json\/wp\/v2\/types\/page"}],"author":[{"embeddable":true,"href":"https:\/\/www.hcrma.net\/es\/wp-json\/wp\/v2\/users\/1"}],"replies":[{"embeddable":true,"href":"https:\/\/www.hcrma.net\/es\/wp-json\/wp\/v2\/comments?post=4108"}],"version-history":[{"count":2,"href":"https:\/\/www.hcrma.net\/es\/wp-json\/wp\/v2\/pages\/4108\/revisions"}],"predecessor-version":[{"id":4648,"href":"https:\/\/www.hcrma.net\/es\/wp-json\/wp\/v2\/pages\/4108\/revisions\/4648"}],"wp:attachment":[{"href":"https:\/\/www.hcrma.net\/es\/wp-json\/wp\/v2\/media?parent=4108"}],"curies":[{"name":"wp","href":"https:\/\/api.w.org\/{rel}","templated":true}]}}