{"id":4074,"date":"2025-10-21T07:11:54","date_gmt":"2025-10-21T07:11:54","guid":{"rendered":"https:\/\/www.hcrma.net\/corredor-comercial-del-puente-internacional-ibtc-sh-68\/"},"modified":"2026-02-04T09:17:30","modified_gmt":"2026-02-04T09:17:30","slug":"corredor-comercial-del-puente-internacional-ibtc-sh-68","status":"publish","type":"page","link":"https:\/\/www.hcrma.net\/es\/proyectos\/corredor-comercial-del-puente-internacional-ibtc-sh-68\/","title":{"rendered":"Corredor Comercial del Puente Internacional (IBTC)\/ SH 68"},"content":{"rendered":"<div class=\"wpb-content-wrapper\"><p>[vc_section css=&#8221;.vc_custom_1766399037314{background-image: url(https:\/\/www.hcrma.net\/wp-content\/uploads\/2025\/09\/login-section_0-bg-img.png?id=289) !important;}&#8221; el_id=&#8221;section-hero&#8221;][vc_row content_placement=&#8221;middle&#8221; el_class=&#8221;row no-padding-vc&#8221;][vc_column el_class=&#8221;columns large-12&#8243;][vc_empty_space height=&#8221;30px&#8221; el_class=&#8221;hide-for-large&#8221;][vc_empty_space height=&#8221;60px&#8221; el_class=&#8221;show-for-large&#8221;][vc_column_text css=&#8221;&#8221;]<\/p>\n<h1 class=\"alt-white font-weight-bold\">Proyectos<\/h1>\n<p>[\/vc_column_text][vc_empty_space height=&#8221;60px&#8221; el_class=&#8221;show-for-large&#8221;][vc_empty_space height=&#8221;30px&#8221; el_class=&#8221;hide-for-large&#8221;][\/vc_column][\/vc_row][\/vc_section][vc_section el_id=&#8221;IBTC-section_1&#8243;][vc_row][vc_column][vc_empty_space height=&#8221;30px&#8221; el_class=&#8221;hide-for-large&#8221;][vc_empty_space height=&#8221;60px&#8221; el_class=&#8221;show-for-large&#8221;][vc_row_inner content_placement=&#8221;middle&#8221; el_class=&#8221;row no-padding-vc align-center&#8221;][vc_column_inner el_class=&#8221;columns small-12 large-10&#8243;][vc_column_text css=&#8221;&#8221; el_class=&#8221;text-center&#8221;]<\/p>\n<h2 class=\"font-color-header-color font-weight-bold margin-bottom-2rem\">Corredor Comercial del Puente Internacional (IBTC)\/ SH 68<\/h2>\n<p class=\"extra-big margin-bottom-1point5rem\">La HCRMA complet\u00f3 la fase de Ingenier\u00eda Preliminar del IBTC\/SH 68. El dise\u00f1o final (PS&amp;E) y la construcci\u00f3n ser\u00e1n llevados a cabo por TxDOT. Obtenga m\u00e1s informaci\u00f3n en <a href=\"https:\/\/www.txdot.gov\/\">www.txdot.gov.<\/a>  <\/p>\n<p class=\"extra-big\">La Autoridad de Movilidad Regional del Condado de Hidalgo complet\u00f3 la ingenier\u00eda preliminar para este proyecto propuesto que construir\u00e1 una carretera sin peaje de 13,15 millas en una nueva ubicaci\u00f3n que se extiende a trav\u00e9s de las ciudades de Pharr, Alamo y Donna, mejorando la movilidad y las conexiones comerciales internacionales en la regi\u00f3n. El proyecto utilizar\u00e1 aproximadamente 59,1 acres de derecho de paso de transporte existente, adquirir\u00e1 un estimado de 678,0 acres adicionales y asegurar\u00e1 28,3 acres de servidumbres permanentes para drenaje y riego. Hasta la fecha, HCRMA ha completado la Fase Esquem\u00e1tica, obtenido la Aprobaci\u00f3n Ambiental y avanzado en la adquisici\u00f3n temprana de 38,2 acres de derecho de paso. Con un costo de construcci\u00f3n estimado de $248 millones en su configuraci\u00f3n final, el proyecto proporcionar\u00e1 una conexi\u00f3n vital desde la Carretera Estatal 365 hasta la IH-2 en la parte este del condado, que en \u00faltima instancia se conectar\u00e1 con la SH 68 propuesta y el Puente Internacional Donna. La construcci\u00f3n del proyecto ha sido financiada por el Departamento de Transporte de Texas y se espera que comience en un futuro pr\u00f3ximo.    <\/p>\n<p>[\/vc_column_text][\/vc_column_inner][\/vc_row_inner][vc_empty_space height=&#8221;30px&#8221; el_class=&#8221;hide-for-large&#8221;][vc_empty_space height=&#8221;60px&#8221; el_class=&#8221;show-for-large&#8221;][vc_column_text css=&#8221;&#8221; el_class=&#8221;text-center&#8221;]<\/p>\n<h2 class=\"font-color-header-color font-weight-bold\">Documentos ambientales<\/h2>\n<p>[\/vc_column_text][vc_empty_space height=&#8221;30px&#8221; el_class=&#8221;hide-for-large&#8221;][vc_empty_space height=&#8221;60px&#8221; el_class=&#8221;show-for-large&#8221;][\/vc_column][\/vc_row][vc_row el_class=&#8221;row no-padding-vc align-center&#8221;][vc_column el_class=&#8221;columns large-6&#8243;][vc_row_inner el_class=&#8221;row no-padding-vc align-center codesm-equalize-content&#8221;][vc_column_inner width=&#8221;1\/2&#8243;][vc_column_text css=&#8221;&#8221; el_class=&#8221;text-center&#8221;]<\/p>\n<div class=\"card-container\" data-equalizer-watch=\"\">\n<div class=\"inner-container\">\n<div class=\"margin-bottom-1point5rem\"><img loading=\"lazy\" decoding=\"async\" class=\"card-img alignnone size-full wp-image-37\" role=\"img\" src=\"\/wp-content\/uploads\/2025\/10\/365-tollway-section_3-img.png\" alt=\"\" width=\"60\" height=\"60\" \/><\/div>\n<div class=\"margin-bottom-1point5rem\">\n<h6 class=\"font-color-header-color font-weight-medium margin-bottom-1rem\">Final Environmental Assessment (Evaluaci\u00f3n Ambiental Final)<\/h6>\n<\/div>\n<\/div>\n<p><a class=\"button primary font-weight-bold uc w-100\" href=\"https:\/\/www.hcrma.net\/wp-content\/uploads\/documents\/files\/2023-05-25_HCRMA%20IBTC%20Final%20Environmental%20Assessment_Redacted.pdf\" target=\"_blank\" rel=\"noopener\"><img decoding=\"async\" src=\"\/wp-content\/uploads\/2025\/07\/download.svg\" \/> Access Documents<\/a><\/div>\n<p>[\/vc_column_text][vc_empty_space height=&#8221;30px&#8221; el_class=&#8221;hide-for-large&#8221;][\/vc_column_inner][vc_column_inner width=&#8221;1\/2&#8243;][vc_column_text css=&#8221;&#8221; el_class=&#8221;text-center&#8221;]<\/p>\n<div class=\"card-container\" data-equalizer-watch=\"\">\n<div class=\"inner-container\">\n<div class=\"margin-bottom-1point5rem\"><img loading=\"lazy\" decoding=\"async\" class=\"card-img alignnone size-full wp-image-37\" role=\"img\" src=\"\/wp-content\/uploads\/2025\/10\/365-tollway-section_3-img.png\" alt=\"\" width=\"60\" height=\"60\" \/><\/div>\n<div class=\"margin-bottom-1point5rem\">\n<h6 class=\"font-color-header-color font-weight-medium margin-bottom-1rem\">Finding Of No Significant Impact (FONSI)<\/h6>\n<\/div>\n<\/div>\n<p><a class=\"button primary font-weight-bold uc w-100\" href=\"https:\/\/www.hcrma.net\/wp-content\/uploads\/2025\/12\/Signed_HCRMA-IBTC-FONSI_9.1.23.docx.pdf\"><img decoding=\"async\" src=\"\/wp-content\/uploads\/2025\/07\/download.svg\" \/> Access Documents<\/a><\/div>\n<p>[\/vc_column_text][\/vc_column_inner][\/vc_row_inner][vc_empty_space height=&#8221;30px&#8221; el_class=&#8221;hide-for-large&#8221;][vc_empty_space height=&#8221;60px&#8221; el_class=&#8221;show-for-large&#8221;][\/vc_column][\/vc_row][\/vc_section][vc_section el_id=&#8221;IBTC-section_3&#8243;][vc_row el_class=&#8221;row no-padding-vc align-center&#8221;][vc_column][vc_column_text css=&#8221;&#8221; el_class=&#8221;text-center&#8221;]<\/p>\n<h2 class=\"font-color-header-color font-weight-bold\">Esquemas finales<\/h2>\n<p>[\/vc_column_text][vc_empty_space height=&#8221;30px&#8221; el_class=&#8221;hide-for-large&#8221;][vc_empty_space height=&#8221;60px&#8221; el_class=&#8221;show-for-large&#8221;][vc_row_inner el_class=&#8221;row no-padding-vc align-center codesm-equalize-content&#8221;][vc_column_inner width=&#8221;1\/4&#8243;][vc_column_text css=&#8221;&#8221; el_class=&#8221;text-center&#8221;]<\/p>\n<div class=\"card-container\">\n<div class=\"margin-bottom-1point5rem\"><img loading=\"lazy\" decoding=\"async\" class=\"card-img alignnone size-full wp-image-37\" role=\"img\" src=\"\/wp-content\/uploads\/2025\/10\/365-tollway-section_3-img.png\" alt=\"\" width=\"60\" height=\"60\" \/><\/div>\n<div class=\"margin-bottom-1point5rem\">\n<h4 class=\"font-color-header-color font-weight-medium margin-bottom-1rem\">Roll 1 of 6<\/h4>\n<p class=\"font-color-grey-dark\" data-equalizer-watch=\"\">\u2013 from STA 000+00 (Interchange with 365 Toll) to STA 426+00 (near FM 907 \/ S Alamo Road).<\/p>\n<\/div>\n<p><a class=\"button primary font-weight-bold uc w-100\" href=\"https:\/\/www.hcrma.net\/wp-content\/uploads\/documents\/projects\/2022.04.08_Approved_IBTC_Schm-01%20Reduced.pdf\" target=\"_blank\" rel=\"noopener\"><img decoding=\"async\" src=\"\/wp-content\/uploads\/2025\/07\/download.svg\" \/> Access Documents<\/a><\/div>\n<p>[\/vc_column_text][vc_empty_space height=&#8221;30px&#8221; el_class=&#8221;hide-for-large&#8221;][\/vc_column_inner][vc_column_inner width=&#8221;1\/4&#8243;][vc_column_text css=&#8221;&#8221; el_class=&#8221;text-center&#8221;]<\/p>\n<div class=\"card-container\">\n<div class=\"margin-bottom-1point5rem\"><img loading=\"lazy\" decoding=\"async\" class=\"card-img alignnone size-full wp-image-37\" role=\"img\" src=\"\/wp-content\/uploads\/2025\/10\/365-tollway-section_3-img.png\" alt=\"\" width=\"60\" height=\"60\" \/><\/div>\n<div class=\"margin-bottom-1point5rem\">\n<h4 class=\"font-color-header-color font-weight-medium margin-bottom-1rem\">Roll 2 of 6<\/h4>\n<p class=\"font-color-grey-dark\" data-equalizer-watch=\"\">\u2013 from STA 426+00 (near FM 907 \/ S Alamo Road) to STA 599+00 (Interchange).<\/p>\n<\/div>\n<p><a class=\"button primary font-weight-bold uc w-100\" href=\"https:\/\/www.hcrma.net\/wp-content\/uploads\/documents\/projects\/2022.04.08_Approved_IBTC_Schm-02%20Reduced.pdf\" target=\"_blank\" rel=\"noopener\"><img decoding=\"async\" src=\"\/wp-content\/uploads\/2025\/07\/download.svg\" \/> Access Documents<\/a><\/div>\n<p>[\/vc_column_text][vc_empty_space height=&#8221;30px&#8221; el_class=&#8221;hide-for-large&#8221;][\/vc_column_inner][vc_column_inner width=&#8221;1\/4&#8243;][vc_column_text css=&#8221;&#8221; el_class=&#8221;text-center&#8221;]<\/p>\n<div class=\"card-container\">\n<div class=\"margin-bottom-1point5rem\"><img loading=\"lazy\" decoding=\"async\" class=\"card-img alignnone size-full wp-image-37\" role=\"img\" src=\"\/wp-content\/uploads\/2025\/10\/365-tollway-section_3-img.png\" alt=\"\" width=\"60\" height=\"60\" \/><\/div>\n<div class=\"margin-bottom-1point5rem\">\n<h4 class=\"font-color-header-color font-weight-medium margin-bottom-1rem\">Roll 3 of 6<\/h4>\n<p class=\"font-color-grey-dark\" data-equalizer-watch=\"\">\u2013 from STA 426+00 (near FM 907 \/ S Alamo Road) to STA 599+00 (Interchange).<\/p>\n<\/div>\n<p><a class=\"button primary font-weight-bold uc w-100\" href=\"https:\/\/www.hcrma.net\/wp-content\/uploads\/documents\/projects\/2022.04.08_Approved_IBTC_Schm-03%20Reduced.pdf\" target=\"_blank\" rel=\"noopener\"><img decoding=\"async\" src=\"\/wp-content\/uploads\/2025\/07\/download.svg\" \/> Access Documents<\/a><\/div>\n<p>[\/vc_column_text][vc_empty_space height=&#8221;30px&#8221; el_class=&#8221;hide-for-large&#8221;][\/vc_column_inner][vc_column_inner width=&#8221;1\/4&#8243;][vc_column_text css=&#8221;&#8221; el_class=&#8221;text-center&#8221;]<\/p>\n<div class=\"card-container\">\n<div class=\"margin-bottom-1point5rem\"><img loading=\"lazy\" decoding=\"async\" class=\"card-img alignnone size-full wp-image-37\" role=\"img\" src=\"\/wp-content\/uploads\/2025\/10\/365-tollway-section_3-img.png\" alt=\"\" width=\"60\" height=\"60\" \/><\/div>\n<div class=\"margin-bottom-1point5rem\">\n<h4 class=\"font-color-header-color font-weight-medium margin-bottom-1rem\">Roll 4 of 6<\/h4>\n<p class=\"font-color-grey-dark\" data-equalizer-watch=\"\">\u2013 from STA 552+00 to STA 726+20 (FM 493 \/ S Salinas Rd)<\/p>\n<\/div>\n<p><a class=\"button primary font-weight-bold uc w-100\" href=\"https:\/\/www.hcrma.net\/wp-content\/uploads\/documents\/projects\/2022.04.08_Approved_IBTC_Schm-04%20Reduced.pdf\" target=\"_blank\" rel=\"noopener\"><img decoding=\"async\" src=\"\/wp-content\/uploads\/2025\/07\/download.svg\" \/> Access Documents<\/a><\/div>\n<p>[\/vc_column_text][\/vc_column_inner][\/vc_row_inner][vc_empty_space height=&#8221;30px&#8221; el_class=&#8221;hide-for-large&#8221;][vc_empty_space height=&#8221;60px&#8221; el_class=&#8221;show-for-large&#8221;][vc_row_inner el_class=&#8221;row no-padding-vc align-center codesm-equalize-content&#8221;][vc_column_inner width=&#8221;1\/4&#8243;][vc_column_text css=&#8221;&#8221; el_class=&#8221;text-center&#8221;]<\/p>\n<div class=\"card-container\" data-equalizer-watch=\"\">\n<div class=\"margin-bottom-1point5rem\"><img loading=\"lazy\" decoding=\"async\" class=\"card-img alignnone size-full wp-image-37\" role=\"img\" src=\"\/wp-content\/uploads\/2025\/10\/365-tollway-section_3-img.png\" alt=\"\" width=\"60\" height=\"60\" \/><\/div>\n<div class=\"margin-bottom-1point5rem\">\n<h4 class=\"font-color-header-color font-weight-medium margin-bottom-1rem\">Roll 5 of 6<\/h4>\n<p class=\"font-color-grey-dark\">\u2013 Typical Sections (1 of 2).<\/p>\n<\/div>\n<p><a class=\"button primary font-weight-bold uc w-100\" href=\"https:\/\/www.hcrma.net\/wp-content\/uploads\/documents\/projects\/2022.04.08_Approved_IBTC_Schm-05%20TypSec.pdf\" target=\"_blank\" rel=\"noopener\"><img decoding=\"async\" src=\"\/wp-content\/uploads\/2025\/07\/download.svg\" \/> Access Documents<\/a><\/div>\n<p>[\/vc_column_text][vc_empty_space height=&#8221;30px&#8221; el_class=&#8221;hide-for-large&#8221;][\/vc_column_inner][vc_column_inner width=&#8221;1\/4&#8243;][vc_column_text css=&#8221;&#8221; el_class=&#8221;text-center&#8221;]<\/p>\n<div class=\"card-container\" data-equalizer-watch=\"\">\n<div class=\"margin-bottom-1point5rem\"><img loading=\"lazy\" decoding=\"async\" class=\"card-img alignnone size-full wp-image-37\" role=\"img\" src=\"\/wp-content\/uploads\/2025\/10\/365-tollway-section_3-img.png\" alt=\"\" width=\"60\" height=\"60\" \/><\/div>\n<div class=\"margin-bottom-1point5rem\">\n<h4 class=\"font-color-header-color font-weight-medium margin-bottom-1rem\">Roll 6 of 6<\/h4>\n<p class=\"font-color-grey-dark\">\u2013 Typical Sections (2 of 2).<\/p>\n<\/div>\n<p><a class=\"button primary font-weight-bold uc w-100\" href=\"https:\/\/www.hcrma.net\/wp-content\/uploads\/documents\/projects\/2022.04.08_Approved_IBTC_Schm-06%20TypSec.pdf\" target=\"_blank\" rel=\"noopener\"><img decoding=\"async\" src=\"\/wp-content\/uploads\/2025\/07\/download.svg\" \/> Access Documents<\/a><\/div>\n<p>[\/vc_column_text][vc_empty_space height=&#8221;30px&#8221; el_class=&#8221;hide-for-large&#8221;][\/vc_column_inner][vc_column_inner width=&#8221;1\/4&#8243;][\/vc_column_inner][vc_column_inner width=&#8221;1\/4&#8243;][\/vc_column_inner][\/vc_row_inner][vc_empty_space height=&#8221;30px&#8221; el_class=&#8221;hide-for-large&#8221;][vc_empty_space height=&#8221;60px&#8221; el_class=&#8221;show-for-large&#8221;][\/vc_column][\/vc_row][\/vc_section]<\/p>\n<\/div>","protected":false},"excerpt":{"rendered":"<p>[vc_section css=&#8221;.vc_custom_1766399037314{background-image: url(https:\/\/www.hcrma.net\/wp-content\/uploads\/2025\/09\/login-section_0-bg-img.png?id=289) !important;}&#8221; el_id=&#8221;section-hero&#8221;][vc_row content_placement=&#8221;middle&#8221; el_class=&#8221;row no-padding-vc&#8221;][vc_column el_class=&#8221;columns large-12&#8243;][vc_empty_space height=&#8221;30px&#8221; el_class=&#8221;hide-for-large&#8221;][vc_empty_space height=&#8221;60px&#8221; el_class=&#8221;show-for-large&#8221;][vc_column_text css=&#8221;&#8221;] Proyectos [\/vc_column_text][vc_empty_space height=&#8221;60px&#8221; el_class=&#8221;show-for-large&#8221;][vc_empty_space height=&#8221;30px&#8221; el_class=&#8221;hide-for-large&#8221;][\/vc_column][\/vc_row][\/vc_section][vc_section el_id=&#8221;IBTC-section_1&#8243;][vc_row][vc_column][vc_empty_space height=&#8221;30px&#8221; el_class=&#8221;hide-for-large&#8221;][vc_empty_space height=&#8221;60px&#8221; el_class=&#8221;show-for-large&#8221;][vc_row_inner content_placement=&#8221;middle&#8221; el_class=&#8221;row no-padding-vc align-center&#8221;][vc_column_inner el_class=&#8221;columns small-12 large-10&#8243;][vc_column_text css=&#8221;&#8221; el_class=&#8221;text-center&#8221;] Corredor Comercial del Puente Internacional (IBTC)\/ SH 68 La HCRMA complet\u00f3 la fase de Ingenier\u00eda Preliminar del IBTC\/SH 68. El<a class=\"excerpt-read-more\" href=\"https:\/\/www.hcrma.net\/es\/proyectos\/corredor-comercial-del-puente-internacional-ibtc-sh-68\/\" title=\"ReadCorredor Comercial del Puente Internacional (IBTC)\/ SH 68\">&#8230; Read more &raquo;<\/a><\/p>\n","protected":false},"author":1,"featured_media":0,"parent":4235,"menu_order":0,"comment_status":"closed","ping_status":"closed","template":"template-visual-builder.php","meta":{"_acf_changed":false,"footnotes":""},"class_list":["post-4074","page","type-page","status-publish","hentry"],"acf":[],"yoast_head":"<!-- This site is optimized with the Yoast SEO plugin v27.2 - https:\/\/yoast.com\/product\/yoast-seo-wordpress\/ -->\n<title>Corredor Comercial del Puente Internacional (IBTC)\/ SH 68 - Hidalgo County Regional Mobility Authority<\/title>\n<meta name=\"robots\" content=\"index, follow, max-snippet:-1, max-image-preview:large, max-video-preview:-1\" \/>\n<link rel=\"canonical\" href=\"https:\/\/www.hcrma.net\/es\/proyectos\/corredor-comercial-del-puente-internacional-ibtc-sh-68\/\" \/>\n<meta property=\"og:locale\" content=\"es_ES\" \/>\n<meta property=\"og:type\" content=\"article\" \/>\n<meta property=\"og:title\" content=\"Corredor Comercial del Puente Internacional (IBTC)\/ SH 68 - Hidalgo County Regional Mobility Authority\" \/>\n<meta property=\"og:description\" content=\"[vc_section css=&#8221;.vc_custom_1766399037314{background-image: url(https:\/\/www.hcrma.net\/wp-content\/uploads\/2025\/09\/login-section_0-bg-img.png?id=289) !important;}&#8221; el_id=&#8221;section-hero&#8221;][vc_row content_placement=&#8221;middle&#8221; el_class=&#8221;row no-padding-vc&#8221;][vc_column el_class=&#8221;columns large-12&#8243;][vc_empty_space height=&#8221;30px&#8221; el_class=&#8221;hide-for-large&#8221;][vc_empty_space height=&#8221;60px&#8221; el_class=&#8221;show-for-large&#8221;][vc_column_text css=&#8221;&#8221;] Proyectos [\/vc_column_text][vc_empty_space height=&#8221;60px&#8221; el_class=&#8221;show-for-large&#8221;][vc_empty_space height=&#8221;30px&#8221; el_class=&#8221;hide-for-large&#8221;][\/vc_column][\/vc_row][\/vc_section][vc_section el_id=&#8221;IBTC-section_1&#8243;][vc_row][vc_column][vc_empty_space height=&#8221;30px&#8221; el_class=&#8221;hide-for-large&#8221;][vc_empty_space height=&#8221;60px&#8221; el_class=&#8221;show-for-large&#8221;][vc_row_inner content_placement=&#8221;middle&#8221; el_class=&#8221;row no-padding-vc align-center&#8221;][vc_column_inner el_class=&#8221;columns small-12 large-10&#8243;][vc_column_text css=&#8221;&#8221; el_class=&#8221;text-center&#8221;] Corredor Comercial del Puente Internacional (IBTC)\/ SH 68 La HCRMA complet\u00f3 la fase de Ingenier\u00eda Preliminar del IBTC\/SH 68. El... Read more &raquo;\" \/>\n<meta property=\"og:url\" content=\"https:\/\/www.hcrma.net\/es\/proyectos\/corredor-comercial-del-puente-internacional-ibtc-sh-68\/\" \/>\n<meta property=\"og:site_name\" content=\"Hidalgo County Regional Mobility Authority\" \/>\n<meta property=\"article:modified_time\" content=\"2026-02-04T09:17:30+00:00\" \/>\n<meta name=\"twitter:card\" content=\"summary_large_image\" \/>\n<meta name=\"twitter:label1\" content=\"Est. reading time\" \/>\n\t<meta name=\"twitter:data1\" content=\"4 minutes\" \/>\n<script type=\"application\/ld+json\" class=\"yoast-schema-graph\">{\"@context\":\"https:\/\/schema.org\",\"@graph\":[{\"@type\":\"WebPage\",\"@id\":\"https:\/\/www.hcrma.net\/es\/proyectos\/corredor-comercial-del-puente-internacional-ibtc-sh-68\/\",\"url\":\"https:\/\/www.hcrma.net\/es\/proyectos\/corredor-comercial-del-puente-internacional-ibtc-sh-68\/\",\"name\":\"Corredor Comercial del Puente Internacional (IBTC)\/ SH 68 - Hidalgo County Regional Mobility Authority\",\"isPartOf\":{\"@id\":\"https:\/\/www.hcrma.net\/#website\"},\"datePublished\":\"2025-10-21T07:11:54+00:00\",\"dateModified\":\"2026-02-04T09:17:30+00:00\",\"breadcrumb\":{\"@id\":\"https:\/\/www.hcrma.net\/es\/proyectos\/corredor-comercial-del-puente-internacional-ibtc-sh-68\/#breadcrumb\"},\"inLanguage\":\"es-ES\",\"potentialAction\":[{\"@type\":\"ReadAction\",\"target\":[\"https:\/\/www.hcrma.net\/es\/proyectos\/corredor-comercial-del-puente-internacional-ibtc-sh-68\/\"]}]},{\"@type\":\"BreadcrumbList\",\"@id\":\"https:\/\/www.hcrma.net\/es\/proyectos\/corredor-comercial-del-puente-internacional-ibtc-sh-68\/#breadcrumb\",\"itemListElement\":[{\"@type\":\"ListItem\",\"position\":1,\"name\":\"Home\",\"item\":\"https:\/\/www.hcrma.net\/es\/inicio\/\"},{\"@type\":\"ListItem\",\"position\":2,\"name\":\"Proyectos\",\"item\":\"https:\/\/www.hcrma.net\/es\/proyectos\/\"},{\"@type\":\"ListItem\",\"position\":3,\"name\":\"Corredor Comercial del Puente Internacional (IBTC)\/ SH 68\"}]},{\"@type\":\"WebSite\",\"@id\":\"https:\/\/www.hcrma.net\/#website\",\"url\":\"https:\/\/www.hcrma.net\/\",\"name\":\"Hidalgo County Regional Mobility Authority\",\"description\":\"\",\"potentialAction\":[{\"@type\":\"SearchAction\",\"target\":{\"@type\":\"EntryPoint\",\"urlTemplate\":\"https:\/\/www.hcrma.net\/?s={search_term_string}\"},\"query-input\":{\"@type\":\"PropertyValueSpecification\",\"valueRequired\":true,\"valueName\":\"search_term_string\"}}],\"inLanguage\":\"es-ES\"}]}<\/script>\n<!-- \/ Yoast SEO plugin. -->","yoast_head_json":{"title":"Corredor Comercial del Puente Internacional (IBTC)\/ SH 68 - Hidalgo County Regional Mobility Authority","robots":{"index":"index","follow":"follow","max-snippet":"max-snippet:-1","max-image-preview":"max-image-preview:large","max-video-preview":"max-video-preview:-1"},"canonical":"https:\/\/www.hcrma.net\/es\/proyectos\/corredor-comercial-del-puente-internacional-ibtc-sh-68\/","og_locale":"es_ES","og_type":"article","og_title":"Corredor Comercial del Puente Internacional (IBTC)\/ SH 68 - Hidalgo County Regional Mobility Authority","og_description":"[vc_section css=&#8221;.vc_custom_1766399037314{background-image: url(https:\/\/www.hcrma.net\/wp-content\/uploads\/2025\/09\/login-section_0-bg-img.png?id=289) !important;}&#8221; el_id=&#8221;section-hero&#8221;][vc_row content_placement=&#8221;middle&#8221; el_class=&#8221;row no-padding-vc&#8221;][vc_column el_class=&#8221;columns large-12&#8243;][vc_empty_space height=&#8221;30px&#8221; el_class=&#8221;hide-for-large&#8221;][vc_empty_space height=&#8221;60px&#8221; el_class=&#8221;show-for-large&#8221;][vc_column_text css=&#8221;&#8221;] Proyectos [\/vc_column_text][vc_empty_space height=&#8221;60px&#8221; el_class=&#8221;show-for-large&#8221;][vc_empty_space height=&#8221;30px&#8221; el_class=&#8221;hide-for-large&#8221;][\/vc_column][\/vc_row][\/vc_section][vc_section el_id=&#8221;IBTC-section_1&#8243;][vc_row][vc_column][vc_empty_space height=&#8221;30px&#8221; el_class=&#8221;hide-for-large&#8221;][vc_empty_space height=&#8221;60px&#8221; el_class=&#8221;show-for-large&#8221;][vc_row_inner content_placement=&#8221;middle&#8221; el_class=&#8221;row no-padding-vc align-center&#8221;][vc_column_inner el_class=&#8221;columns small-12 large-10&#8243;][vc_column_text css=&#8221;&#8221; el_class=&#8221;text-center&#8221;] Corredor Comercial del Puente Internacional (IBTC)\/ SH 68 La HCRMA complet\u00f3 la fase de Ingenier\u00eda Preliminar del IBTC\/SH 68. El... Read more &raquo;","og_url":"https:\/\/www.hcrma.net\/es\/proyectos\/corredor-comercial-del-puente-internacional-ibtc-sh-68\/","og_site_name":"Hidalgo County Regional Mobility Authority","article_modified_time":"2026-02-04T09:17:30+00:00","twitter_card":"summary_large_image","twitter_misc":{"Est. reading time":"4 minutes"},"schema":{"@context":"https:\/\/schema.org","@graph":[{"@type":"WebPage","@id":"https:\/\/www.hcrma.net\/es\/proyectos\/corredor-comercial-del-puente-internacional-ibtc-sh-68\/","url":"https:\/\/www.hcrma.net\/es\/proyectos\/corredor-comercial-del-puente-internacional-ibtc-sh-68\/","name":"Corredor Comercial del Puente Internacional (IBTC)\/ SH 68 - Hidalgo County Regional Mobility Authority","isPartOf":{"@id":"https:\/\/www.hcrma.net\/#website"},"datePublished":"2025-10-21T07:11:54+00:00","dateModified":"2026-02-04T09:17:30+00:00","breadcrumb":{"@id":"https:\/\/www.hcrma.net\/es\/proyectos\/corredor-comercial-del-puente-internacional-ibtc-sh-68\/#breadcrumb"},"inLanguage":"es-ES","potentialAction":[{"@type":"ReadAction","target":["https:\/\/www.hcrma.net\/es\/proyectos\/corredor-comercial-del-puente-internacional-ibtc-sh-68\/"]}]},{"@type":"BreadcrumbList","@id":"https:\/\/www.hcrma.net\/es\/proyectos\/corredor-comercial-del-puente-internacional-ibtc-sh-68\/#breadcrumb","itemListElement":[{"@type":"ListItem","position":1,"name":"Home","item":"https:\/\/www.hcrma.net\/es\/inicio\/"},{"@type":"ListItem","position":2,"name":"Proyectos","item":"https:\/\/www.hcrma.net\/es\/proyectos\/"},{"@type":"ListItem","position":3,"name":"Corredor Comercial del Puente Internacional (IBTC)\/ SH 68"}]},{"@type":"WebSite","@id":"https:\/\/www.hcrma.net\/#website","url":"https:\/\/www.hcrma.net\/","name":"Hidalgo County Regional Mobility Authority","description":"","potentialAction":[{"@type":"SearchAction","target":{"@type":"EntryPoint","urlTemplate":"https:\/\/www.hcrma.net\/?s={search_term_string}"},"query-input":{"@type":"PropertyValueSpecification","valueRequired":true,"valueName":"search_term_string"}}],"inLanguage":"es-ES"}]}},"_links":{"self":[{"href":"https:\/\/www.hcrma.net\/es\/wp-json\/wp\/v2\/pages\/4074","targetHints":{"allow":["GET"]}}],"collection":[{"href":"https:\/\/www.hcrma.net\/es\/wp-json\/wp\/v2\/pages"}],"about":[{"href":"https:\/\/www.hcrma.net\/es\/wp-json\/wp\/v2\/types\/page"}],"author":[{"embeddable":true,"href":"https:\/\/www.hcrma.net\/es\/wp-json\/wp\/v2\/users\/1"}],"replies":[{"embeddable":true,"href":"https:\/\/www.hcrma.net\/es\/wp-json\/wp\/v2\/comments?post=4074"}],"version-history":[{"count":1,"href":"https:\/\/www.hcrma.net\/es\/wp-json\/wp\/v2\/pages\/4074\/revisions"}],"predecessor-version":[{"id":4076,"href":"https:\/\/www.hcrma.net\/es\/wp-json\/wp\/v2\/pages\/4074\/revisions\/4076"}],"up":[{"embeddable":true,"href":"https:\/\/www.hcrma.net\/es\/wp-json\/wp\/v2\/pages\/4235"}],"wp:attachment":[{"href":"https:\/\/www.hcrma.net\/es\/wp-json\/wp\/v2\/media?parent=4074"}],"curies":[{"name":"wp","href":"https:\/\/api.w.org\/{rel}","templated":true}]}}