{"id":4072,"date":"2025-10-21T08:17:15","date_gmt":"2025-10-21T08:17:15","guid":{"rendered":"https:\/\/www.hcrma.net\/conector-us-281-bsif\/"},"modified":"2026-02-04T09:17:30","modified_gmt":"2026-02-04T09:17:30","slug":"conector-us-281-bsif","status":"publish","type":"page","link":"https:\/\/www.hcrma.net\/es\/proyectos\/conector-us-281-bsif\/","title":{"rendered":"Conector US 281\/BSIF"},"content":{"rendered":"<div class=\"wpb-content-wrapper\"><p>[vc_section css=&#8221;.vc_custom_1766399037314{background-image: url(https:\/\/www.hcrma.net\/wp-content\/uploads\/2025\/09\/login-section_0-bg-img.png?id=289) !important;}&#8221; el_id=&#8221;section-hero&#8221;][vc_row content_placement=&#8221;middle&#8221; el_class=&#8221;row no-padding-vc&#8221;][vc_column el_class=&#8221;columns large-12&#8243;][vc_empty_space height=&#8221;30px&#8221; el_class=&#8221;hide-for-large&#8221;][vc_empty_space height=&#8221;60px&#8221; el_class=&#8221;show-for-large&#8221;][vc_column_text css=&#8221;&#8221;]<\/p>\n<h1 class=\"alt-white font-weight-bold\">Proyectos<\/h1>\n<p>[\/vc_column_text][vc_empty_space height=&#8221;60px&#8221; el_class=&#8221;show-for-large&#8221;][vc_empty_space height=&#8221;30px&#8221; el_class=&#8221;hide-for-large&#8221;][\/vc_column][\/vc_row][\/vc_section][vc_section el_id=&#8221;US-281-section_1&#8243;][vc_row][vc_column][vc_empty_space height=&#8221;30px&#8221; el_class=&#8221;hide-for-large&#8221;][vc_empty_space height=&#8221;60px&#8221; el_class=&#8221;show-for-large&#8221;][vc_row_inner content_placement=&#8221;middle&#8221; el_class=&#8221;row no-padding-vc align-center&#8221;][vc_column_inner el_class=&#8221;columns large-10&#8243;][vc_column_text css=&#8221;&#8221; el_class=&#8221;text-center&#8221;]<\/p>\n<h2 class=\"font-color-header-color font-weight-bold margin-bottom-1point5rem\">Conector US 281\/BSIF<\/h2>\n<h3>(Segmento 3 de la autopista de peaje 365)<\/h3>\n<p>[\/vc_column_text][vc_empty_space height=&#8221;45px&#8221; el_class=&#8221;show-for-large&#8221;][vc_empty_space height=&#8221;20px&#8221; el_class=&#8221;hide-for-large&#8221;][vc_column_text css=&#8221;&#8221; el_class=&#8221;text-center&#8221;]<\/p>\n<p class=\"extra-big\">La Autoridad Regional de Movilidad del Condado de Hidalgo complet\u00f3 el conector US 281\/BSIF, un proyecto de 1,13 km que proporciona una conexi\u00f3n directa y eficiente entre la Instalaci\u00f3n de Infraestructura de Seguridad Fronteriza (BSIF) en el Puente Internacional de Pharr y la autopista de peaje 365 propuesta. El proyecto tambi\u00e9n incluye un intercambio a desnivel de cuatro carriles a lo largo de la US 281, lo que permite un tr\u00e1nsito ininterrumpido y reduce la congesti\u00f3n tanto para el tr\u00e1fico comercial como para el local. Al agilizar el movimiento de mercanc\u00edas, mejorar la seguridad y mejorar la movilidad, el conector sirve como un enlace vital en la red de transporte del Condado de Hidalgo, apoyando el comercio internacional y el crecimiento econ\u00f3mico regional.  <\/p>\n<p>[\/vc_column_text][\/vc_column_inner][\/vc_row_inner][vc_empty_space height=&#8221;30px&#8221; el_class=&#8221;hide-for-large&#8221;][vc_empty_space height=&#8221;60px&#8221; el_class=&#8221;show-for-large&#8221;][\/vc_column][\/vc_row][\/vc_section][vc_section el_id=&#8221;US-281-section_2&#8243;][vc_row el_class=&#8221;row no-padding-vc align-center&#8221;][vc_column][vc_column_text css=&#8221;&#8221; el_class=&#8221;text-center&#8221;]<\/p>\n<h2 class=\"font-color-header-color font-weight-bold\">Documentos ambientales<\/h2>\n<p>[\/vc_column_text][vc_empty_space height=&#8221;30px&#8221; el_class=&#8221;hide-for-large&#8221;][vc_empty_space height=&#8221;60px&#8221; el_class=&#8221;show-for-large&#8221;][vc_row_inner el_class=&#8221;row no-padding-vc align-center codesm-equalize-content&#8221;][vc_column_inner width=&#8221;1\/4&#8243;][\/vc_column_inner][vc_column_inner width=&#8221;1\/4&#8243;][vc_column_text css=&#8221;&#8221; el_class=&#8221;text-center&#8221;]<\/p>\n<div class=\"card-container\" data-equalizer-watch=\"\">\n<div class=\"margin-bottom-1point5rem\"><img loading=\"lazy\" decoding=\"async\" class=\"card-img alignnone size-full wp-image-37\" role=\"img\" src=\"\/wp-content\/uploads\/2025\/10\/365-tollway-section_3-img.png\" alt=\"\" width=\"60\" height=\"60\" \/><\/div>\n<div class=\"margin-bottom-1point5rem\">\n<div class=\"content\">\n<h4 class=\"font-color-header-color font-weight-medium margin-bottom-1rem\">Final Environmental Assessment (Evaluaci\u00f3n Ambiental Final)<\/h4>\n<\/div>\n<\/div>\n<p><a class=\"button primary font-weight-bold uc w-100\" href=\"https:\/\/www.hcrma.net\/wp-content\/uploads\/documents\/files\/2015-06-17_SH%20365%20Final%20EA.pdf\" target=\"_blank\" rel=\"noopener\"><img decoding=\"async\" src=\"\/wp-content\/uploads\/2025\/07\/download.svg\" \/> Access Documents<\/a><\/div>\n<p>[\/vc_column_text][vc_empty_space height=&#8221;30px&#8221; el_class=&#8221;hide-for-large&#8221;][\/vc_column_inner][vc_column_inner width=&#8221;1\/4&#8243;][vc_column_text css=&#8221;&#8221; el_class=&#8221;text-center&#8221;]<\/p>\n<div class=\"card-container\" data-equalizer-watch=\"\">\n<div class=\"margin-bottom-1point5rem\"><img loading=\"lazy\" decoding=\"async\" class=\"card-img alignnone size-full wp-image-37\" role=\"img\" src=\"\/wp-content\/uploads\/2025\/10\/365-tollway-section_3-img.png\" alt=\"\" width=\"60\" height=\"60\" \/><\/div>\n<div class=\"margin-bottom-1point5rem\">\n<div class=\"content\">\n<h4 class=\"font-color-header-color font-weight-medium margin-bottom-1rem\">Finding Of No Significant Impact (FONSI)<\/h4>\n<\/div>\n<\/div>\n<p><a class=\"button primary font-weight-bold uc w-100\" href=\"https:\/\/www.hcrma.net\/wp-content\/uploads\/documents\/files\/SH%20365%20FONSI%20and%20ROW%20letter%20to%20HCRMA.pdf\" target=\"_blank\" rel=\"noopener\"><img decoding=\"async\" src=\"\/wp-content\/uploads\/2025\/07\/download.svg\" \/> Access Documents<\/a><\/div>\n<p>[\/vc_column_text][vc_empty_space height=&#8221;30px&#8221; el_class=&#8221;hide-for-large&#8221;][\/vc_column_inner][vc_column_inner width=&#8221;1\/4&#8243;][\/vc_column_inner][\/vc_row_inner][vc_empty_space height=&#8221;60px&#8221; el_class=&#8221;show-for-large&#8221;][vc_empty_space height=&#8221;30px&#8221; el_class=&#8221;hide-for-large&#8221;][vc_column_text css=&#8221;&#8221; el_class=&#8221;text-center&#8221;]<\/p>\n<h2 class=\"font-color-header-color font-weight-bold\">Esquemas finales<\/h2>\n<p>[\/vc_column_text][vc_empty_space height=&#8221;60px&#8221; el_class=&#8221;show-for-large&#8221;][vc_empty_space height=&#8221;30px&#8221; el_class=&#8221;hide-for-large&#8221;][vc_row_inner el_class=&#8221;row no-padding-vc align-center codesm-equalize-content&#8221;][vc_column_inner width=&#8221;1\/3&#8243;][\/vc_column_inner][vc_column_inner width=&#8221;1\/3&#8243;][vc_column_text css=&#8221;&#8221; el_class=&#8221;text-center&#8221;]<\/p>\n<div class=\"card-container\" data-equalizer-watch=\"\">\n<div class=\"margin-bottom-1point5rem\"><img loading=\"lazy\" decoding=\"async\" class=\"card-img alignnone size-full wp-image-37\" role=\"img\" src=\"\/wp-content\/uploads\/2025\/10\/365-tollway-section_3-img.png\" alt=\"\" width=\"60\" height=\"60\" \/><\/div>\n<div class=\"margin-bottom-1point5rem\">\n<h4 class=\"font-color-header-color font-weight-medium margin-bottom-1rem\">Roll 1 of 1<\/h4>\n<p class=\"font-color-grey\">\u2013 from STA 000+00 (Interchange with 365 Toll) to STA 426+00 (near FM 907 \/ S Alamo Road).<\/p>\n<\/div>\n<p><a class=\"button primary font-weight-bold uc w-100\" href=\"https:\/\/www.hcrma.net\/wp-content\/uploads\/documents\/projects\/SH365-Sch-Connector-2014-03-31-signed.pdf\" target=\"_blank\" rel=\"noopener\"><img decoding=\"async\" src=\"\/wp-content\/uploads\/2025\/07\/download.svg\" \/> Access Documents<\/a><\/div>\n<p>[\/vc_column_text][vc_empty_space height=&#8221;30px&#8221; el_class=&#8221;hide-for-large&#8221;][\/vc_column_inner][vc_column_inner width=&#8221;1\/3&#8243;][\/vc_column_inner][\/vc_row_inner][vc_empty_space height=&#8221;30px&#8221; el_class=&#8221;hide-for-large&#8221;][vc_empty_space height=&#8221;60px&#8221; el_class=&#8221;show-for-large&#8221;][\/vc_column][\/vc_row][\/vc_section][vc_section el_id=&#8221;US-281-section_3&#8243; css=&#8221;.vc_custom_1761061520541{background-color: #F9FAFB !important;}&#8221;][vc_row el_class=&#8221;row no-padding-vc align-center&#8221;][vc_column][vc_empty_space height=&#8221;30px&#8221; el_class=&#8221;hide-for-large&#8221;][vc_empty_space height=&#8221;60px&#8221; el_class=&#8221;show-for-large&#8221;][vc_column_text css=&#8221;&#8221; el_class=&#8221;text-center&#8221;]<\/p>\n<h2 class=\"font-color-header-color font-weight-bold\">Galer\u00eda<\/h2>\n<p>[\/vc_column_text][vc_empty_space height=&#8221;30px&#8221; el_class=&#8221;hide-for-large&#8221;][vc_empty_space height=&#8221;60px&#8221; el_class=&#8221;show-for-large&#8221;][vc_column_text css=&#8221;&#8221;]<div id=\"gallery\" class=\"hero-section gallery-slider\"><div class=\"swiper-container\" style=\"position:relative; z-index:0;\"><div class=\"swiper-wrapper\"><div class=\"swiper-slide\"><div class=\"gallery-item\" style=\"text-align:center;\"><img decoding=\"async\" src=\"\/wp-content\/uploads\/2025\/12\/project_1-img_1.jpg\" alt=\"Portfolio gallery image\" style=\"width:100%; height:auto; border-radius:8px;\"><\/div><\/div><div class=\"swiper-slide\"><div class=\"gallery-item\" style=\"text-align:center;\"><img decoding=\"async\" src=\"\/wp-content\/uploads\/2025\/12\/project_1-img_2.jpg\" alt=\"Portfolio gallery image\" style=\"width:100%; height:auto; border-radius:8px;\"><\/div><\/div><div class=\"swiper-slide\"><div class=\"gallery-item\" style=\"text-align:center;\"><img decoding=\"async\" src=\"\/wp-content\/uploads\/2025\/12\/project_1-img_3.png\" alt=\"Portfolio gallery image\" style=\"width:100%; height:auto; border-radius:8px;\"><\/div><\/div><div class=\"swiper-slide\"><div class=\"gallery-item\" style=\"text-align:center;\"><img decoding=\"async\" src=\"\/wp-content\/uploads\/2025\/12\/project_1-img_4.png\" alt=\"Portfolio gallery image\" style=\"width:100%; height:auto; border-radius:8px;\"><\/div><\/div><div class=\"swiper-slide\"><div class=\"gallery-item\" style=\"text-align:center;\"><img decoding=\"async\" src=\"\/wp-content\/uploads\/2025\/12\/project_1-img_5.jpg\" alt=\"Portfolio gallery image\" style=\"width:100%; height:auto; border-radius:8px;\"><\/div><\/div><div class=\"swiper-slide\"><div class=\"gallery-item\" style=\"text-align:center;\"><img decoding=\"async\" src=\"\/wp-content\/uploads\/2025\/12\/project_1-img_6.jpg\" alt=\"Portfolio gallery image\" style=\"width:100%; height:auto; border-radius:8px;\"><\/div><\/div><div class=\"swiper-slide\"><div class=\"gallery-item\" style=\"text-align:center;\"><img decoding=\"async\" src=\"\/wp-content\/uploads\/2025\/12\/project_1-img_7.jpg\" alt=\"Portfolio gallery image\" style=\"width:100%; height:auto; border-radius:8px;\"><\/div><\/div><div class=\"swiper-slide\"><div class=\"gallery-item\" style=\"text-align:center;\"><img decoding=\"async\" src=\"\/wp-content\/uploads\/2025\/12\/project_1-img_8.jpg\" alt=\"Portfolio gallery image\" style=\"width:100%; height:auto; border-radius:8px;\"><\/div><\/div><\/div><\/div><div class=\"swiper-pagination\"><\/div><\/div>[\/vc_column_text][vc_empty_space height=&#8221;30px&#8221; el_class=&#8221;hide-for-large&#8221;][vc_empty_space height=&#8221;60px&#8221; el_class=&#8221;show-for-large&#8221;][\/vc_column][\/vc_row][vc_row][vc_column][vc_empty_space height=&#8221;30px&#8221; el_class=&#8221;hide-for-large&#8221;][vc_empty_space height=&#8221;60px&#8221; el_class=&#8221;show-for-large&#8221;][\/vc_column][\/vc_row][\/vc_section]<\/p>\n<\/div>","protected":false},"excerpt":{"rendered":"<p>[vc_section css=&#8221;.vc_custom_1766399037314{background-image: url(https:\/\/www.hcrma.net\/wp-content\/uploads\/2025\/09\/login-section_0-bg-img.png?id=289) !important;}&#8221; el_id=&#8221;section-hero&#8221;][vc_row content_placement=&#8221;middle&#8221; el_class=&#8221;row no-padding-vc&#8221;][vc_column el_class=&#8221;columns large-12&#8243;][vc_empty_space height=&#8221;30px&#8221; el_class=&#8221;hide-for-large&#8221;][vc_empty_space height=&#8221;60px&#8221; el_class=&#8221;show-for-large&#8221;][vc_column_text css=&#8221;&#8221;] Proyectos [\/vc_column_text][vc_empty_space height=&#8221;60px&#8221; el_class=&#8221;show-for-large&#8221;][vc_empty_space height=&#8221;30px&#8221; el_class=&#8221;hide-for-large&#8221;][\/vc_column][\/vc_row][\/vc_section][vc_section el_id=&#8221;US-281-section_1&#8243;][vc_row][vc_column][vc_empty_space height=&#8221;30px&#8221; el_class=&#8221;hide-for-large&#8221;][vc_empty_space height=&#8221;60px&#8221; el_class=&#8221;show-for-large&#8221;][vc_row_inner content_placement=&#8221;middle&#8221; el_class=&#8221;row no-padding-vc align-center&#8221;][vc_column_inner el_class=&#8221;columns large-10&#8243;][vc_column_text css=&#8221;&#8221; el_class=&#8221;text-center&#8221;] Conector US 281\/BSIF (Segmento 3 de la autopista de peaje 365) [\/vc_column_text][vc_empty_space height=&#8221;45px&#8221; el_class=&#8221;show-for-large&#8221;][vc_empty_space height=&#8221;20px&#8221; el_class=&#8221;hide-for-large&#8221;][vc_column_text css=&#8221;&#8221; el_class=&#8221;text-center&#8221;] La Autoridad Regional<a class=\"excerpt-read-more\" href=\"https:\/\/www.hcrma.net\/es\/proyectos\/conector-us-281-bsif\/\" title=\"ReadConector US 281\/BSIF\">&#8230; Read more &raquo;<\/a><\/p>\n","protected":false},"author":1,"featured_media":0,"parent":4235,"menu_order":0,"comment_status":"closed","ping_status":"closed","template":"template-visual-builder.php","meta":{"_acf_changed":false,"footnotes":""},"class_list":["post-4072","page","type-page","status-publish","hentry"],"acf":[],"yoast_head":"<!-- This site is optimized with the Yoast SEO plugin v27.2 - https:\/\/yoast.com\/product\/yoast-seo-wordpress\/ -->\n<title>Conector US 281\/BSIF - Hidalgo County Regional Mobility Authority<\/title>\n<meta name=\"robots\" content=\"index, follow, max-snippet:-1, max-image-preview:large, max-video-preview:-1\" \/>\n<link rel=\"canonical\" href=\"https:\/\/www.hcrma.net\/es\/proyectos\/conector-us-281-bsif\/\" \/>\n<meta property=\"og:locale\" content=\"es_ES\" \/>\n<meta property=\"og:type\" content=\"article\" \/>\n<meta property=\"og:title\" content=\"Conector US 281\/BSIF - Hidalgo County Regional Mobility Authority\" \/>\n<meta property=\"og:description\" content=\"[vc_section css=&#8221;.vc_custom_1766399037314{background-image: url(https:\/\/www.hcrma.net\/wp-content\/uploads\/2025\/09\/login-section_0-bg-img.png?id=289) !important;}&#8221; el_id=&#8221;section-hero&#8221;][vc_row content_placement=&#8221;middle&#8221; el_class=&#8221;row no-padding-vc&#8221;][vc_column el_class=&#8221;columns large-12&#8243;][vc_empty_space height=&#8221;30px&#8221; el_class=&#8221;hide-for-large&#8221;][vc_empty_space height=&#8221;60px&#8221; el_class=&#8221;show-for-large&#8221;][vc_column_text css=&#8221;&#8221;] Proyectos [\/vc_column_text][vc_empty_space height=&#8221;60px&#8221; el_class=&#8221;show-for-large&#8221;][vc_empty_space height=&#8221;30px&#8221; el_class=&#8221;hide-for-large&#8221;][\/vc_column][\/vc_row][\/vc_section][vc_section el_id=&#8221;US-281-section_1&#8243;][vc_row][vc_column][vc_empty_space height=&#8221;30px&#8221; el_class=&#8221;hide-for-large&#8221;][vc_empty_space height=&#8221;60px&#8221; el_class=&#8221;show-for-large&#8221;][vc_row_inner content_placement=&#8221;middle&#8221; el_class=&#8221;row no-padding-vc align-center&#8221;][vc_column_inner el_class=&#8221;columns large-10&#8243;][vc_column_text css=&#8221;&#8221; el_class=&#8221;text-center&#8221;] Conector US 281\/BSIF (Segmento 3 de la autopista de peaje 365) [\/vc_column_text][vc_empty_space height=&#8221;45px&#8221; el_class=&#8221;show-for-large&#8221;][vc_empty_space height=&#8221;20px&#8221; el_class=&#8221;hide-for-large&#8221;][vc_column_text css=&#8221;&#8221; el_class=&#8221;text-center&#8221;] La Autoridad Regional... Read more &raquo;\" \/>\n<meta property=\"og:url\" content=\"https:\/\/www.hcrma.net\/es\/proyectos\/conector-us-281-bsif\/\" \/>\n<meta property=\"og:site_name\" content=\"Hidalgo County Regional Mobility Authority\" \/>\n<meta property=\"article:modified_time\" content=\"2026-02-04T09:17:30+00:00\" \/>\n<meta name=\"twitter:card\" content=\"summary_large_image\" \/>\n<meta name=\"twitter:label1\" content=\"Est. reading time\" \/>\n\t<meta name=\"twitter:data1\" content=\"4 minutes\" \/>\n<script type=\"application\/ld+json\" class=\"yoast-schema-graph\">{\"@context\":\"https:\/\/schema.org\",\"@graph\":[{\"@type\":\"WebPage\",\"@id\":\"https:\/\/www.hcrma.net\/es\/proyectos\/conector-us-281-bsif\/\",\"url\":\"https:\/\/www.hcrma.net\/es\/proyectos\/conector-us-281-bsif\/\",\"name\":\"Conector US 281\/BSIF - Hidalgo County Regional Mobility Authority\",\"isPartOf\":{\"@id\":\"https:\/\/www.hcrma.net\/#website\"},\"datePublished\":\"2025-10-21T08:17:15+00:00\",\"dateModified\":\"2026-02-04T09:17:30+00:00\",\"breadcrumb\":{\"@id\":\"https:\/\/www.hcrma.net\/es\/proyectos\/conector-us-281-bsif\/#breadcrumb\"},\"inLanguage\":\"es-ES\",\"potentialAction\":[{\"@type\":\"ReadAction\",\"target\":[\"https:\/\/www.hcrma.net\/es\/proyectos\/conector-us-281-bsif\/\"]}]},{\"@type\":\"BreadcrumbList\",\"@id\":\"https:\/\/www.hcrma.net\/es\/proyectos\/conector-us-281-bsif\/#breadcrumb\",\"itemListElement\":[{\"@type\":\"ListItem\",\"position\":1,\"name\":\"Home\",\"item\":\"https:\/\/www.hcrma.net\/es\/inicio\/\"},{\"@type\":\"ListItem\",\"position\":2,\"name\":\"Proyectos\",\"item\":\"https:\/\/www.hcrma.net\/es\/proyectos\/\"},{\"@type\":\"ListItem\",\"position\":3,\"name\":\"Conector US 281\/BSIF\"}]},{\"@type\":\"WebSite\",\"@id\":\"https:\/\/www.hcrma.net\/#website\",\"url\":\"https:\/\/www.hcrma.net\/\",\"name\":\"Hidalgo County Regional Mobility Authority\",\"description\":\"\",\"potentialAction\":[{\"@type\":\"SearchAction\",\"target\":{\"@type\":\"EntryPoint\",\"urlTemplate\":\"https:\/\/www.hcrma.net\/?s={search_term_string}\"},\"query-input\":{\"@type\":\"PropertyValueSpecification\",\"valueRequired\":true,\"valueName\":\"search_term_string\"}}],\"inLanguage\":\"es-ES\"}]}<\/script>\n<!-- \/ Yoast SEO plugin. -->","yoast_head_json":{"title":"Conector US 281\/BSIF - Hidalgo County Regional Mobility Authority","robots":{"index":"index","follow":"follow","max-snippet":"max-snippet:-1","max-image-preview":"max-image-preview:large","max-video-preview":"max-video-preview:-1"},"canonical":"https:\/\/www.hcrma.net\/es\/proyectos\/conector-us-281-bsif\/","og_locale":"es_ES","og_type":"article","og_title":"Conector US 281\/BSIF - Hidalgo County Regional Mobility Authority","og_description":"[vc_section css=&#8221;.vc_custom_1766399037314{background-image: url(https:\/\/www.hcrma.net\/wp-content\/uploads\/2025\/09\/login-section_0-bg-img.png?id=289) !important;}&#8221; el_id=&#8221;section-hero&#8221;][vc_row content_placement=&#8221;middle&#8221; el_class=&#8221;row no-padding-vc&#8221;][vc_column el_class=&#8221;columns large-12&#8243;][vc_empty_space height=&#8221;30px&#8221; el_class=&#8221;hide-for-large&#8221;][vc_empty_space height=&#8221;60px&#8221; el_class=&#8221;show-for-large&#8221;][vc_column_text css=&#8221;&#8221;] Proyectos [\/vc_column_text][vc_empty_space height=&#8221;60px&#8221; el_class=&#8221;show-for-large&#8221;][vc_empty_space height=&#8221;30px&#8221; el_class=&#8221;hide-for-large&#8221;][\/vc_column][\/vc_row][\/vc_section][vc_section el_id=&#8221;US-281-section_1&#8243;][vc_row][vc_column][vc_empty_space height=&#8221;30px&#8221; el_class=&#8221;hide-for-large&#8221;][vc_empty_space height=&#8221;60px&#8221; el_class=&#8221;show-for-large&#8221;][vc_row_inner content_placement=&#8221;middle&#8221; el_class=&#8221;row no-padding-vc align-center&#8221;][vc_column_inner el_class=&#8221;columns large-10&#8243;][vc_column_text css=&#8221;&#8221; el_class=&#8221;text-center&#8221;] Conector US 281\/BSIF (Segmento 3 de la autopista de peaje 365) [\/vc_column_text][vc_empty_space height=&#8221;45px&#8221; el_class=&#8221;show-for-large&#8221;][vc_empty_space height=&#8221;20px&#8221; el_class=&#8221;hide-for-large&#8221;][vc_column_text css=&#8221;&#8221; el_class=&#8221;text-center&#8221;] La Autoridad Regional... Read more &raquo;","og_url":"https:\/\/www.hcrma.net\/es\/proyectos\/conector-us-281-bsif\/","og_site_name":"Hidalgo County Regional Mobility Authority","article_modified_time":"2026-02-04T09:17:30+00:00","twitter_card":"summary_large_image","twitter_misc":{"Est. reading time":"4 minutes"},"schema":{"@context":"https:\/\/schema.org","@graph":[{"@type":"WebPage","@id":"https:\/\/www.hcrma.net\/es\/proyectos\/conector-us-281-bsif\/","url":"https:\/\/www.hcrma.net\/es\/proyectos\/conector-us-281-bsif\/","name":"Conector US 281\/BSIF - Hidalgo County Regional Mobility Authority","isPartOf":{"@id":"https:\/\/www.hcrma.net\/#website"},"datePublished":"2025-10-21T08:17:15+00:00","dateModified":"2026-02-04T09:17:30+00:00","breadcrumb":{"@id":"https:\/\/www.hcrma.net\/es\/proyectos\/conector-us-281-bsif\/#breadcrumb"},"inLanguage":"es-ES","potentialAction":[{"@type":"ReadAction","target":["https:\/\/www.hcrma.net\/es\/proyectos\/conector-us-281-bsif\/"]}]},{"@type":"BreadcrumbList","@id":"https:\/\/www.hcrma.net\/es\/proyectos\/conector-us-281-bsif\/#breadcrumb","itemListElement":[{"@type":"ListItem","position":1,"name":"Home","item":"https:\/\/www.hcrma.net\/es\/inicio\/"},{"@type":"ListItem","position":2,"name":"Proyectos","item":"https:\/\/www.hcrma.net\/es\/proyectos\/"},{"@type":"ListItem","position":3,"name":"Conector US 281\/BSIF"}]},{"@type":"WebSite","@id":"https:\/\/www.hcrma.net\/#website","url":"https:\/\/www.hcrma.net\/","name":"Hidalgo County Regional Mobility Authority","description":"","potentialAction":[{"@type":"SearchAction","target":{"@type":"EntryPoint","urlTemplate":"https:\/\/www.hcrma.net\/?s={search_term_string}"},"query-input":{"@type":"PropertyValueSpecification","valueRequired":true,"valueName":"search_term_string"}}],"inLanguage":"es-ES"}]}},"_links":{"self":[{"href":"https:\/\/www.hcrma.net\/es\/wp-json\/wp\/v2\/pages\/4072","targetHints":{"allow":["GET"]}}],"collection":[{"href":"https:\/\/www.hcrma.net\/es\/wp-json\/wp\/v2\/pages"}],"about":[{"href":"https:\/\/www.hcrma.net\/es\/wp-json\/wp\/v2\/types\/page"}],"author":[{"embeddable":true,"href":"https:\/\/www.hcrma.net\/es\/wp-json\/wp\/v2\/users\/1"}],"replies":[{"embeddable":true,"href":"https:\/\/www.hcrma.net\/es\/wp-json\/wp\/v2\/comments?post=4072"}],"version-history":[{"count":1,"href":"https:\/\/www.hcrma.net\/es\/wp-json\/wp\/v2\/pages\/4072\/revisions"}],"predecessor-version":[{"id":4073,"href":"https:\/\/www.hcrma.net\/es\/wp-json\/wp\/v2\/pages\/4072\/revisions\/4073"}],"up":[{"embeddable":true,"href":"https:\/\/www.hcrma.net\/es\/wp-json\/wp\/v2\/pages\/4235"}],"wp:attachment":[{"href":"https:\/\/www.hcrma.net\/es\/wp-json\/wp\/v2\/media?parent=4072"}],"curies":[{"name":"wp","href":"https:\/\/api.w.org\/{rel}","templated":true}]}}