{"id":4068,"date":"2025-10-21T08:59:39","date_gmt":"2025-10-21T08:59:39","guid":{"rendered":"https:\/\/www.hcrma.net\/programas\/"},"modified":"2026-02-04T09:13:21","modified_gmt":"2026-02-04T09:13:21","slug":"programas","status":"publish","type":"page","link":"https:\/\/www.hcrma.net\/es\/programas\/","title":{"rendered":"Programas"},"content":{"rendered":"<div class=\"wpb-content-wrapper\"><p>[vc_section css=&#8221;.vc_custom_1761052031103{background-image: url(https:\/\/www.hcrma.net\/wp-content\/uploads\/2025\/09\/login-section_0-bg-img.png?id=289) !important;}&#8221; el_id=&#8221;section-hero&#8221;][vc_row content_placement=&#8221;middle&#8221;][vc_column el_class=&#8221;extra-padding-left-for-large&#8221;][vc_empty_space height=&#8221;30px&#8221; el_class=&#8221;hide-for-large&#8221;][vc_empty_space height=&#8221;60px&#8221; el_class=&#8221;show-for-large&#8221;][vc_column_text css=&#8221;&#8221;]<\/p>\n<h1 class=\"alt-white\">Programas<\/h1>\n<p>[\/vc_column_text][vc_empty_space height=&#8221;60px&#8221; el_class=&#8221;show-for-large&#8221;][vc_empty_space height=&#8221;30px&#8221; el_class=&#8221;hide-for-large&#8221;][\/vc_column][\/vc_row][\/vc_section][vc_section css=&#8221;.vc_custom_1760953568744{background-color: #FFFFFF !important;}&#8221; el_id=&#8221;projects-section_1&#8243;][vc_row el_class=&#8221;row no-padding-vc align-center&#8221;][vc_column el_class=&#8221;columns large-10 small-12&#8243;][vc_empty_space height=&#8221;30px&#8221; el_class=&#8221;hide-for-large&#8221;][vc_empty_space height=&#8221;60px&#8221; el_class=&#8221;show-for-large&#8221;][vc_row_inner el_class=&#8221;row no-padding-vc align-center&#8221;][vc_column_inner][vc_column_text css=&#8221;&#8221; el_class=&#8221;text-center&#8221;]<\/p>\n<h2 class=\"font-color-header-color margin-bottom-2rem font-weight-bold\">Nuestros programas<\/h2>\n<p class=\"big\">La Autoridad Regional de Movilidad del Condado de Hidalgo (HCRMA) trabaja para mejorar la movilidad, la seguridad y el crecimiento econ\u00f3mico.<br \/>\n A trav\u00e9s de programas y proyectos innovadores, reducimos la congesti\u00f3n, ampliamos la conectividad<br \/>\n y apoyamos el comercio, ayudando a que Hidalgo avance.<\/p>\n<p>[\/vc_column_text][\/vc_column_inner][\/vc_row_inner][vc_empty_space height=&#8221;60px&#8221; el_class=&#8221;show-for-large&#8221;][vc_empty_space height=&#8221;30px&#8221; el_class=&#8221;hide-for-large&#8221;][vc_row_inner el_class=&#8221;row no-padding-vc&#8221;][vc_column_inner][vc_column_text css=&#8221;&#8221;]<\/p>\n<div class=\"horizontal-card\">\n<div class=\"card-image\"><img decoding=\"async\" src=\"\/wp-content\/uploads\/2025\/10\/programs-section_1-img.png\" alt=\"Programa\"><\/div>\n<div class=\"card-content\">\n<h5 class=\"font-weight-bold\">Permiso para sobrepeso\/sobredimensi\u00f3n<\/h5>\n<p>Este programa permite a los transportistas mover cargas pesadas o grandes de forma segura en rutas aprobadas dentro del Corredor del Condado de Hidalgo. La HCRMA emite permisos para veh\u00edculos con sobrepeso (hasta 56.699 kg) y veh\u00edculos de gran tama\u00f1o (hasta 3,6 metros de ancho, 4,8 metros de alto o 33,5 metros de largo). Se requiere un permiso para viajes de ida cuando un veh\u00edculo excede los l\u00edmites normales de tama\u00f1o o peso. El programa apoya el comercio y la industria local, a la vez que ayuda a proteger nuestras carreteras.<br \/>\n<a class=\"button primary font-weight-bold uc margin-top-1point5rem w-100\" href=\"https:\/\/www.hcrma.net\/programs\/overweight-truck-corridor\/\">M\u00c1S INFORMACI\u00d3N SOBRE ESTE PROGRAMA<\/a><\/p>\n<\/div>\n<\/div>\n<p>[\/vc_column_text][vc_empty_space height=&#8221;60px&#8221; el_class=&#8221;show-for-large&#8221;][vc_empty_space height=&#8221;30px&#8221; el_class=&#8221;hide-for-large&#8221;][vc_column_text css=&#8221;&#8221;]<\/p>\n<div class=\"horizontal-card\">\n<div class=\"card-image\"><img decoding=\"async\" src=\"\/wp-content\/uploads\/2025\/10\/programs-section_1-img.png\" alt=\"Programa\"><\/div>\n<div class=\"card-content\">\n<div class=\"status-banner margin-bottom-1rem uc\">Pr\u00f3ximamente<\/div>\n<h5 class=\"font-weight-bold\">Peaje<\/h5>\n<p>A trav\u00e9s de nuestro Programa de Peaje, reducimos la congesti\u00f3n, mejoramos la conectividad y proporcionamos financiaci\u00f3n para futuras mejoras de las carreteras. Una parte clave de este esfuerzo es la autopista de peaje 365, que utiliza un sistema totalmente electr\u00f3nico para que los conductores puedan viajar de forma segura y eficiente sin detenerse en las cabinas de peaje.<br \/>\n<a class=\"button primary font-weight-bold uc margin-top-1point5rem w-100\" href=\"https:\/\/www.hcrma.net\/es\/programas\/peaje\/\">M\u00c1S INFORMACI\u00d3N SOBRE ESTE PROGRAMA<\/a><\/p>\n<\/div>\n<\/div>\n<p>[\/vc_column_text][\/vc_column_inner][\/vc_row_inner][vc_empty_space height=&#8221;60px&#8221; el_class=&#8221;show-for-large&#8221;][vc_empty_space height=&#8221;30px&#8221; el_class=&#8221;hide-for-large&#8221;][vc_column_text css=&#8221;&#8221; el_class=&#8221;text-center&#8221;]<a class=\"button primary font-weight-bold uc margin-top-1point5rem \" href=\"https:\/\/www.hcrma.net\/projects\/365-tollway-segments-1-2\/\">Danos tu opini\u00f3n<\/a>[\/vc_column_text][vc_empty_space height=&#8221;60px&#8221; el_class=&#8221;show-for-large&#8221;][vc_empty_space height=&#8221;30px&#8221; el_class=&#8221;hide-for-large&#8221;][\/vc_column][\/vc_row][\/vc_section]<\/p>\n<\/div>","protected":false},"excerpt":{"rendered":"<p>[vc_section css=&#8221;.vc_custom_1761052031103{background-image: url(https:\/\/www.hcrma.net\/wp-content\/uploads\/2025\/09\/login-section_0-bg-img.png?id=289) !important;}&#8221; el_id=&#8221;section-hero&#8221;][vc_row content_placement=&#8221;middle&#8221;][vc_column el_class=&#8221;extra-padding-left-for-large&#8221;][vc_empty_space height=&#8221;30px&#8221; el_class=&#8221;hide-for-large&#8221;][vc_empty_space height=&#8221;60px&#8221; el_class=&#8221;show-for-large&#8221;][vc_column_text css=&#8221;&#8221;] Programas [\/vc_column_text][vc_empty_space height=&#8221;60px&#8221; el_class=&#8221;show-for-large&#8221;][vc_empty_space height=&#8221;30px&#8221; el_class=&#8221;hide-for-large&#8221;][\/vc_column][\/vc_row][\/vc_section][vc_section css=&#8221;.vc_custom_1760953568744{background-color: #FFFFFF !important;}&#8221; el_id=&#8221;projects-section_1&#8243;][vc_row el_class=&#8221;row no-padding-vc align-center&#8221;][vc_column el_class=&#8221;columns large-10 small-12&#8243;][vc_empty_space height=&#8221;30px&#8221; el_class=&#8221;hide-for-large&#8221;][vc_empty_space height=&#8221;60px&#8221; el_class=&#8221;show-for-large&#8221;][vc_row_inner el_class=&#8221;row no-padding-vc align-center&#8221;][vc_column_inner][vc_column_text css=&#8221;&#8221; el_class=&#8221;text-center&#8221;] Nuestros programas La Autoridad Regional de Movilidad del Condado de Hidalgo (HCRMA) trabaja para mejorar la movilidad, la<a class=\"excerpt-read-more\" href=\"https:\/\/www.hcrma.net\/es\/programas\/\" title=\"ReadProgramas\">&#8230; Read more &raquo;<\/a><\/p>\n","protected":false},"author":1,"featured_media":0,"parent":0,"menu_order":0,"comment_status":"closed","ping_status":"closed","template":"template-visual-builder.php","meta":{"_acf_changed":false,"footnotes":""},"class_list":["post-4068","page","type-page","status-publish","hentry"],"acf":[],"yoast_head":"<!-- This site is optimized with the Yoast SEO plugin v27.2 - https:\/\/yoast.com\/product\/yoast-seo-wordpress\/ -->\n<title>Programas - Hidalgo County Regional Mobility Authority<\/title>\n<meta name=\"robots\" content=\"index, follow, max-snippet:-1, max-image-preview:large, max-video-preview:-1\" \/>\n<link rel=\"canonical\" href=\"https:\/\/www.hcrma.net\/es\/programas\/\" \/>\n<meta property=\"og:locale\" content=\"es_ES\" \/>\n<meta property=\"og:type\" content=\"article\" \/>\n<meta property=\"og:title\" content=\"Programas - Hidalgo County Regional Mobility Authority\" \/>\n<meta property=\"og:description\" content=\"[vc_section css=&#8221;.vc_custom_1761052031103{background-image: url(https:\/\/www.hcrma.net\/wp-content\/uploads\/2025\/09\/login-section_0-bg-img.png?id=289) !important;}&#8221; el_id=&#8221;section-hero&#8221;][vc_row content_placement=&#8221;middle&#8221;][vc_column el_class=&#8221;extra-padding-left-for-large&#8221;][vc_empty_space height=&#8221;30px&#8221; el_class=&#8221;hide-for-large&#8221;][vc_empty_space height=&#8221;60px&#8221; el_class=&#8221;show-for-large&#8221;][vc_column_text css=&#8221;&#8221;] Programas [\/vc_column_text][vc_empty_space height=&#8221;60px&#8221; el_class=&#8221;show-for-large&#8221;][vc_empty_space height=&#8221;30px&#8221; el_class=&#8221;hide-for-large&#8221;][\/vc_column][\/vc_row][\/vc_section][vc_section css=&#8221;.vc_custom_1760953568744{background-color: #FFFFFF !important;}&#8221; el_id=&#8221;projects-section_1&#8243;][vc_row el_class=&#8221;row no-padding-vc align-center&#8221;][vc_column el_class=&#8221;columns large-10 small-12&#8243;][vc_empty_space height=&#8221;30px&#8221; el_class=&#8221;hide-for-large&#8221;][vc_empty_space height=&#8221;60px&#8221; el_class=&#8221;show-for-large&#8221;][vc_row_inner el_class=&#8221;row no-padding-vc align-center&#8221;][vc_column_inner][vc_column_text css=&#8221;&#8221; el_class=&#8221;text-center&#8221;] Nuestros programas La Autoridad Regional de Movilidad del Condado de Hidalgo (HCRMA) trabaja para mejorar la movilidad, la... Read more &raquo;\" \/>\n<meta property=\"og:url\" content=\"https:\/\/www.hcrma.net\/es\/programas\/\" \/>\n<meta property=\"og:site_name\" content=\"Hidalgo County Regional Mobility Authority\" \/>\n<meta property=\"article:modified_time\" content=\"2026-02-04T09:13:21+00:00\" \/>\n<meta name=\"twitter:card\" content=\"summary_large_image\" \/>\n<meta name=\"twitter:label1\" content=\"Est. reading time\" \/>\n\t<meta name=\"twitter:data1\" content=\"2 minutes\" \/>\n<script type=\"application\/ld+json\" class=\"yoast-schema-graph\">{\"@context\":\"https:\/\/schema.org\",\"@graph\":[{\"@type\":\"WebPage\",\"@id\":\"https:\/\/www.hcrma.net\/es\/programas\/\",\"url\":\"https:\/\/www.hcrma.net\/es\/programas\/\",\"name\":\"Programas - Hidalgo County Regional Mobility Authority\",\"isPartOf\":{\"@id\":\"https:\/\/www.hcrma.net\/#website\"},\"datePublished\":\"2025-10-21T08:59:39+00:00\",\"dateModified\":\"2026-02-04T09:13:21+00:00\",\"breadcrumb\":{\"@id\":\"https:\/\/www.hcrma.net\/es\/programas\/#breadcrumb\"},\"inLanguage\":\"es-ES\",\"potentialAction\":[{\"@type\":\"ReadAction\",\"target\":[\"https:\/\/www.hcrma.net\/es\/programas\/\"]}]},{\"@type\":\"BreadcrumbList\",\"@id\":\"https:\/\/www.hcrma.net\/es\/programas\/#breadcrumb\",\"itemListElement\":[{\"@type\":\"ListItem\",\"position\":1,\"name\":\"Home\",\"item\":\"https:\/\/www.hcrma.net\/es\/inicio\/\"},{\"@type\":\"ListItem\",\"position\":2,\"name\":\"Programas\"}]},{\"@type\":\"WebSite\",\"@id\":\"https:\/\/www.hcrma.net\/#website\",\"url\":\"https:\/\/www.hcrma.net\/\",\"name\":\"Hidalgo County Regional Mobility Authority\",\"description\":\"\",\"potentialAction\":[{\"@type\":\"SearchAction\",\"target\":{\"@type\":\"EntryPoint\",\"urlTemplate\":\"https:\/\/www.hcrma.net\/?s={search_term_string}\"},\"query-input\":{\"@type\":\"PropertyValueSpecification\",\"valueRequired\":true,\"valueName\":\"search_term_string\"}}],\"inLanguage\":\"es-ES\"}]}<\/script>\n<!-- \/ Yoast SEO plugin. -->","yoast_head_json":{"title":"Programas - Hidalgo County Regional Mobility Authority","robots":{"index":"index","follow":"follow","max-snippet":"max-snippet:-1","max-image-preview":"max-image-preview:large","max-video-preview":"max-video-preview:-1"},"canonical":"https:\/\/www.hcrma.net\/es\/programas\/","og_locale":"es_ES","og_type":"article","og_title":"Programas - Hidalgo County Regional Mobility Authority","og_description":"[vc_section css=&#8221;.vc_custom_1761052031103{background-image: url(https:\/\/www.hcrma.net\/wp-content\/uploads\/2025\/09\/login-section_0-bg-img.png?id=289) !important;}&#8221; el_id=&#8221;section-hero&#8221;][vc_row content_placement=&#8221;middle&#8221;][vc_column el_class=&#8221;extra-padding-left-for-large&#8221;][vc_empty_space height=&#8221;30px&#8221; el_class=&#8221;hide-for-large&#8221;][vc_empty_space height=&#8221;60px&#8221; el_class=&#8221;show-for-large&#8221;][vc_column_text css=&#8221;&#8221;] Programas [\/vc_column_text][vc_empty_space height=&#8221;60px&#8221; el_class=&#8221;show-for-large&#8221;][vc_empty_space height=&#8221;30px&#8221; el_class=&#8221;hide-for-large&#8221;][\/vc_column][\/vc_row][\/vc_section][vc_section css=&#8221;.vc_custom_1760953568744{background-color: #FFFFFF !important;}&#8221; el_id=&#8221;projects-section_1&#8243;][vc_row el_class=&#8221;row no-padding-vc align-center&#8221;][vc_column el_class=&#8221;columns large-10 small-12&#8243;][vc_empty_space height=&#8221;30px&#8221; el_class=&#8221;hide-for-large&#8221;][vc_empty_space height=&#8221;60px&#8221; el_class=&#8221;show-for-large&#8221;][vc_row_inner el_class=&#8221;row no-padding-vc align-center&#8221;][vc_column_inner][vc_column_text css=&#8221;&#8221; el_class=&#8221;text-center&#8221;] Nuestros programas La Autoridad Regional de Movilidad del Condado de Hidalgo (HCRMA) trabaja para mejorar la movilidad, la... Read more &raquo;","og_url":"https:\/\/www.hcrma.net\/es\/programas\/","og_site_name":"Hidalgo County Regional Mobility Authority","article_modified_time":"2026-02-04T09:13:21+00:00","twitter_card":"summary_large_image","twitter_misc":{"Est. reading time":"2 minutes"},"schema":{"@context":"https:\/\/schema.org","@graph":[{"@type":"WebPage","@id":"https:\/\/www.hcrma.net\/es\/programas\/","url":"https:\/\/www.hcrma.net\/es\/programas\/","name":"Programas - Hidalgo County Regional Mobility Authority","isPartOf":{"@id":"https:\/\/www.hcrma.net\/#website"},"datePublished":"2025-10-21T08:59:39+00:00","dateModified":"2026-02-04T09:13:21+00:00","breadcrumb":{"@id":"https:\/\/www.hcrma.net\/es\/programas\/#breadcrumb"},"inLanguage":"es-ES","potentialAction":[{"@type":"ReadAction","target":["https:\/\/www.hcrma.net\/es\/programas\/"]}]},{"@type":"BreadcrumbList","@id":"https:\/\/www.hcrma.net\/es\/programas\/#breadcrumb","itemListElement":[{"@type":"ListItem","position":1,"name":"Home","item":"https:\/\/www.hcrma.net\/es\/inicio\/"},{"@type":"ListItem","position":2,"name":"Programas"}]},{"@type":"WebSite","@id":"https:\/\/www.hcrma.net\/#website","url":"https:\/\/www.hcrma.net\/","name":"Hidalgo County Regional Mobility Authority","description":"","potentialAction":[{"@type":"SearchAction","target":{"@type":"EntryPoint","urlTemplate":"https:\/\/www.hcrma.net\/?s={search_term_string}"},"query-input":{"@type":"PropertyValueSpecification","valueRequired":true,"valueName":"search_term_string"}}],"inLanguage":"es-ES"}]}},"_links":{"self":[{"href":"https:\/\/www.hcrma.net\/es\/wp-json\/wp\/v2\/pages\/4068","targetHints":{"allow":["GET"]}}],"collection":[{"href":"https:\/\/www.hcrma.net\/es\/wp-json\/wp\/v2\/pages"}],"about":[{"href":"https:\/\/www.hcrma.net\/es\/wp-json\/wp\/v2\/types\/page"}],"author":[{"embeddable":true,"href":"https:\/\/www.hcrma.net\/es\/wp-json\/wp\/v2\/users\/1"}],"replies":[{"embeddable":true,"href":"https:\/\/www.hcrma.net\/es\/wp-json\/wp\/v2\/comments?post=4068"}],"version-history":[{"count":2,"href":"https:\/\/www.hcrma.net\/es\/wp-json\/wp\/v2\/pages\/4068\/revisions"}],"predecessor-version":[{"id":4071,"href":"https:\/\/www.hcrma.net\/es\/wp-json\/wp\/v2\/pages\/4068\/revisions\/4071"}],"wp:attachment":[{"href":"https:\/\/www.hcrma.net\/es\/wp-json\/wp\/v2\/media?parent=4068"}],"curies":[{"name":"wp","href":"https:\/\/api.w.org\/{rel}","templated":true}]}}