{"id":4046,"date":"2025-10-27T14:51:28","date_gmt":"2025-10-27T14:51:28","guid":{"rendered":"https:\/\/www.hcrma.net\/contactenos\/"},"modified":"2026-03-26T18:38:51","modified_gmt":"2026-03-26T18:38:51","slug":"contactenos","status":"publish","type":"page","link":"https:\/\/www.hcrma.net\/es\/contactenos\/","title":{"rendered":"Cont\u00e1ctenos"},"content":{"rendered":"<div class=\"wpb-content-wrapper\"><p>[vc_section css=&#8221;.vc_custom_1761051908530{background-image: url(https:\/\/www.hcrma.net\/wp-content\/uploads\/2025\/09\/login-section_0-bg-img.png?id=289) !important;}&#8221; el_id=&#8221;section-hero&#8221;][vc_row content_placement=&#8221;middle&#8221; el_class=&#8221;row&#8221;][vc_column][vc_empty_space height=&#8221;30px&#8221; el_class=&#8221;hide-for-large&#8221;][vc_empty_space height=&#8221;60px&#8221; el_class=&#8221;show-for-large&#8221;][vc_column_text css=&#8221;&#8221;]<\/p>\n<h1 class=\"alt-white font-weight-bold\">Cont\u00e1ctenos<\/h1>\n<p>[\/vc_column_text][vc_empty_space height=&#8221;60px&#8221; el_class=&#8221;show-for-large&#8221;][vc_empty_space height=&#8221;30px&#8221; el_class=&#8221;hide-for-large&#8221;][\/vc_column][\/vc_row][\/vc_section][vc_section el_id=&#8221;contact-us-section_1&#8243;][vc_row][vc_column][vc_empty_space height=&#8221;30px&#8221; el_class=&#8221;hide-for-large&#8221;][vc_empty_space height=&#8221;60px&#8221; el_class=&#8221;show-for-large&#8221;][vc_row_inner el_class=&#8221;row no-padding-vc align-center&#8221;][vc_column_inner el_class=&#8221;columns large-10 small-12 text-center&#8221;][vc_column_text css=&#8221;&#8221;]<\/p>\n<h2 class=\"font-color-header-color margin-bottom-2rem font-weight-bold\">Contacto<\/h2>\n<p class=\"extra-big\">\u00bfTiene alguna pregunta sobre alguno de nuestros proyectos, necesita ayuda con asuntos relacionados con el transporte o simplemente quiere ponerse en contacto con la Autoridad de Movilidad Regional del Condado de Hidalgo? Estamos aqu\u00ed para ayudarle. <\/p>\n<p>[\/vc_column_text][\/vc_column_inner][\/vc_row_inner][vc_empty_space height=&#8221;60px&#8221; el_class=&#8221;show-for-large&#8221;][vc_empty_space height=&#8221;30px&#8221; el_class=&#8221;hide-for-large&#8221;][vc_row_inner el_class=&#8221;row no-padding-vc align-center codesm-equalize-content&#8221;][vc_column_inner el_class=&#8221;columns large-3 small-12&#8243; width=&#8221;1\/3&#8243;][vc_column_text css=&#8221;&#8221; el_class=&#8221;text-center&#8221;]<\/p>\n<div class=\"card-container\" data-equalizer-watch=\"\">\n<div class=\"margin-bottom-1point5rem\"><img loading=\"lazy\" decoding=\"async\" class=\"card-img alignnone size-full wp-image-37\" role=\"img\" src=\"\/wp-content\/uploads\/2025\/10\/contact-us-section_1-icon_1.png\" alt=\"Direcci\u00f3n\" width=\"60\" height=\"60\"><\/div>\n<h3 class=\"title font-color-header-color font-weight-medium extra-big\">Direcci\u00f3n<\/h3>\n<div class=\"margin-bottom-1rem\">\n<p class=\"content\">203 W. Newcombe Ave<br \/>\nPharr, Texas 78577<\/p>\n<\/div>\n<p><a class=\"button primary font-weight-bold uc w-100\" href=\"https:\/\/share.google\/UYgBE0mAKQFe2LVIt\">obtener indicaciones<\/a><\/p>\n<\/div>\n<p>[\/vc_column_text][vc_empty_space height=&#8221;30px&#8221; el_class=&#8221;hide-for-large&#8221;][\/vc_column_inner][vc_column_inner el_class=&#8221;columns large-6 small-12&#8243; width=&#8221;1\/3&#8243;][vc_column_text css=&#8221;&#8221; el_class=&#8221;text-center&#8221;]<\/p>\n<div class=\"card-container\" data-equalizer-watch=\"\">\n<div class=\"margin-bottom-1point5rem\"><img loading=\"lazy\" decoding=\"async\" class=\"card-img alignnone size-full wp-image-37\" role=\"img\" src=\"\/wp-content\/uploads\/2025\/10\/contact-us-section_1-icon_2.png\" alt=\"Administraci\u00f3n\" width=\"60\" height=\"60\"><\/div>\n<h4 class=\"font-color-header-color font-weight-medium big\">Administraci\u00f3n<\/h4>\n<p class=\"\"><a href=\"tel:+19564024762\">956.402.4762<\/a><\/p>\n<p class=\"margin-bottom-1point5rem\"><a href=\"tel:+19564682176\">956.468.2176<\/a><\/p>\n<h4 class=\"font-color-header-color font-weight-medium big\">Divisi\u00f3n de Construcci\u00f3n<\/h4>\n<p class=\"margin-bottom-1point5rem\"><a href=\"tel:+19564024763\">956.402.4763<\/a><\/p>\n<h4 class=\"font-color-header-color font-weight-medium big\">HORARIO DE ATENCI\u00d3N<\/h4>\n<p class=\"content margin-bottom-1point5rem\">De lunes a viernes: 8:00 a 12:00 | 13:00 a 17:00<\/p>\n<\/div>\n<p>[\/vc_column_text][vc_empty_space height=&#8221;30px&#8221; el_class=&#8221;hide-for-large&#8221;][\/vc_column_inner][vc_column_inner el_class=&#8221;columns large-3 small-12&#8243; width=&#8221;1\/3&#8243;][vc_column_text css=&#8221;&#8221; el_class=&#8221;text-center&#8221;]<\/p>\n<div class=\"card-container\" data-equalizer-watch=\"\">\n<div class=\"margin-bottom-1point5rem\"><img loading=\"lazy\" decoding=\"async\" class=\"card-img alignnone size-full wp-image-37\" role=\"img\" src=\"\/wp-content\/uploads\/2025\/10\/contact-us-section_1-icon_4.png\" alt=\"Correo electr\u00f3nico\n\" width=\"60\" height=\"60\"><\/div>\n<h3 class=\"title font-color-header-color font-weight-medium extra-big\">Correo electr\u00f3nico<\/h3>\n<div class=\"margin-bottom-1rem\">\n<p class=\"content\">contact@hcrma.net<\/p>\n<\/div>\n<p><a class=\"button primary font-weight-bold uc w-100\" href=\"mailto:contact@hcrma.net\">Escr\u00edbanos<\/a><\/p>\n<\/div>\n<p>[\/vc_column_text][\/vc_column_inner][\/vc_row_inner][vc_empty_space height=&#8221;60px&#8221; el_class=&#8221;show-for-large&#8221;][vc_empty_space height=&#8221;30px&#8221; el_class=&#8221;hide-for-large&#8221;][\/vc_column][\/vc_row][\/vc_section][vc_section css=&#8221;.vc_custom_1761579011427{background-color: #F9FAFB !important;}&#8221; el_id=&#8221;contact-us-section_2&#8243;][vc_row][vc_column][vc_empty_space height=&#8221;60px&#8221; el_class=&#8221;show-for-large&#8221;][vc_empty_space height=&#8221;30px&#8221; el_class=&#8221;hide-for-large&#8221;][vc_row_inner el_class=&#8221;row no-padding-vc align-center&#8221;][vc_column_inner el_class=&#8221;columns large-10 small-12 text-center&#8221;][vc_column_text css=&#8221;&#8221;]<\/p>\n<h2 class=\"font-color-header-color margin-bottom-2rem font-weight-bold\">Denunciar<\/h2>\n<p class=\"extra-big\">Para denunciar sospechas de fraude, despilfarro o abuso relacionados con las operaciones de HCRMA, o para enviar una inquietud sobre el mantenimiento de la infraestructura de HCRMA, haga clic en los enlaces a continuaci\u00f3n para recibir una revisi\u00f3n confidencial y una acci\u00f3n oportuna.<\/p>\n<p>[\/vc_column_text][\/vc_column_inner][\/vc_row_inner][vc_empty_space height=&#8221;60px&#8221; el_class=&#8221;show-for-large&#8221;][vc_empty_space height=&#8221;30px&#8221; el_class=&#8221;hide-for-large&#8221;][vc_row_inner el_class=&#8221;row no-padding-vc align-center codesm-equalize-content&#8221;][vc_column_inner width=&#8221;1\/2&#8243;][vc_column_text css=&#8221;&#8221; el_class=&#8221;text-left large-text-center&#8221;]<\/p>\n<div class=\"card-container\" data-equalizer-watch=\"\">\n<div class=\"margin-bottom-1point5rem\"><img loading=\"lazy\" decoding=\"async\" class=\"card-img alignnone size-full wp-image-37\" role=\"img\" src=\"\/wp-content\/uploads\/2025\/10\/contact-us-section_2-icon_1.png\" alt=\"Denunciar fraude y despilfarro\" width=\"60\" height=\"60\"><\/div>\n<h3 class=\"font-color-header-color font-weight-medium extra-big\">Denunciar fraude y despilfarro<\/h3>\n<div class=\"margin-bottom-1rem\">\n<p class=\"\">Fomentamos la rendici\u00f3n de cuentas, as\u00ed que env\u00ede sus inquietudes de forma confidencial por tel\u00e9fono o correo electr\u00f3nico.<\/p>\n<\/div>\n<p><a class=\"button primary font-weight-bold uc text-left large-text-center\" href=\"https:\/\/www.hcrma.net\/es\/informar-sobre-problemas-de-mantenimiento\/\">denunciar<\/a><\/p>\n<\/div>\n<p>[\/vc_column_text][vc_empty_space height=&#8221;30px&#8221; el_class=&#8221;hide-for-large&#8221;][\/vc_column_inner][vc_column_inner width=&#8221;1\/2&#8243;][vc_column_text css=&#8221;&#8221; el_class=&#8221;text-left large-text-center&#8221;]<\/p>\n<div class=\"card-container\" data-equalizer-watch=\"\">\n<div class=\"margin-bottom-1point5rem\"><img loading=\"lazy\" decoding=\"async\" class=\"card-img alignnone size-full wp-image-37\" role=\"img\" src=\"\/wp-content\/uploads\/2025\/10\/contact-us-section_2-icon_2.png\" alt=\"Informar sobre problemas de mantenimiento\n\" width=\"60\" height=\"60\"><\/div>\n<h3 class=\"font-color-header-color font-weight-medium extra-big\">Informar sobre problemas de mantenimiento<\/h3>\n<div class=\"margin-bottom-1rem\">\n<p class=\"\">Detenga los problemas a tiempo informando de los problemas directamente por tel\u00e9fono o correo electr\u00f3nico.<\/p>\n<\/div>\n<p><a class=\"button primary font-weight-bold uc text-left large-text-center\" href=\"https:\/\/www.hcrma.net\/es\/necesidad-de-reparacion-de-la-carretera\/\">denunciar<\/a><\/p>\n<\/div>\n<p>[\/vc_column_text][\/vc_column_inner][\/vc_row_inner][vc_empty_space height=&#8221;60px&#8221; el_class=&#8221;show-for-large&#8221;][vc_empty_space height=&#8221;30px&#8221; el_class=&#8221;hide-for-large&#8221;][\/vc_column][\/vc_row][\/vc_section][vc_section el_id=&#8221;contact-us-section_3&#8243;][vc_row][vc_column][vc_empty_space height=&#8221;60px&#8221; el_class=&#8221;show-for-large&#8221;][vc_empty_space height=&#8221;30px&#8221; el_class=&#8221;hide-for-large&#8221;][vc_row_inner el_class=&#8221;row no-padding-vc align-center&#8221;][vc_column_inner el_class=&#8221;columns large-10 small-12 text-center&#8221;][vc_column_text css=&#8221;&#8221;]<\/p>\n<h2 class=\"font-color-header-color margin-bottom-2rem font-weight-bold\">Nuestra ubicaci\u00f3n<\/h2>\n<p class=\"extra-big\">203 W. Newcombe Ave<\/p>\n<p class=\"extra-big\">Pharr, Texas 78577<\/p>\n<p>[\/vc_column_text][\/vc_column_inner][\/vc_row_inner][vc_empty_space height=&#8221;60px&#8221; el_class=&#8221;show-for-large&#8221;][vc_empty_space height=&#8221;30px&#8221; el_class=&#8221;hide-for-large&#8221;][\/vc_column][\/vc_row][vc_row][vc_column][vc_row_inner el_class=&#8221;row no-padding-vc expanded no-padding-foundation&#8221;][vc_column_inner][vc_raw_html css=&#8221;&#8221;]PGRpdiBzdHlsZT0ib3ZlcmZsb3c6aGlkZGVuO21pbi1oZWlnaHQ6NTE3cHg7d2lkdGg6MTAwJTsiPg0KCTxkaXYgaWQ9ImdtYXAiIHN0eWxlPSJtaW4taGVpZ2h0OjUxN3B4O3dpZHRoOjEwMCU7Ij48L2Rpdj4NCgk8c3R5bGU+I2dtYXAge291dGxpbmU7IG5vbmU7fSAjZ21hcCBpbWd7bWF4LXdpZHRoOm5vbmUhaW1wb3J0YW50O2JhY2tncm91bmQ6bm9uZSFpbXBvcnRhbnR9PC9zdHlsZT4NCjwvZGl2Pg==[\/vc_raw_html][vc_raw_js]JTNDc2NyaXB0JTIwdHlwZSUzRCUyMnRleHQlMkZqYXZhc2NyaXB0JTIyJTNFJTBEJTBBJTIwJTIwJTIwJTIwdmFyJTIwbG9jYXRpb25zJTIwJTNEJTIwJTVCJTBEJTBBJTIwJTIwJTIwJTIwJTIwJTIwJTIwJTIwJTVCJTI3JTNDcCUyMGNsYXNzJTNEJTIybWFyZ2luLWJvdHRvbS0wcG9pbnQ1cmVtJTIyJTNFJTNDc3Ryb25nJTNFMjAzJTIwVy4lMjBOZXdjb21iZSUyMEF2ZSUyMFBoYXJyJTJDJTIwVGV4YXMlMjA3ODU3NyUyMCUzQyUyRnAlM0UlM0NhJTIwaHJlZiUzRCUyMmh0dHBzJTNBJTJGJTJGbWFwcy5hcHAuZ29vLmdsJTJGVnVQSEs1OExzRFdqM1lFTjglMjIlMjB0YXJnZXQlM0QlMjJfYmxhbmslMjIlM0UlM0NwJTIwY2xhc3MlM0QlMjJzbWFsbCUyMGZvbnQtY29sb3ItcHJpbWFyeSUyMGZvbnQtd2VpZ2h0LWJvbGQlMjBuby1tYXJnaW4tYm90dG9tJTIyJTNFR2V0JTIwRGlyZWN0aW9uJTNDJTJGcCUzRSUzQyUyRmElM0UlMjclMkMyNi4xOTQ0NzMzNTQ5OTgzNDglMkMlMjAtOTguMTg1NjkzNTE4MzE2NTElNUQlMkMlMEQlMEElMjAlMjAlMjAlMjAlNUQlM0IlMEQlMEElMjAlMjAlMjAlMjAlMEQlMEElMjAlMjAlMjAlMjBmdW5jdGlvbiUyMGluaXRfbWFwJTI4JTI5JTIwJTdCJTBEJTBBJTIwJTIwJTIwJTIwJTIwJTIwJTIwJTIwdmFyJTIwbXlPcHRpb25zJTIwJTNEJTIwJTdCJTBEJTBBJTIwJTIwJTIwJTIwJTIwJTIwJTIwJTIwJTIwJTIwJTIwJTIwem9vbSUzQSUyMDE1JTJDJTBEJTBBJTIwJTIwJTIwJTIwJTIwJTIwJTIwJTIwJTIwJTIwJTIwJTIwY2VudGVyJTNBJTIwbmV3JTIwZ29vZ2xlLm1hcHMuTGF0TG5nJTI4MjYuMTk0NDczMzU0OTk4MzQ4JTJDJTIwLTk4LjE4NTY5MzUxODMxNjUxJTI5JTJDJTIwJTIwJTBEJTBBJTIwJTIwJTIwJTIwJTIwJTIwJTIwJTIwJTIwJTIwJTIwJTIwJTJGJTJGc3R5bGVzJTNBJTIwbWFwU3R5bGVzJTI4JTI5JTJDJTBEJTBBJTIwJTIwJTIwJTIwJTIwJTIwJTIwJTIwJTIwJTIwJTIwJTIwbWFwVHlwZUlkJTNBJTIwZ29vZ2xlLm1hcHMuTWFwVHlwZUlkLlJPQURNQVAlMEQlMEElMjAlMjAlMjAlMjAlMjAlMjAlMjAlMjAlN0QlM0IlMEQlMEElMjAlMjAlMjAlMjAlMjAlMjAlMjAlMjB2YXIlMjBtYXAlMjAlM0QlMjBuZXclMjBnb29nbGUubWFwcy5NYXAlMjhkb2N1bWVudC5nZXRFbGVtZW50QnlJZCUyOCUyN2dtYXAlMjclMjklMkMlMjBteU9wdGlvbnMlMjklM0IlMEQlMEElMjAlMjAlMjAlMjAlMjAlMjAlMjAlMjB2YXIlMjBpbmZvd2luZG93JTIwJTNEJTIwbmV3JTIwZ29vZ2xlLm1hcHMuSW5mb1dpbmRvdyUyOCU3QiU3RCUyOSUzQiUwRCUwQSUwRCUwQSUyMCUyMCUyMCUyMCUyMCUyMCUyMCUyMGZvciUyMCUyOHZhciUyMGklMjAlM0QlMjAwJTNCJTIwaSUyMCUzQyUyMGxvY2F0aW9ucy5sZW5ndGglM0IlMjBpJTJCJTJCJTI5JTIwJTdCJTBEJTBBJTIwJTIwJTIwJTIwJTIwJTIwJTIwJTIwJTIwJTIwJTIwJTIwdmFyJTIwbWFya2VyJTIwJTNEJTIwbmV3JTIwZ29vZ2xlLm1hcHMuTWFya2VyJTI4JTdCJTBEJTBBJTIwJTIwJTIwJTIwJTIwJTIwJTIwJTIwJTIwJTIwJTIwJTIwJTIwJTIwJTIwJTIwcG9zaXRpb24lM0ElMjBuZXclMjBnb29nbGUubWFwcy5MYXRMbmclMjhsb2NhdGlvbnMlNUJpJTVEJTVCMSU1RCUyQyUyMGxvY2F0aW9ucyU1QmklNUQlNUIyJTVEJTI5JTJDJTBEJTBBJTIwJTIwJTIwJTIwJTIwJTIwJTIwJTIwJTIwJTIwJTIwJTIwJTIwJTIwJTIwJTIwbWFwJTNBJTIwbWFwJTJDJTBEJTBBJTBEJTBBJTIwJTIwJTIwJTIwJTIwJTIwJTIwJTIwJTIwJTIwJTIwJTIwJTIwJTIwJTIwJTIwdGl0bGUlM0ElMjBsb2NhdGlvbnMlNUJpJTVEJTVCMCU1RCUwRCUwQSUyMCUyMCUyMCUyMCUyMCUyMCUyMCUyMCUyMCUyMCUyMCUyMCU3RCUyOSUzQiUwRCUwQSUwRCUwQSUyMCUyMCUyMCUyMCUyMCUyMCUyMCUyMCUyMCUyMCUyMCUyMGdvb2dsZS5tYXBzLmV2ZW50LmFkZExpc3RlbmVyJTI4bWFya2VyJTJDJTIwJTI3Y2xpY2slMjclMkMlMjAlMjhmdW5jdGlvbiUyMCUyOG1hcmtlciUyQyUyMGklMjklMjAlN0IlMEQlMEElMjAlMjAlMjAlMjAlMjAlMjAlMjAlMjAlMjAlMjAlMjAlMjAlMjAlMjAlMjAlMjByZXR1cm4lMjBmdW5jdGlvbiUyMCUyOCUyOSUyMCU3QiUwRCUwQSUyMCUyMCUyMCUyMCUyMCUyMCUyMCUyMCUyMCUyMCUyMCUyMCUyMCUyMCUyMCUyMCUyMCUyMCUyMCUyMGluZm93aW5kb3cuc2V0Q29udGVudCUyOGxvY2F0aW9ucyU1QmklNUQlNUIwJTVEJTI5JTNCJTBEJTBBJTIwJTIwJTIwJTIwJTIwJTIwJTIwJTIwJTIwJTIwJTIwJTIwJTIwJTIwJTIwJTIwJTIwJTIwJTIwJTIwaW5mb3dpbmRvdy5vcGVuJTI4bWFwJTJDJTIwbWFya2VyJTI5JTNCJTBEJTBBJTIwJTIwJTIwJTIwJTIwJTIwJTIwJTIwJTIwJTIwJTIwJTIwJTIwJTIwJTIwJTIwJTdEJTNCJTBEJTBBJTIwJTIwJTIwJTIwJTIwJTIwJTIwJTIwJTIwJTIwJTIwJTIwJTdEJTI5JTI4bWFya2VyJTJDJTIwaSUyOSUyOSUzQiUwRCUwQSUyMCUyMCUyMCUyMCUyMCUyMCUyMCUyMCU3RCUwRCUwQSUyMCUyMCUyMCUyMCU3RCUwRCUwQSUwRCUwQSUyMCUyMCUyMCUyMGdvb2dsZS5tYXBzLmV2ZW50LmFkZERvbUxpc3RlbmVyJTI4d2luZG93JTJDJTIwJTI3bG9hZCUyNyUyQyUyMGluaXRfbWFwJTI5JTNCJTBEJTBBJTBEJTBBJTNDJTJGc2NyaXB0JTNF[\/vc_raw_js][\/vc_column_inner][\/vc_row_inner][\/vc_column][\/vc_row][\/vc_section]<\/p>\n<\/div>","protected":false},"excerpt":{"rendered":"<p>[vc_section css=&#8221;.vc_custom_1761051908530{background-image: url(https:\/\/www.hcrma.net\/wp-content\/uploads\/2025\/09\/login-section_0-bg-img.png?id=289) !important;}&#8221; el_id=&#8221;section-hero&#8221;][vc_row content_placement=&#8221;middle&#8221; el_class=&#8221;row&#8221;][vc_column][vc_empty_space height=&#8221;30px&#8221; el_class=&#8221;hide-for-large&#8221;][vc_empty_space height=&#8221;60px&#8221; el_class=&#8221;show-for-large&#8221;][vc_column_text css=&#8221;&#8221;] Cont\u00e1ctenos [\/vc_column_text][vc_empty_space height=&#8221;60px&#8221; el_class=&#8221;show-for-large&#8221;][vc_empty_space height=&#8221;30px&#8221; el_class=&#8221;hide-for-large&#8221;][\/vc_column][\/vc_row][\/vc_section][vc_section el_id=&#8221;contact-us-section_1&#8243;][vc_row][vc_column][vc_empty_space height=&#8221;30px&#8221; el_class=&#8221;hide-for-large&#8221;][vc_empty_space height=&#8221;60px&#8221; el_class=&#8221;show-for-large&#8221;][vc_row_inner el_class=&#8221;row no-padding-vc align-center&#8221;][vc_column_inner el_class=&#8221;columns large-10 small-12 text-center&#8221;][vc_column_text css=&#8221;&#8221;] Contacto \u00bfTiene alguna pregunta sobre alguno de nuestros proyectos, necesita ayuda con asuntos relacionados con el transporte o simplemente quiere ponerse en contacto con<a class=\"excerpt-read-more\" href=\"https:\/\/www.hcrma.net\/es\/contactenos\/\" title=\"ReadCont\u00e1ctenos\">&#8230; Read more &raquo;<\/a><\/p>\n","protected":false},"author":1,"featured_media":0,"parent":0,"menu_order":0,"comment_status":"closed","ping_status":"closed","template":"template-visual-builder.php","meta":{"_acf_changed":false,"footnotes":""},"class_list":["post-4046","page","type-page","status-publish","hentry"],"acf":[],"yoast_head":"<!-- This site is optimized with the Yoast SEO plugin v27.2 - https:\/\/yoast.com\/product\/yoast-seo-wordpress\/ -->\n<title>Cont\u00e1ctenos - Hidalgo County Regional Mobility Authority<\/title>\n<meta name=\"robots\" content=\"index, follow, max-snippet:-1, max-image-preview:large, max-video-preview:-1\" \/>\n<link rel=\"canonical\" href=\"https:\/\/www.hcrma.net\/es\/contactenos\/\" \/>\n<meta property=\"og:locale\" content=\"es_ES\" \/>\n<meta property=\"og:type\" content=\"article\" \/>\n<meta property=\"og:title\" content=\"Cont\u00e1ctenos - Hidalgo County Regional Mobility Authority\" \/>\n<meta property=\"og:description\" content=\"[vc_section css=&#8221;.vc_custom_1761051908530{background-image: url(https:\/\/www.hcrma.net\/wp-content\/uploads\/2025\/09\/login-section_0-bg-img.png?id=289) !important;}&#8221; el_id=&#8221;section-hero&#8221;][vc_row content_placement=&#8221;middle&#8221; el_class=&#8221;row&#8221;][vc_column][vc_empty_space height=&#8221;30px&#8221; el_class=&#8221;hide-for-large&#8221;][vc_empty_space height=&#8221;60px&#8221; el_class=&#8221;show-for-large&#8221;][vc_column_text css=&#8221;&#8221;] Cont\u00e1ctenos [\/vc_column_text][vc_empty_space height=&#8221;60px&#8221; el_class=&#8221;show-for-large&#8221;][vc_empty_space height=&#8221;30px&#8221; el_class=&#8221;hide-for-large&#8221;][\/vc_column][\/vc_row][\/vc_section][vc_section el_id=&#8221;contact-us-section_1&#8243;][vc_row][vc_column][vc_empty_space height=&#8221;30px&#8221; el_class=&#8221;hide-for-large&#8221;][vc_empty_space height=&#8221;60px&#8221; el_class=&#8221;show-for-large&#8221;][vc_row_inner el_class=&#8221;row no-padding-vc align-center&#8221;][vc_column_inner el_class=&#8221;columns large-10 small-12 text-center&#8221;][vc_column_text css=&#8221;&#8221;] Contacto \u00bfTiene alguna pregunta sobre alguno de nuestros proyectos, necesita ayuda con asuntos relacionados con el transporte o simplemente quiere ponerse en contacto con... Read more &raquo;\" \/>\n<meta property=\"og:url\" content=\"https:\/\/www.hcrma.net\/es\/contactenos\/\" \/>\n<meta property=\"og:site_name\" content=\"Hidalgo County Regional Mobility Authority\" \/>\n<meta property=\"article:modified_time\" content=\"2026-03-26T18:38:51+00:00\" \/>\n<meta name=\"twitter:card\" content=\"summary_large_image\" \/>\n<meta name=\"twitter:label1\" content=\"Est. reading time\" \/>\n\t<meta name=\"twitter:data1\" content=\"3 minutes\" \/>\n<script type=\"application\/ld+json\" class=\"yoast-schema-graph\">{\"@context\":\"https:\/\/schema.org\",\"@graph\":[{\"@type\":\"WebPage\",\"@id\":\"https:\/\/www.hcrma.net\/es\/contactenos\/\",\"url\":\"https:\/\/www.hcrma.net\/es\/contactenos\/\",\"name\":\"Cont\u00e1ctenos - Hidalgo County Regional Mobility Authority\",\"isPartOf\":{\"@id\":\"https:\/\/www.hcrma.net\/#website\"},\"datePublished\":\"2025-10-27T14:51:28+00:00\",\"dateModified\":\"2026-03-26T18:38:51+00:00\",\"breadcrumb\":{\"@id\":\"https:\/\/www.hcrma.net\/es\/contactenos\/#breadcrumb\"},\"inLanguage\":\"es-ES\",\"potentialAction\":[{\"@type\":\"ReadAction\",\"target\":[\"https:\/\/www.hcrma.net\/es\/contactenos\/\"]}]},{\"@type\":\"BreadcrumbList\",\"@id\":\"https:\/\/www.hcrma.net\/es\/contactenos\/#breadcrumb\",\"itemListElement\":[{\"@type\":\"ListItem\",\"position\":1,\"name\":\"Home\",\"item\":\"https:\/\/www.hcrma.net\/es\/inicio\/\"},{\"@type\":\"ListItem\",\"position\":2,\"name\":\"Cont\u00e1ctenos\"}]},{\"@type\":\"WebSite\",\"@id\":\"https:\/\/www.hcrma.net\/#website\",\"url\":\"https:\/\/www.hcrma.net\/\",\"name\":\"Hidalgo County Regional Mobility Authority\",\"description\":\"\",\"potentialAction\":[{\"@type\":\"SearchAction\",\"target\":{\"@type\":\"EntryPoint\",\"urlTemplate\":\"https:\/\/www.hcrma.net\/?s={search_term_string}\"},\"query-input\":{\"@type\":\"PropertyValueSpecification\",\"valueRequired\":true,\"valueName\":\"search_term_string\"}}],\"inLanguage\":\"es-ES\"}]}<\/script>\n<!-- \/ Yoast SEO plugin. -->","yoast_head_json":{"title":"Cont\u00e1ctenos - Hidalgo County Regional Mobility Authority","robots":{"index":"index","follow":"follow","max-snippet":"max-snippet:-1","max-image-preview":"max-image-preview:large","max-video-preview":"max-video-preview:-1"},"canonical":"https:\/\/www.hcrma.net\/es\/contactenos\/","og_locale":"es_ES","og_type":"article","og_title":"Cont\u00e1ctenos - Hidalgo County Regional Mobility Authority","og_description":"[vc_section css=&#8221;.vc_custom_1761051908530{background-image: url(https:\/\/www.hcrma.net\/wp-content\/uploads\/2025\/09\/login-section_0-bg-img.png?id=289) !important;}&#8221; el_id=&#8221;section-hero&#8221;][vc_row content_placement=&#8221;middle&#8221; el_class=&#8221;row&#8221;][vc_column][vc_empty_space height=&#8221;30px&#8221; el_class=&#8221;hide-for-large&#8221;][vc_empty_space height=&#8221;60px&#8221; el_class=&#8221;show-for-large&#8221;][vc_column_text css=&#8221;&#8221;] Cont\u00e1ctenos [\/vc_column_text][vc_empty_space height=&#8221;60px&#8221; el_class=&#8221;show-for-large&#8221;][vc_empty_space height=&#8221;30px&#8221; el_class=&#8221;hide-for-large&#8221;][\/vc_column][\/vc_row][\/vc_section][vc_section el_id=&#8221;contact-us-section_1&#8243;][vc_row][vc_column][vc_empty_space height=&#8221;30px&#8221; el_class=&#8221;hide-for-large&#8221;][vc_empty_space height=&#8221;60px&#8221; el_class=&#8221;show-for-large&#8221;][vc_row_inner el_class=&#8221;row no-padding-vc align-center&#8221;][vc_column_inner el_class=&#8221;columns large-10 small-12 text-center&#8221;][vc_column_text css=&#8221;&#8221;] Contacto \u00bfTiene alguna pregunta sobre alguno de nuestros proyectos, necesita ayuda con asuntos relacionados con el transporte o simplemente quiere ponerse en contacto con... Read more &raquo;","og_url":"https:\/\/www.hcrma.net\/es\/contactenos\/","og_site_name":"Hidalgo County Regional Mobility Authority","article_modified_time":"2026-03-26T18:38:51+00:00","twitter_card":"summary_large_image","twitter_misc":{"Est. reading time":"3 minutes"},"schema":{"@context":"https:\/\/schema.org","@graph":[{"@type":"WebPage","@id":"https:\/\/www.hcrma.net\/es\/contactenos\/","url":"https:\/\/www.hcrma.net\/es\/contactenos\/","name":"Cont\u00e1ctenos - Hidalgo County Regional Mobility Authority","isPartOf":{"@id":"https:\/\/www.hcrma.net\/#website"},"datePublished":"2025-10-27T14:51:28+00:00","dateModified":"2026-03-26T18:38:51+00:00","breadcrumb":{"@id":"https:\/\/www.hcrma.net\/es\/contactenos\/#breadcrumb"},"inLanguage":"es-ES","potentialAction":[{"@type":"ReadAction","target":["https:\/\/www.hcrma.net\/es\/contactenos\/"]}]},{"@type":"BreadcrumbList","@id":"https:\/\/www.hcrma.net\/es\/contactenos\/#breadcrumb","itemListElement":[{"@type":"ListItem","position":1,"name":"Home","item":"https:\/\/www.hcrma.net\/es\/inicio\/"},{"@type":"ListItem","position":2,"name":"Cont\u00e1ctenos"}]},{"@type":"WebSite","@id":"https:\/\/www.hcrma.net\/#website","url":"https:\/\/www.hcrma.net\/","name":"Hidalgo County Regional Mobility Authority","description":"","potentialAction":[{"@type":"SearchAction","target":{"@type":"EntryPoint","urlTemplate":"https:\/\/www.hcrma.net\/?s={search_term_string}"},"query-input":{"@type":"PropertyValueSpecification","valueRequired":true,"valueName":"search_term_string"}}],"inLanguage":"es-ES"}]}},"_links":{"self":[{"href":"https:\/\/www.hcrma.net\/es\/wp-json\/wp\/v2\/pages\/4046","targetHints":{"allow":["GET"]}}],"collection":[{"href":"https:\/\/www.hcrma.net\/es\/wp-json\/wp\/v2\/pages"}],"about":[{"href":"https:\/\/www.hcrma.net\/es\/wp-json\/wp\/v2\/types\/page"}],"author":[{"embeddable":true,"href":"https:\/\/www.hcrma.net\/es\/wp-json\/wp\/v2\/users\/1"}],"replies":[{"embeddable":true,"href":"https:\/\/www.hcrma.net\/es\/wp-json\/wp\/v2\/comments?post=4046"}],"version-history":[{"count":3,"href":"https:\/\/www.hcrma.net\/es\/wp-json\/wp\/v2\/pages\/4046\/revisions"}],"predecessor-version":[{"id":4669,"href":"https:\/\/www.hcrma.net\/es\/wp-json\/wp\/v2\/pages\/4046\/revisions\/4669"}],"wp:attachment":[{"href":"https:\/\/www.hcrma.net\/es\/wp-json\/wp\/v2\/media?parent=4046"}],"curies":[{"name":"wp","href":"https:\/\/api.w.org\/{rel}","templated":true}]}}