{"id":4027,"date":"2025-12-01T16:22:03","date_gmt":"2025-12-01T16:22:03","guid":{"rendered":"https:\/\/www.hcrma.net\/necesidad-de-reparacion-de-la-carretera\/"},"modified":"2026-02-04T09:09:57","modified_gmt":"2026-02-04T09:09:57","slug":"necesidad-de-reparacion-de-la-carretera","status":"publish","type":"page","link":"https:\/\/www.hcrma.net\/es\/necesidad-de-reparacion-de-la-carretera\/","title":{"rendered":"Necesidad de reparaci\u00f3n de la carretera"},"content":{"rendered":"<div class=\"wpb-content-wrapper\"><p>[vc_section css=&#8221;.vc_custom_1761051908530{background-image: url(https:\/\/www.hcrma.net\/wp-content\/uploads\/2025\/09\/login-section_0-bg-img.png?id=289) !important;}&#8221; el_id=&#8221;section-hero&#8221;][vc_row content_placement=&#8221;middle&#8221; el_class=&#8221;row&#8221;][vc_column][vc_empty_space height=&#8221;30px&#8221; el_class=&#8221;hide-for-large&#8221;][vc_empty_space height=&#8221;60px&#8221; el_class=&#8221;show-for-large&#8221;][vc_column_text css=&#8221;&#8221;]<\/p>\n<h1 class=\"alt-white font-weight-bold\">Cont\u00e1ctenos<\/h1>\n<p>[\/vc_column_text][vc_empty_space height=&#8221;60px&#8221; el_class=&#8221;show-for-large&#8221;][vc_empty_space height=&#8221;30px&#8221; el_class=&#8221;hide-for-large&#8221;][\/vc_column][\/vc_row][\/vc_section][vc_section][vc_row el_class=&#8221;row&#8221;][vc_column][vc_empty_space height=&#8221;60px&#8221; el_class=&#8221;show-for-large&#8221;][vc_empty_space height=&#8221;30px&#8221; el_class=&#8221;hide-for-large&#8221;][vc_column_text css=&#8221;&#8221; el_class=&#8221;text-left&#8221;]<\/p>\n<h2 class=\"font-weight-bold\">Informar sobre problemas de mantenimiento<\/h2>\n<p class=\"margin-bottom-2point5rem\">Tenga en cuenta que la HCRMA no se encarga del mantenimiento de carreteras, aceras, senderos peatonales o carriles bici en ciudades dentro de la jurisdicci\u00f3n de la ciudad\/pueblo o del condado. P\u00f3ngase en contacto con las autoridades locales para todas las solicitudes de reparaci\u00f3n. Env\u00ede un informe separado para cada solicitud. Ayude a mantener la seguridad de las carreteras informando de los problemas de mantenimiento por tel\u00e9fono <a href=\"tel:9564024762\">(956) 402-4762<\/a>, correo electr\u00f3nico: <a href=\"mailto:maintenance@hcrma.net\">maintenance@hcrma.net<\/a> o enviando el siguiente formulario.<\/p>\n<p class=\"\">Los campos con un * son obligatorios<\/p>\n<p>[\/vc_column_text][vc_empty_space height=&#8221;30px&#8221;]\n<div class=\"wpcf7 no-js\" id=\"wpcf7-f4231-o1\" lang=\"es-ES\" dir=\"ltr\" data-wpcf7-id=\"4231\">\n<div class=\"screen-reader-response\"><p role=\"status\" aria-live=\"polite\" aria-atomic=\"true\"><\/p> <ul><\/ul><\/div>\n<form action=\"\/es\/wp-json\/wp\/v2\/pages\/4027#wpcf7-f4231-o1\" method=\"post\" class=\"wpcf7-form init\" aria-label=\"Contact form\" novalidate=\"novalidate\" data-status=\"init\">\n<fieldset class=\"hidden-fields-container\"><input type=\"hidden\" name=\"_wpcf7\" value=\"4231\" \/><input type=\"hidden\" name=\"_wpcf7_version\" value=\"6.1.5\" \/><input type=\"hidden\" name=\"_wpcf7_locale\" value=\"es_ES\" \/><input type=\"hidden\" name=\"_wpcf7_unit_tag\" value=\"wpcf7-f4231-o1\" \/><input type=\"hidden\" name=\"_wpcf7_container_post\" value=\"0\" \/><input type=\"hidden\" name=\"_wpcf7_posted_data_hash\" value=\"\" \/>\n<\/fieldset>\n<div class=\"contact-report-form row margin-0\">\n\t<div class=\"columns large-10 small-12\">\n\t\t<h3 class=\" font-weight-medium margin-bottom-2rem\">\u00bfQu\u00e9 necesita ser reparado?\n\t\t<\/h3>\n\t\t<p>Selecciona un problema\/tema *\n\t\t<\/p>\n\t\t<p><span class=\"wpcf7-form-control-wrap\" data-name=\"your-relationship-to-txdot\"><select class=\"wpcf7-form-control wpcf7-select wpcf7-validates-as-required\" aria-required=\"true\" aria-invalid=\"false\" name=\"your-relationship-to-txdot\"><option value=\"\">Selecciona una opci\u00f3n<\/option><option value=\"Empleado\">Empleado<\/option><option value=\"Antiguo empleado\">Antiguo empleado<\/option><option value=\"P\u00fablico\">P\u00fablico<\/option><option value=\"Contratista\">Contratista<\/option><option value=\"Proveedor\">Proveedor<\/option><\/select><\/span>\n\t\t<\/p>\n\t\t<p>La p\u00e1gina actual no es compatible con el navegador Firefox. Si utilizas Firefox, por favor, usa otro navegador, como<br \/>\nChrome o Microsoft Edge.\n\t\t<\/p>\n\t\t<div style=\"height:40px\">\n\t\t<\/div>\n\t\t<h3 class=\"font-weight-medium margin-bottom-2rem\">\u00bfD\u00f3nde se necesita la reparaci\u00f3n?\n\t\t<\/h3>\n\t\t<p>Introduce una direcci\u00f3n y haz clic en el mapa para colocar un marcador y confirmar la ubicaci\u00f3n. Se debe hacer clic en el mapa para confirmar y enviar.\n\t\t<\/p>\n\t\t<div class=\"cf7-glp-wrapper\">\n\t\t\t\t<input class=\"cf7-location-field wpcf7-form-control wpcf7-text\" type=\"text\" name=\"repair-location\" placeholder=\"Introduce tu ubicaci\u00f3n\" value=\"\" class=\"cf7-location-input\" autocomplete=\"off\" \/>\n\t\t\t\t<div class=\"cf7-location-map\" style=\"height: 300px; margin-top: 10px; display:none;\"><\/div>\n\t\t\t\t<input type=\"hidden\" name=\"repair-location_lat\" class=\"cf7-lat\" value=\"\" \/>\n\t\t\t\t<input type=\"hidden\" name=\"repair-location_lng\" class=\"cf7-lng\" value=\"\" \/>\n\t\t\t<\/div>\n\t\t<div style=\"height:40px\">\n\t\t<\/div>\n\t\t<h3 class=\"font-weight-medium margin-bottom-2rem\">Por favor, completa lo siguiente:\n\t\t<\/h3>\n\t\t<div class=\"row report-form\">\n\t\t\t<div class=\"columns large-6 small-12\">\n\t\t\t\t<p class=\"font-weight-bold big\">\u00bfEn qu\u00e9 parte de la carretera? *\n\t\t\t\t<\/p>\n\t\t\t\t<p><span class=\"wpcf7-form-control-wrap\" data-name=\"where-on-road\"><select class=\"wpcf7-form-control wpcf7-select wpcf7-validates-as-required\" aria-required=\"true\" aria-invalid=\"false\" name=\"where-on-road\"><option value=\"\">Por favor, selecciona una opci\u00f3n v\u00e1lida<\/option><option value=\"En medio de la carretera (autopista)\">En medio de la carretera (autopista)<\/option><option value=\"En medio de\">En medio de<\/option><option value=\"la carretera (otra)\">la carretera (otra)<\/option><option value=\"En el arc\u00e9n o mediana\">En el arc\u00e9n o mediana<\/option><\/select><\/span>\n\t\t\t\t<\/p>\n\t\t\t<\/div>\n\t\t\t<div class=\"columns large-6 small-12\">\n\t\t\t\t<p class=\"font-weight-bold big\">\u00bfDirecci\u00f3n de viaje en la carretera? *\n\t\t\t\t<\/p>\n\t\t\t\t<p><span class=\"wpcf7-form-control-wrap\" data-name=\"travel-direction-on-road\"><select class=\"wpcf7-form-control wpcf7-select wpcf7-validates-as-required\" aria-required=\"true\" aria-invalid=\"false\" name=\"travel-direction-on-road\"><option value=\"\">Por favor, selecciona una opci\u00f3n v\u00e1lida<\/option><option value=\"Norte\">Norte<\/option><option value=\"Este\">Este<\/option><option value=\"Sur\">Sur<\/option><option value=\"Oeste\">Oeste<\/option><option value=\"No estoy seguro\/a\">No estoy seguro\/a<\/option><\/select><\/span>\n\t\t\t\t<\/p>\n\t\t\t<\/div>\n\t\t\t<div class=\"columns large-6 small-12\">\n\t\t\t\t<p class=\"font-weight-bold big\">\u00bfCu\u00e1ndo se not\u00f3 el problema? *\n\t\t\t\t<\/p>\n\t\t\t\t<p><span class=\"wpcf7-form-control-wrap\" data-name=\"where-issue-noticed\"><input class=\"wpcf7-form-control wpcf7-date wpcf7-validates-as-required wpcf7-validates-as-date\" aria-required=\"true\" aria-invalid=\"false\" value=\"\" type=\"date\" name=\"where-issue-noticed\" \/><\/span>\n\t\t\t\t<\/p>\n\t\t\t<\/div>\n\t\t\t<div class=\"columns large-6 small-12\">\n\t\t\t\t<p class=\"font-weight-bold big\">\u00bfA qu\u00e9 hora se not\u00f3 el problema? *\n\t\t\t\t<\/p>\n\t\t\t\t<p><span class=\"wpcf7-form-control-wrap\" data-name=\"which-time-issue-noticed\"><input size=\"40\" maxlength=\"400\" class=\"wpcf7-form-control wpcf7-text wpcf7-validates-as-required walcf7-timepicker\" aria-required=\"true\" aria-invalid=\"false\" placeholder=\"4:33 PM\" value=\"\" type=\"text\" name=\"which-time-issue-noticed\" \/><\/span>\n\t\t\t\t<\/p>\n\t\t\t<\/div>\n\t\t\t<div class=\"columns large-12\">\n\t\t\t\t<p class=\"font-weight-bold big\">Informaci\u00f3n adicional *\n\t\t\t\t<\/p>\n\t\t\t\t<p><span class=\"wpcf7-form-control-wrap\" data-name=\"additional-information\"><textarea cols=\"40\" rows=\"10\" maxlength=\"2000\" class=\"wpcf7-form-control wpcf7-textarea wpcf7-validates-as-required\" aria-required=\"true\" aria-invalid=\"false\" name=\"additional-information\"><\/textarea><\/span>\n\t\t\t\t<\/p>\n\t\t\t<\/div>\n\t\t<\/div>\n\t\t<div style=\"height:40px\">\n\t\t<\/div>\n\t\t<h3 class=\" font-weight-medium margin-bottom-2rem\">A\u00f1ade una imagen que muestre el problema\n\t\t<\/h3>\n\t\t<div class=\"image-upload-btn\">\n\t\t\t<p><span class=\"wpcf7-form-control-wrap\" data-name=\"upload-file-media\"><input size=\"40\" class=\"wpcf7-form-control wpcf7-drag-n-drop-file d-none\" aria-invalid=\"false\" type=\"file\" multiple=\"multiple\" data-name=\"upload-file-media\" data-type=\"png|jpg|jpeg|pdf\" data-limit=\"10485760\" data-min=\"1\" data-max=\"10\" data-id=\"4231\" data-version=\"free version 1.3.9.6\" accept=\".png, .jpg, .jpeg, .pdf\" \/><\/span>\n\t\t\t<\/p>\n\t\t<\/div>\n\t\t<div style=\"height:40px\">\n\t\t<\/div>\n\t\t<h3 class=\" font-weight-medium margin-bottom-2rem\">En caso de que necesitemos contactarte\n\t\t<\/h3>\n\t\t<div class=\"row form-row\">\n\t\t\t<div class=\"columns large-6 small-12\">\n\t\t\t\t<p><span class=\"wpcf7-form-control-wrap\" data-name=\"first-name\"><input size=\"40\" maxlength=\"400\" class=\"wpcf7-form-control wpcf7-text\" aria-invalid=\"false\" placeholder=\"Nombre\" value=\"\" type=\"text\" name=\"first-name\" \/><\/span>\n\t\t\t\t<\/p>\n\t\t\t<\/div>\n\t\t\t<div class=\"columns large-6 small-12\">\n\t\t\t\t<p><span class=\"wpcf7-form-control-wrap\" data-name=\"last-name\"><input size=\"40\" maxlength=\"400\" class=\"wpcf7-form-control wpcf7-text\" aria-invalid=\"false\" placeholder=\"Apellido\" value=\"\" type=\"text\" name=\"last-name\" \/><\/span>\n\t\t\t\t<\/p>\n\t\t\t<\/div>\n\t\t\t<div class=\"columns large-6 small-12\">\n\t\t\t\t<p><span class=\"wpcf7-form-control-wrap\" data-name=\"phone\"><input size=\"40\" maxlength=\"400\" class=\"wpcf7-form-control wpcf7-tel wpcf7-validates-as-required wpcf7-text wpcf7-validates-as-tel codesm-phone-field\" aria-required=\"true\" aria-invalid=\"false\" placeholder=\"Tu n\u00famero de tel\u00e9fono:\" value=\"\" type=\"tel\" name=\"phone\" \/><\/span>\n\t\t\t\t<\/p>\n\t\t\t<\/div>\n\t\t\t<div class=\"columns large-6 small-12\">\n\t\t\t\t<p><span class=\"wpcf7-form-control-wrap\" data-name=\"email\"><input size=\"40\" maxlength=\"400\" class=\"wpcf7-form-control wpcf7-email wpcf7-validates-as-required wpcf7-text wpcf7-validates-as-email\" aria-required=\"true\" aria-invalid=\"false\" placeholder=\"Tu direcci\u00f3n de correo electr\u00f3nico:\" value=\"\" type=\"email\" name=\"email\" \/><\/span>\n\t\t\t\t<\/p>\n\t\t\t<\/div>\n\t\t<\/div>\n\t\t<p class=\"\">Ten en cuenta que toda la informaci\u00f3n (excepto tu direcci\u00f3n de correo electr\u00f3nico) que env\u00edes en este formulario est\u00e1 sujeta a divulgaci\u00f3n p\u00fablica bajo la Ley de Informaci\u00f3n P\u00fablica de Texas.\n\t\t<\/p>\n\t\t<p><input class=\"wpcf7-form-control wpcf7-submit has-spinner button uc no-margin-bottom header-button\" type=\"submit\" value=\"Enviar\" \/>\n\t\t<\/p>\n\t<\/div>\n<\/div>\n<style>\n .report-form select{\nborder: 1px solid #cacaca !important;\n border-radius: 4px !important;\n height: 58px !important;\n display: flex !important;\nwidth: 100% !important;\n}\n\n.wpcf7-response-output{\ncolor: #000000 !important;\n}\n\n.repair-location input{\nmargin-bottom: 20px;\n}\n<\/style><div class=\"wpcf7-response-output\" aria-hidden=\"true\"><\/div>\n<\/form>\n<\/div>\n[vc_empty_space height=&#8221;30px&#8221; el_class=&#8221;hide-for-large&#8221;][vc_empty_space height=&#8221;60px&#8221; el_class=&#8221;show-for-large&#8221;][\/vc_column][\/vc_row][\/vc_section]<\/p>\n<\/div>","protected":false},"excerpt":{"rendered":"<p>[vc_section css=&#8221;.vc_custom_1761051908530{background-image: url(https:\/\/www.hcrma.net\/wp-content\/uploads\/2025\/09\/login-section_0-bg-img.png?id=289) !important;}&#8221; el_id=&#8221;section-hero&#8221;][vc_row content_placement=&#8221;middle&#8221; el_class=&#8221;row&#8221;][vc_column][vc_empty_space height=&#8221;30px&#8221; el_class=&#8221;hide-for-large&#8221;][vc_empty_space height=&#8221;60px&#8221; el_class=&#8221;show-for-large&#8221;][vc_column_text css=&#8221;&#8221;] Cont\u00e1ctenos [\/vc_column_text][vc_empty_space height=&#8221;60px&#8221; el_class=&#8221;show-for-large&#8221;][vc_empty_space height=&#8221;30px&#8221; el_class=&#8221;hide-for-large&#8221;][\/vc_column][\/vc_row][\/vc_section][vc_section][vc_row el_class=&#8221;row&#8221;][vc_column][vc_empty_space height=&#8221;60px&#8221; el_class=&#8221;show-for-large&#8221;][vc_empty_space height=&#8221;30px&#8221; el_class=&#8221;hide-for-large&#8221;][vc_column_text css=&#8221;&#8221; el_class=&#8221;text-left&#8221;] Informar sobre problemas de mantenimiento Tenga en cuenta que la HCRMA no se encarga del mantenimiento de carreteras, aceras, senderos peatonales o carriles bici en ciudades dentro de la jurisdicci\u00f3n<a class=\"excerpt-read-more\" href=\"https:\/\/www.hcrma.net\/es\/necesidad-de-reparacion-de-la-carretera\/\" title=\"ReadNecesidad de reparaci\u00f3n de la carretera\">&#8230; Read more &raquo;<\/a><\/p>\n","protected":false},"author":1,"featured_media":0,"parent":0,"menu_order":0,"comment_status":"closed","ping_status":"closed","template":"template-visual-builder.php","meta":{"_acf_changed":false,"footnotes":""},"class_list":["post-4027","page","type-page","status-publish","hentry"],"acf":[],"yoast_head":"<!-- This site is optimized with the Yoast SEO plugin v27.2 - https:\/\/yoast.com\/product\/yoast-seo-wordpress\/ -->\n<title>Necesidad de reparaci\u00f3n de la carretera - Hidalgo County Regional Mobility Authority<\/title>\n<meta name=\"robots\" content=\"index, follow, max-snippet:-1, max-image-preview:large, max-video-preview:-1\" \/>\n<link rel=\"canonical\" href=\"https:\/\/www.hcrma.net\/es\/necesidad-de-reparacion-de-la-carretera\/\" \/>\n<meta property=\"og:locale\" content=\"es_ES\" \/>\n<meta property=\"og:type\" content=\"article\" \/>\n<meta property=\"og:title\" content=\"Necesidad de reparaci\u00f3n de la carretera - Hidalgo County Regional Mobility Authority\" \/>\n<meta property=\"og:description\" content=\"[vc_section css=&#8221;.vc_custom_1761051908530{background-image: url(https:\/\/www.hcrma.net\/wp-content\/uploads\/2025\/09\/login-section_0-bg-img.png?id=289) !important;}&#8221; el_id=&#8221;section-hero&#8221;][vc_row content_placement=&#8221;middle&#8221; el_class=&#8221;row&#8221;][vc_column][vc_empty_space height=&#8221;30px&#8221; el_class=&#8221;hide-for-large&#8221;][vc_empty_space height=&#8221;60px&#8221; el_class=&#8221;show-for-large&#8221;][vc_column_text css=&#8221;&#8221;] Cont\u00e1ctenos [\/vc_column_text][vc_empty_space height=&#8221;60px&#8221; el_class=&#8221;show-for-large&#8221;][vc_empty_space height=&#8221;30px&#8221; el_class=&#8221;hide-for-large&#8221;][\/vc_column][\/vc_row][\/vc_section][vc_section][vc_row el_class=&#8221;row&#8221;][vc_column][vc_empty_space height=&#8221;60px&#8221; el_class=&#8221;show-for-large&#8221;][vc_empty_space height=&#8221;30px&#8221; el_class=&#8221;hide-for-large&#8221;][vc_column_text css=&#8221;&#8221; el_class=&#8221;text-left&#8221;] Informar sobre problemas de mantenimiento Tenga en cuenta que la HCRMA no se encarga del mantenimiento de carreteras, aceras, senderos peatonales o carriles bici en ciudades dentro de la jurisdicci\u00f3n... Read more &raquo;\" \/>\n<meta property=\"og:url\" content=\"https:\/\/www.hcrma.net\/es\/necesidad-de-reparacion-de-la-carretera\/\" \/>\n<meta property=\"og:site_name\" content=\"Hidalgo County Regional Mobility Authority\" \/>\n<meta property=\"article:modified_time\" content=\"2026-02-04T09:09:57+00:00\" \/>\n<meta name=\"twitter:card\" content=\"summary_large_image\" \/>\n<meta name=\"twitter:label1\" content=\"Est. reading time\" \/>\n\t<meta name=\"twitter:data1\" content=\"1 minute\" \/>\n<script type=\"application\/ld+json\" class=\"yoast-schema-graph\">{\"@context\":\"https:\/\/schema.org\",\"@graph\":[{\"@type\":\"WebPage\",\"@id\":\"https:\/\/www.hcrma.net\/es\/necesidad-de-reparacion-de-la-carretera\/\",\"url\":\"https:\/\/www.hcrma.net\/es\/necesidad-de-reparacion-de-la-carretera\/\",\"name\":\"Necesidad de reparaci\u00f3n de la carretera - Hidalgo County Regional Mobility Authority\",\"isPartOf\":{\"@id\":\"https:\/\/www.hcrma.net\/#website\"},\"datePublished\":\"2025-12-01T16:22:03+00:00\",\"dateModified\":\"2026-02-04T09:09:57+00:00\",\"breadcrumb\":{\"@id\":\"https:\/\/www.hcrma.net\/es\/necesidad-de-reparacion-de-la-carretera\/#breadcrumb\"},\"inLanguage\":\"es-ES\",\"potentialAction\":[{\"@type\":\"ReadAction\",\"target\":[\"https:\/\/www.hcrma.net\/es\/necesidad-de-reparacion-de-la-carretera\/\"]}]},{\"@type\":\"BreadcrumbList\",\"@id\":\"https:\/\/www.hcrma.net\/es\/necesidad-de-reparacion-de-la-carretera\/#breadcrumb\",\"itemListElement\":[{\"@type\":\"ListItem\",\"position\":1,\"name\":\"Home\",\"item\":\"https:\/\/www.hcrma.net\/es\/inicio\/\"},{\"@type\":\"ListItem\",\"position\":2,\"name\":\"Necesidad de reparaci\u00f3n de la carretera\"}]},{\"@type\":\"WebSite\",\"@id\":\"https:\/\/www.hcrma.net\/#website\",\"url\":\"https:\/\/www.hcrma.net\/\",\"name\":\"Hidalgo County Regional Mobility Authority\",\"description\":\"\",\"potentialAction\":[{\"@type\":\"SearchAction\",\"target\":{\"@type\":\"EntryPoint\",\"urlTemplate\":\"https:\/\/www.hcrma.net\/?s={search_term_string}\"},\"query-input\":{\"@type\":\"PropertyValueSpecification\",\"valueRequired\":true,\"valueName\":\"search_term_string\"}}],\"inLanguage\":\"es-ES\"}]}<\/script>\n<!-- \/ Yoast SEO plugin. -->","yoast_head_json":{"title":"Necesidad de reparaci\u00f3n de la carretera - Hidalgo County Regional Mobility Authority","robots":{"index":"index","follow":"follow","max-snippet":"max-snippet:-1","max-image-preview":"max-image-preview:large","max-video-preview":"max-video-preview:-1"},"canonical":"https:\/\/www.hcrma.net\/es\/necesidad-de-reparacion-de-la-carretera\/","og_locale":"es_ES","og_type":"article","og_title":"Necesidad de reparaci\u00f3n de la carretera - Hidalgo County Regional Mobility Authority","og_description":"[vc_section css=&#8221;.vc_custom_1761051908530{background-image: url(https:\/\/www.hcrma.net\/wp-content\/uploads\/2025\/09\/login-section_0-bg-img.png?id=289) !important;}&#8221; el_id=&#8221;section-hero&#8221;][vc_row content_placement=&#8221;middle&#8221; el_class=&#8221;row&#8221;][vc_column][vc_empty_space height=&#8221;30px&#8221; el_class=&#8221;hide-for-large&#8221;][vc_empty_space height=&#8221;60px&#8221; el_class=&#8221;show-for-large&#8221;][vc_column_text css=&#8221;&#8221;] Cont\u00e1ctenos [\/vc_column_text][vc_empty_space height=&#8221;60px&#8221; el_class=&#8221;show-for-large&#8221;][vc_empty_space height=&#8221;30px&#8221; el_class=&#8221;hide-for-large&#8221;][\/vc_column][\/vc_row][\/vc_section][vc_section][vc_row el_class=&#8221;row&#8221;][vc_column][vc_empty_space height=&#8221;60px&#8221; el_class=&#8221;show-for-large&#8221;][vc_empty_space height=&#8221;30px&#8221; el_class=&#8221;hide-for-large&#8221;][vc_column_text css=&#8221;&#8221; el_class=&#8221;text-left&#8221;] Informar sobre problemas de mantenimiento Tenga en cuenta que la HCRMA no se encarga del mantenimiento de carreteras, aceras, senderos peatonales o carriles bici en ciudades dentro de la jurisdicci\u00f3n... Read more &raquo;","og_url":"https:\/\/www.hcrma.net\/es\/necesidad-de-reparacion-de-la-carretera\/","og_site_name":"Hidalgo County Regional Mobility Authority","article_modified_time":"2026-02-04T09:09:57+00:00","twitter_card":"summary_large_image","twitter_misc":{"Est. reading time":"1 minute"},"schema":{"@context":"https:\/\/schema.org","@graph":[{"@type":"WebPage","@id":"https:\/\/www.hcrma.net\/es\/necesidad-de-reparacion-de-la-carretera\/","url":"https:\/\/www.hcrma.net\/es\/necesidad-de-reparacion-de-la-carretera\/","name":"Necesidad de reparaci\u00f3n de la carretera - Hidalgo County Regional Mobility Authority","isPartOf":{"@id":"https:\/\/www.hcrma.net\/#website"},"datePublished":"2025-12-01T16:22:03+00:00","dateModified":"2026-02-04T09:09:57+00:00","breadcrumb":{"@id":"https:\/\/www.hcrma.net\/es\/necesidad-de-reparacion-de-la-carretera\/#breadcrumb"},"inLanguage":"es-ES","potentialAction":[{"@type":"ReadAction","target":["https:\/\/www.hcrma.net\/es\/necesidad-de-reparacion-de-la-carretera\/"]}]},{"@type":"BreadcrumbList","@id":"https:\/\/www.hcrma.net\/es\/necesidad-de-reparacion-de-la-carretera\/#breadcrumb","itemListElement":[{"@type":"ListItem","position":1,"name":"Home","item":"https:\/\/www.hcrma.net\/es\/inicio\/"},{"@type":"ListItem","position":2,"name":"Necesidad de reparaci\u00f3n de la carretera"}]},{"@type":"WebSite","@id":"https:\/\/www.hcrma.net\/#website","url":"https:\/\/www.hcrma.net\/","name":"Hidalgo County Regional Mobility Authority","description":"","potentialAction":[{"@type":"SearchAction","target":{"@type":"EntryPoint","urlTemplate":"https:\/\/www.hcrma.net\/?s={search_term_string}"},"query-input":{"@type":"PropertyValueSpecification","valueRequired":true,"valueName":"search_term_string"}}],"inLanguage":"es-ES"}]}},"_links":{"self":[{"href":"https:\/\/www.hcrma.net\/es\/wp-json\/wp\/v2\/pages\/4027","targetHints":{"allow":["GET"]}}],"collection":[{"href":"https:\/\/www.hcrma.net\/es\/wp-json\/wp\/v2\/pages"}],"about":[{"href":"https:\/\/www.hcrma.net\/es\/wp-json\/wp\/v2\/types\/page"}],"author":[{"embeddable":true,"href":"https:\/\/www.hcrma.net\/es\/wp-json\/wp\/v2\/users\/1"}],"replies":[{"embeddable":true,"href":"https:\/\/www.hcrma.net\/es\/wp-json\/wp\/v2\/comments?post=4027"}],"version-history":[{"count":1,"href":"https:\/\/www.hcrma.net\/es\/wp-json\/wp\/v2\/pages\/4027\/revisions"}],"predecessor-version":[{"id":4030,"href":"https:\/\/www.hcrma.net\/es\/wp-json\/wp\/v2\/pages\/4027\/revisions\/4030"}],"wp:attachment":[{"href":"https:\/\/www.hcrma.net\/es\/wp-json\/wp\/v2\/media?parent=4027"}],"curies":[{"name":"wp","href":"https:\/\/api.w.org\/{rel}","templated":true}]}}