{"id":4005,"date":"2025-12-17T16:36:41","date_gmt":"2025-12-17T16:36:41","guid":{"rendered":"https:\/\/www.hcrma.net\/declaracion-de-politica-de-no-discriminacion\/"},"modified":"2026-02-04T09:09:46","modified_gmt":"2026-02-04T09:09:46","slug":"declaracion-de-politica-de-no-discriminacion","status":"publish","type":"page","link":"https:\/\/www.hcrma.net\/es\/declaracion-de-politica-de-no-discriminacion\/","title":{"rendered":"Declaraci\u00f3n de pol\u00edtica de no discriminaci\u00f3n"},"content":{"rendered":"<div class=\"wpb-content-wrapper\"><p>[vc_section css=&#8221;.vc_custom_1761146669322{background-image: url(https:\/\/www.hcrma.net\/wp-content\/uploads\/2025\/09\/login-section_0-bg-img.png?id=289) !important;}&#8221; el_id=&#8221;section-hero&#8221;][vc_row content_placement=&#8221;middle&#8221; el_class=&#8221;row no-padding-vc&#8221;][vc_column el_class=&#8221;columns large-12&#8243;][vc_empty_space height=&#8221;30px&#8221; el_class=&#8221;hide-for-large&#8221;][vc_empty_space height=&#8221;60px&#8221; el_class=&#8221;show-for-large&#8221;][vc_column_text css=&#8221;&#8221;]<\/p>\n<h1 class=\"alt-white font-weight-bold\">Declaraci\u00f3n de pol\u00edtica de no discriminaci\u00f3n<\/h1>\n<p>[\/vc_column_text][vc_empty_space height=&#8221;60px&#8221; el_class=&#8221;show-for-large&#8221;][vc_empty_space height=&#8221;30px&#8221; el_class=&#8221;hide-for-large&#8221;][\/vc_column][\/vc_row][\/vc_section][vc_section el_id=&#8221;procurement-section_1&#8243;][vc_row][vc_column][vc_empty_space height=&#8221;60px&#8221; el_class=&#8221;show-for-large&#8221;][vc_empty_space height=&#8221;30px&#8221; el_class=&#8221;hide-for-large&#8221;][vc_row_inner el_class=&#8221;row no-padding-vc align-center&#8221;][vc_column_inner][vc_column_text css=&#8221;&#8221; el_class=&#8221;large-text-left text-center&#8221;]<\/p>\n<p class=\"\">La Autoridad Regional de Movilidad del Condado de Hidalgo (HCRMA) no discrimina a ninguna persona discapacitada cualificada \u00fanicamente por raz\u00f3n de su discapacidad, ni excluye de la participaci\u00f3n, niega los beneficios o somete de otro modo a las personas a discriminaci\u00f3n, incluida la discriminaci\u00f3n en el empleo, en virtud de ning\u00fan programa o actividad que reciba o se beneficie de asistencia financiera federal.<\/p>\n<p class=\"\">Adem\u00e1s, la HCRMA garantiza que sus programas se llevar\u00e1n a cabo y sus instalaciones se operar\u00e1n en cumplimiento de todas las pr\u00e1cticas y requisitos no discriminatorios impuestos por o de conformidad con el C\u00f3digo de Regulaciones 49 (CFR) Parte 27, 28 CFR Parte 35 y 42 USC \u00a712101-12213.<\/p>\n<p><a class=\"button primary uc font-weight-bold w-40\" href=\"\/wp-content\/uploads\/2025\/12\/ADA-Nondiscrimination-Statement.pdf\">Declaraci\u00f3n de pol\u00edtica de no discriminaci\u00f3n<\/a>[\/vc_column_text][\/vc_column_inner][\/vc_row_inner][vc_empty_space height=&#8221;60px&#8221; el_class=&#8221;show-for-large&#8221;][vc_empty_space height=&#8221;30px&#8221; el_class=&#8221;hide-for-large&#8221;][\/vc_column][\/vc_row][\/vc_section]<\/p>\n<\/div>","protected":false},"excerpt":{"rendered":"<p>[vc_section css=&#8221;.vc_custom_1761146669322{background-image: url(https:\/\/www.hcrma.net\/wp-content\/uploads\/2025\/09\/login-section_0-bg-img.png?id=289) !important;}&#8221; el_id=&#8221;section-hero&#8221;][vc_row content_placement=&#8221;middle&#8221; el_class=&#8221;row no-padding-vc&#8221;][vc_column el_class=&#8221;columns large-12&#8243;][vc_empty_space height=&#8221;30px&#8221; el_class=&#8221;hide-for-large&#8221;][vc_empty_space height=&#8221;60px&#8221; el_class=&#8221;show-for-large&#8221;][vc_column_text css=&#8221;&#8221;] Declaraci\u00f3n de pol\u00edtica de no discriminaci\u00f3n [\/vc_column_text][vc_empty_space height=&#8221;60px&#8221; el_class=&#8221;show-for-large&#8221;][vc_empty_space height=&#8221;30px&#8221; el_class=&#8221;hide-for-large&#8221;][\/vc_column][\/vc_row][\/vc_section][vc_section el_id=&#8221;procurement-section_1&#8243;][vc_row][vc_column][vc_empty_space height=&#8221;60px&#8221; el_class=&#8221;show-for-large&#8221;][vc_empty_space height=&#8221;30px&#8221; el_class=&#8221;hide-for-large&#8221;][vc_row_inner el_class=&#8221;row no-padding-vc align-center&#8221;][vc_column_inner][vc_column_text css=&#8221;&#8221; el_class=&#8221;large-text-left text-center&#8221;] La Autoridad Regional de Movilidad del Condado de Hidalgo (HCRMA) no discrimina a ninguna persona discapacitada cualificada \u00fanicamente<a class=\"excerpt-read-more\" href=\"https:\/\/www.hcrma.net\/es\/declaracion-de-politica-de-no-discriminacion\/\" title=\"ReadDeclaraci\u00f3n de pol\u00edtica de no discriminaci\u00f3n\">&#8230; Read more &raquo;<\/a><\/p>\n","protected":false},"author":1,"featured_media":0,"parent":0,"menu_order":0,"comment_status":"closed","ping_status":"closed","template":"template-visual-builder.php","meta":{"_acf_changed":false,"footnotes":""},"class_list":["post-4005","page","type-page","status-publish","hentry"],"acf":[],"yoast_head":"<!-- This site is optimized with the Yoast SEO plugin v27.2 - https:\/\/yoast.com\/product\/yoast-seo-wordpress\/ -->\n<title>Declaraci\u00f3n de pol\u00edtica de no discriminaci\u00f3n - Hidalgo County Regional Mobility Authority<\/title>\n<meta name=\"robots\" content=\"index, follow, max-snippet:-1, max-image-preview:large, max-video-preview:-1\" \/>\n<link rel=\"canonical\" href=\"https:\/\/www.hcrma.net\/es\/declaracion-de-politica-de-no-discriminacion\/\" \/>\n<meta property=\"og:locale\" content=\"es_ES\" \/>\n<meta property=\"og:type\" content=\"article\" \/>\n<meta property=\"og:title\" content=\"Declaraci\u00f3n de pol\u00edtica de no discriminaci\u00f3n - Hidalgo County Regional Mobility Authority\" \/>\n<meta property=\"og:description\" content=\"[vc_section css=&#8221;.vc_custom_1761146669322{background-image: url(https:\/\/www.hcrma.net\/wp-content\/uploads\/2025\/09\/login-section_0-bg-img.png?id=289) !important;}&#8221; el_id=&#8221;section-hero&#8221;][vc_row content_placement=&#8221;middle&#8221; el_class=&#8221;row no-padding-vc&#8221;][vc_column el_class=&#8221;columns large-12&#8243;][vc_empty_space height=&#8221;30px&#8221; el_class=&#8221;hide-for-large&#8221;][vc_empty_space height=&#8221;60px&#8221; el_class=&#8221;show-for-large&#8221;][vc_column_text css=&#8221;&#8221;] Declaraci\u00f3n de pol\u00edtica de no discriminaci\u00f3n [\/vc_column_text][vc_empty_space height=&#8221;60px&#8221; el_class=&#8221;show-for-large&#8221;][vc_empty_space height=&#8221;30px&#8221; el_class=&#8221;hide-for-large&#8221;][\/vc_column][\/vc_row][\/vc_section][vc_section el_id=&#8221;procurement-section_1&#8243;][vc_row][vc_column][vc_empty_space height=&#8221;60px&#8221; el_class=&#8221;show-for-large&#8221;][vc_empty_space height=&#8221;30px&#8221; el_class=&#8221;hide-for-large&#8221;][vc_row_inner el_class=&#8221;row no-padding-vc align-center&#8221;][vc_column_inner][vc_column_text css=&#8221;&#8221; el_class=&#8221;large-text-left text-center&#8221;] La Autoridad Regional de Movilidad del Condado de Hidalgo (HCRMA) no discrimina a ninguna persona discapacitada cualificada \u00fanicamente... Read more &raquo;\" \/>\n<meta property=\"og:url\" content=\"https:\/\/www.hcrma.net\/es\/declaracion-de-politica-de-no-discriminacion\/\" \/>\n<meta property=\"og:site_name\" content=\"Hidalgo County Regional Mobility Authority\" \/>\n<meta property=\"article:modified_time\" content=\"2026-02-04T09:09:46+00:00\" \/>\n<meta name=\"twitter:card\" content=\"summary_large_image\" \/>\n<meta name=\"twitter:label1\" content=\"Est. reading time\" \/>\n\t<meta name=\"twitter:data1\" content=\"1 minute\" \/>\n<script type=\"application\/ld+json\" class=\"yoast-schema-graph\">{\"@context\":\"https:\/\/schema.org\",\"@graph\":[{\"@type\":\"WebPage\",\"@id\":\"https:\/\/www.hcrma.net\/es\/declaracion-de-politica-de-no-discriminacion\/\",\"url\":\"https:\/\/www.hcrma.net\/es\/declaracion-de-politica-de-no-discriminacion\/\",\"name\":\"Declaraci\u00f3n de pol\u00edtica de no discriminaci\u00f3n - Hidalgo County Regional Mobility Authority\",\"isPartOf\":{\"@id\":\"https:\/\/www.hcrma.net\/#website\"},\"datePublished\":\"2025-12-17T16:36:41+00:00\",\"dateModified\":\"2026-02-04T09:09:46+00:00\",\"breadcrumb\":{\"@id\":\"https:\/\/www.hcrma.net\/es\/declaracion-de-politica-de-no-discriminacion\/#breadcrumb\"},\"inLanguage\":\"es-ES\",\"potentialAction\":[{\"@type\":\"ReadAction\",\"target\":[\"https:\/\/www.hcrma.net\/es\/declaracion-de-politica-de-no-discriminacion\/\"]}]},{\"@type\":\"BreadcrumbList\",\"@id\":\"https:\/\/www.hcrma.net\/es\/declaracion-de-politica-de-no-discriminacion\/#breadcrumb\",\"itemListElement\":[{\"@type\":\"ListItem\",\"position\":1,\"name\":\"Home\",\"item\":\"https:\/\/www.hcrma.net\/es\/inicio\/\"},{\"@type\":\"ListItem\",\"position\":2,\"name\":\"Declaraci\u00f3n de pol\u00edtica de no discriminaci\u00f3n\"}]},{\"@type\":\"WebSite\",\"@id\":\"https:\/\/www.hcrma.net\/#website\",\"url\":\"https:\/\/www.hcrma.net\/\",\"name\":\"Hidalgo County Regional Mobility Authority\",\"description\":\"\",\"potentialAction\":[{\"@type\":\"SearchAction\",\"target\":{\"@type\":\"EntryPoint\",\"urlTemplate\":\"https:\/\/www.hcrma.net\/?s={search_term_string}\"},\"query-input\":{\"@type\":\"PropertyValueSpecification\",\"valueRequired\":true,\"valueName\":\"search_term_string\"}}],\"inLanguage\":\"es-ES\"}]}<\/script>\n<!-- \/ Yoast SEO plugin. -->","yoast_head_json":{"title":"Declaraci\u00f3n de pol\u00edtica de no discriminaci\u00f3n - Hidalgo County Regional Mobility Authority","robots":{"index":"index","follow":"follow","max-snippet":"max-snippet:-1","max-image-preview":"max-image-preview:large","max-video-preview":"max-video-preview:-1"},"canonical":"https:\/\/www.hcrma.net\/es\/declaracion-de-politica-de-no-discriminacion\/","og_locale":"es_ES","og_type":"article","og_title":"Declaraci\u00f3n de pol\u00edtica de no discriminaci\u00f3n - Hidalgo County Regional Mobility Authority","og_description":"[vc_section css=&#8221;.vc_custom_1761146669322{background-image: url(https:\/\/www.hcrma.net\/wp-content\/uploads\/2025\/09\/login-section_0-bg-img.png?id=289) !important;}&#8221; el_id=&#8221;section-hero&#8221;][vc_row content_placement=&#8221;middle&#8221; el_class=&#8221;row no-padding-vc&#8221;][vc_column el_class=&#8221;columns large-12&#8243;][vc_empty_space height=&#8221;30px&#8221; el_class=&#8221;hide-for-large&#8221;][vc_empty_space height=&#8221;60px&#8221; el_class=&#8221;show-for-large&#8221;][vc_column_text css=&#8221;&#8221;] Declaraci\u00f3n de pol\u00edtica de no discriminaci\u00f3n [\/vc_column_text][vc_empty_space height=&#8221;60px&#8221; el_class=&#8221;show-for-large&#8221;][vc_empty_space height=&#8221;30px&#8221; el_class=&#8221;hide-for-large&#8221;][\/vc_column][\/vc_row][\/vc_section][vc_section el_id=&#8221;procurement-section_1&#8243;][vc_row][vc_column][vc_empty_space height=&#8221;60px&#8221; el_class=&#8221;show-for-large&#8221;][vc_empty_space height=&#8221;30px&#8221; el_class=&#8221;hide-for-large&#8221;][vc_row_inner el_class=&#8221;row no-padding-vc align-center&#8221;][vc_column_inner][vc_column_text css=&#8221;&#8221; el_class=&#8221;large-text-left text-center&#8221;] La Autoridad Regional de Movilidad del Condado de Hidalgo (HCRMA) no discrimina a ninguna persona discapacitada cualificada \u00fanicamente... Read more &raquo;","og_url":"https:\/\/www.hcrma.net\/es\/declaracion-de-politica-de-no-discriminacion\/","og_site_name":"Hidalgo County Regional Mobility Authority","article_modified_time":"2026-02-04T09:09:46+00:00","twitter_card":"summary_large_image","twitter_misc":{"Est. reading time":"1 minute"},"schema":{"@context":"https:\/\/schema.org","@graph":[{"@type":"WebPage","@id":"https:\/\/www.hcrma.net\/es\/declaracion-de-politica-de-no-discriminacion\/","url":"https:\/\/www.hcrma.net\/es\/declaracion-de-politica-de-no-discriminacion\/","name":"Declaraci\u00f3n de pol\u00edtica de no discriminaci\u00f3n - Hidalgo County Regional Mobility Authority","isPartOf":{"@id":"https:\/\/www.hcrma.net\/#website"},"datePublished":"2025-12-17T16:36:41+00:00","dateModified":"2026-02-04T09:09:46+00:00","breadcrumb":{"@id":"https:\/\/www.hcrma.net\/es\/declaracion-de-politica-de-no-discriminacion\/#breadcrumb"},"inLanguage":"es-ES","potentialAction":[{"@type":"ReadAction","target":["https:\/\/www.hcrma.net\/es\/declaracion-de-politica-de-no-discriminacion\/"]}]},{"@type":"BreadcrumbList","@id":"https:\/\/www.hcrma.net\/es\/declaracion-de-politica-de-no-discriminacion\/#breadcrumb","itemListElement":[{"@type":"ListItem","position":1,"name":"Home","item":"https:\/\/www.hcrma.net\/es\/inicio\/"},{"@type":"ListItem","position":2,"name":"Declaraci\u00f3n de pol\u00edtica de no discriminaci\u00f3n"}]},{"@type":"WebSite","@id":"https:\/\/www.hcrma.net\/#website","url":"https:\/\/www.hcrma.net\/","name":"Hidalgo County Regional Mobility Authority","description":"","potentialAction":[{"@type":"SearchAction","target":{"@type":"EntryPoint","urlTemplate":"https:\/\/www.hcrma.net\/?s={search_term_string}"},"query-input":{"@type":"PropertyValueSpecification","valueRequired":true,"valueName":"search_term_string"}}],"inLanguage":"es-ES"}]}},"_links":{"self":[{"href":"https:\/\/www.hcrma.net\/es\/wp-json\/wp\/v2\/pages\/4005","targetHints":{"allow":["GET"]}}],"collection":[{"href":"https:\/\/www.hcrma.net\/es\/wp-json\/wp\/v2\/pages"}],"about":[{"href":"https:\/\/www.hcrma.net\/es\/wp-json\/wp\/v2\/types\/page"}],"author":[{"embeddable":true,"href":"https:\/\/www.hcrma.net\/es\/wp-json\/wp\/v2\/users\/1"}],"replies":[{"embeddable":true,"href":"https:\/\/www.hcrma.net\/es\/wp-json\/wp\/v2\/comments?post=4005"}],"version-history":[{"count":1,"href":"https:\/\/www.hcrma.net\/es\/wp-json\/wp\/v2\/pages\/4005\/revisions"}],"predecessor-version":[{"id":4009,"href":"https:\/\/www.hcrma.net\/es\/wp-json\/wp\/v2\/pages\/4005\/revisions\/4009"}],"wp:attachment":[{"href":"https:\/\/www.hcrma.net\/es\/wp-json\/wp\/v2\/media?parent=4005"}],"curies":[{"name":"wp","href":"https:\/\/api.w.org\/{rel}","templated":true}]}}